{"id":938,"date":"2020-10-11T08:29:44","date_gmt":"2020-10-11T08:29:44","guid":{"rendered":"http:\/\/gemeinden.huegelland-taeler.de\/?page_id=938"},"modified":"2025-12-12T16:31:11","modified_gmt":"2025-12-12T16:31:11","slug":"satzungen-kleinbockedra","status":"publish","type":"page","link":"https:\/\/gemeinden.huegelland-taeler.de\/?page_id=938","title":{"rendered":"Satzungen Kleinbockedra"},"content":{"rendered":"\n<p>Hauptsatzung der Gemeinde Kleinbockedra<\/p>\n\n\n\n<div class=\"wp-block-file\"><a id=\"wp-block-file--media-9a14fe1e-0c67-4750-a751-db28aa60fac1\" href=\"https:\/\/gemeinden.huegelland-taeler.de\/wp-content\/uploads\/2025\/12\/Hauptsatzun_Kleinbockedra_mit_3._Aenderung.pdf\">Hauptsatzun_Kleinbockedra_mit_3._Aenderung<\/a><a href=\"https:\/\/gemeinden.huegelland-taeler.de\/wp-content\/uploads\/2025\/12\/Hauptsatzun_Kleinbockedra_mit_3._Aenderung.pdf\" class=\"wp-block-file__button wp-element-button\" download aria-describedby=\"wp-block-file--media-9a14fe1e-0c67-4750-a751-db28aa60fac1\">Herunterladen<\/a><\/div>\n\n\n\n<p>Hebesatzsatzung der Gemeinde Kleinbockedra<\/p>\n\n\n\n<div class=\"wp-block-file\"><a id=\"wp-block-file--media-7b00b2c5-1878-4e72-ada4-86cba1610475\" href=\"https:\/\/gemeinden.huegelland-taeler.de\/wp-content\/uploads\/2025\/06\/Hebesatzsatzung-der-Gemeinde-Kleinbockedra.pdf\">Hebesatzsatzung-der-Gemeinde-Kleinbockedra<\/a><a href=\"https:\/\/gemeinden.huegelland-taeler.de\/wp-content\/uploads\/2025\/06\/Hebesatzsatzung-der-Gemeinde-Kleinbockedra.pdf\" class=\"wp-block-file__button wp-element-button\" download aria-describedby=\"wp-block-file--media-7b00b2c5-1878-4e72-ada4-86cba1610475\">Herunterladen<\/a><\/div>\n\n\n\n<p>Hundesteuersatzung der Gemeinde Kleinbockedra<\/p>\n\n\n\n<div class=\"wp-block-file\"><a id=\"wp-block-file--media-2b374b31-1358-4c92-a9c1-418858bf0b4e\" href=\"https:\/\/gemeinden.huegelland-taeler.de\/wp-content\/uploads\/2025\/06\/Hundesteuersatzung-der-Gemeinde-Kleinbockedra.pdf\">Hundesteuersatzung-der-Gemeinde-Kleinbockedra<\/a><a href=\"https:\/\/gemeinden.huegelland-taeler.de\/wp-content\/uploads\/2025\/06\/Hundesteuersatzung-der-Gemeinde-Kleinbockedra.pdf\" class=\"wp-block-file__button wp-element-button\" download aria-describedby=\"wp-block-file--media-2b374b31-1358-4c92-a9c1-418858bf0b4e\">Herunterladen<\/a><\/div>\n\n\n\n<p>Friedhofssatzung der Gemeinde Kleinbockedra<\/p>\n\n\n\n<div class=\"wp-block-file\"><a id=\"wp-block-file--media-ea40f6a8-28e8-4536-9512-648ba4f2f55a\" href=\"https:\/\/gemeinden.huegelland-taeler.de\/wp-content\/uploads\/2025\/06\/Friedhofssatzung-der-Gemeinde-Kleinbockedra.pdf\">Friedhofssatzung-der-Gemeinde-Kleinbockedra<\/a><a href=\"https:\/\/gemeinden.huegelland-taeler.de\/wp-content\/uploads\/2025\/06\/Friedhofssatzung-der-Gemeinde-Kleinbockedra.pdf\" class=\"wp-block-file__button wp-element-button\" download aria-describedby=\"wp-block-file--media-ea40f6a8-28e8-4536-9512-648ba4f2f55a\">Herunterladen<\/a><\/div>\n\n\n\n<p>Friedhofsgeb\u00fchrensatzung der Gemeinde Kleinbockedra<\/p>\n\n\n\n<div class=\"wp-block-file\"><a id=\"wp-block-file--media-1209071c-d1f0-4754-80a8-68d9992bff83\" href=\"https:\/\/gemeinden.huegelland-taeler.de\/wp-content\/uploads\/2025\/06\/Friedhofsgebuehrensatzung-der-Gemeinde-Kleinbockedra.pdf\">Friedhofsgebuehrensatzung-der-Gemeinde-Kleinbockedra<\/a><a href=\"https:\/\/gemeinden.huegelland-taeler.de\/wp-content\/uploads\/2025\/06\/Friedhofsgebuehrensatzung-der-Gemeinde-Kleinbockedra.pdf\" class=\"wp-block-file__button wp-element-button\" download aria-describedby=\"wp-block-file--media-1209071c-d1f0-4754-80a8-68d9992bff83\">Herunterladen<\/a><\/div>\n\n\n\n<p>Nutzungsordnung f\u00fcr das Kulturhaus in Kleinbockedra<\/p>\n\n\n\n<div class=\"wp-block-file\"><a id=\"wp-block-file--media-3103503e-91a3-427b-a022-f3fe053d2e14\" href=\"https:\/\/gemeinden.huegelland-taeler.de\/wp-content\/uploads\/2025\/06\/Nutzungsordnung-fuer-das-Kulturhaus-in-Kleinbockedra.pdf\">Nutzungsordnung-fuer-das-Kulturhaus-in-Kleinbockedra<\/a><a href=\"https:\/\/gemeinden.huegelland-taeler.de\/wp-content\/uploads\/2025\/06\/Nutzungsordnung-fuer-das-Kulturhaus-in-Kleinbockedra.pdf\" class=\"wp-block-file__button wp-element-button\" download aria-describedby=\"wp-block-file--media-3103503e-91a3-427b-a022-f3fe053d2e14\">Herunterladen<\/a><\/div>\n\n\n\n<p>Verwaltungskostensatzung der Gemeinde Kleinbockedra<\/p>\n\n\n\n<div class=\"wp-block-file\"><a id=\"wp-block-file--media-27e4cb12-2dd3-4fda-8f19-26cec975afe7\" href=\"https:\/\/gemeinden.huegelland-taeler.de\/wp-content\/uploads\/2025\/06\/Verwaltungskostensatzung-der-Gemeinde-Kleinbockedra.pdf\">Verwaltungskostensatzung-der-Gemeinde-Kleinbockedra<\/a><a href=\"https:\/\/gemeinden.huegelland-taeler.de\/wp-content\/uploads\/2025\/06\/Verwaltungskostensatzung-der-Gemeinde-Kleinbockedra.pdf\" class=\"wp-block-file__button wp-element-button\" download aria-describedby=\"wp-block-file--media-27e4cb12-2dd3-4fda-8f19-26cec975afe7\">Herunterladen<\/a><\/div>\n\n\n\n<p>Stra\u00dfenreinigungssatzung der Gemeinde Kleinbockedra &nbsp;&nbsp;<\/p>\n\n\n\n<div class=\"wp-block-file\"><a id=\"wp-block-file--media-188ded28-37c4-4554-99bb-25a0f3842b61\" href=\"https:\/\/gemeinden.huegelland-taeler.de\/wp-content\/uploads\/2025\/06\/Strassenreinigungssatzung-der-Gemeinde-Kleinbockedra.pdf\">Strassenreinigungssatzung-der-Gemeinde-Kleinbockedra<\/a><a href=\"https:\/\/gemeinden.huegelland-taeler.de\/wp-content\/uploads\/2025\/06\/Strassenreinigungssatzung-der-Gemeinde-Kleinbockedra.pdf\" class=\"wp-block-file__button wp-element-button\" download aria-describedby=\"wp-block-file--media-188ded28-37c4-4554-99bb-25a0f3842b61\">Herunterladen<\/a><\/div>\n","protected":false},"excerpt":{"rendered":"<p>Hauptsatzung der Gemeinde Kleinbockedra Hebesatzsatzung der Gemeinde Kleinbockedra Hundesteuersatzung der Gemeinde Kleinbockedra Friedhofssatzung der Gemeinde Kleinbockedra Friedhofsgeb\u00fchrensatzung der Gemeinde Kleinbockedra Nutzungsordnung f\u00fcr das Kulturhaus in Kleinbockedra Verwaltungskostensatzung der Gemeinde Kleinbockedra Stra\u00dfenreinigungssatzung der Gemeinde Kleinbockedra &nbsp;&nbsp;<\/p>\n","protected":false},"author":1,"featured_media":0,"parent":705,"menu_order":0,"comment_status":"closed","ping_status":"closed","template":"","meta":[],"_links":{"self":[{"href":"https:\/\/gemeinden.huegelland-taeler.de\/index.php?rest_route=\/wp\/v2\/pages\/938"}],"collection":[{"href":"https:\/\/gemeinden.huegelland-taeler.de\/index.php?rest_route=\/wp\/v2\/pages"}],"about":[{"href":"https:\/\/gemeinden.huegelland-taeler.de\/index.php?rest_route=\/wp\/v2\/types\/page"}],"author":[{"embeddable":true,"href":"https:\/\/gemeinden.huegelland-taeler.de\/index.php?rest_route=\/wp\/v2\/users\/1"}],"replies":[{"embeddable":true,"href":"https:\/\/gemeinden.huegelland-taeler.de\/index.php?rest_route=%2Fwp%2Fv2%2Fcomments&post=938"}],"version-history":[{"count":6,"href":"https:\/\/gemeinden.huegelland-taeler.de\/index.php?rest_route=\/wp\/v2\/pages\/938\/revisions"}],"predecessor-version":[{"id":2135,"href":"https:\/\/gemeinden.huegelland-taeler.de\/index.php?rest_route=\/wp\/v2\/pages\/938\/revisions\/2135"}],"up":[{"embeddable":true,"href":"https:\/\/gemeinden.huegelland-taeler.de\/index.php?rest_route=\/wp\/v2\/pages\/705"}],"wp:attachment":[{"href":"https:\/\/gemeinden.huegelland-taeler.de\/index.php?rest_route=%2Fwp%2Fv2%2Fmedia&parent=938"}],"curies":[{"name":"wp","href":"https:\/\/api.w.org\/{rel}","templated":true}]}}