{"id":917,"date":"2020-10-11T08:19:28","date_gmt":"2020-10-11T08:19:28","guid":{"rendered":"http:\/\/gemeinden.huegelland-taeler.de\/?page_id=917"},"modified":"2025-06-11T13:33:08","modified_gmt":"2025-06-11T13:33:08","slug":"satzungen-grossbockedra","status":"publish","type":"page","link":"https:\/\/gemeinden.huegelland-taeler.de\/?page_id=917","title":{"rendered":"Satzungen Gro\u00dfbockedra"},"content":{"rendered":"\n<p>Hauptsatzung der Gemeinde Gro\u00dfbockedra<\/p>\n\n\n\n<div class=\"wp-block-file\"><a id=\"wp-block-file--media-b0a13da3-da57-4834-8532-f8913cf46d3a\" href=\"https:\/\/gemeinden.huegelland-taeler.de\/wp-content\/uploads\/2025\/06\/Hauptsatzung-der-Gemeinde-Grossbockedra.pdf\">Hauptsatzung-der-Gemeinde-Grossbockedra<\/a><a href=\"https:\/\/gemeinden.huegelland-taeler.de\/wp-content\/uploads\/2025\/06\/Hauptsatzung-der-Gemeinde-Grossbockedra.pdf\" class=\"wp-block-file__button wp-element-button\" download aria-describedby=\"wp-block-file--media-b0a13da3-da57-4834-8532-f8913cf46d3a\">Herunterladen<\/a><\/div>\n\n\n\n<p>Hebesatzsatzung der Gemeinde Gro\u00dfbockedra<\/p>\n\n\n\n<div class=\"wp-block-file\"><a id=\"wp-block-file--media-72ffde59-09d5-4273-8322-22d0fbcaad48\" href=\"https:\/\/gemeinden.huegelland-taeler.de\/wp-content\/uploads\/2025\/06\/Hebesatzsatzung-der-Gemeinde-Grossbockedra.pdf\">Hebesatzsatzung-der-Gemeinde-Grossbockedra<\/a><a href=\"https:\/\/gemeinden.huegelland-taeler.de\/wp-content\/uploads\/2025\/06\/Hebesatzsatzung-der-Gemeinde-Grossbockedra.pdf\" class=\"wp-block-file__button wp-element-button\" download aria-describedby=\"wp-block-file--media-72ffde59-09d5-4273-8322-22d0fbcaad48\">Herunterladen<\/a><\/div>\n\n\n\n<p>Hundesteuersatzung der Gemeinde Gro\u00dfbockedra<\/p>\n\n\n\n<div class=\"wp-block-file\"><a id=\"wp-block-file--media-374f35dd-bf5a-4ad6-9572-497ba762856c\" href=\"https:\/\/gemeinden.huegelland-taeler.de\/wp-content\/uploads\/2025\/06\/Hundesteuersatzung-der-Gemeinde-Grossbockedra.pdf\">Hundesteuersatzung-der-Gemeinde-Grossbockedra<\/a><a href=\"https:\/\/gemeinden.huegelland-taeler.de\/wp-content\/uploads\/2025\/06\/Hundesteuersatzung-der-Gemeinde-Grossbockedra.pdf\" class=\"wp-block-file__button wp-element-button\" download aria-describedby=\"wp-block-file--media-374f35dd-bf5a-4ad6-9572-497ba762856c\">Herunterladen<\/a><\/div>\n\n\n\n<p>Friedhofssatzung der Gemeinde Gro\u00dfbockedra<\/p>\n\n\n\n<div class=\"wp-block-file\"><a id=\"wp-block-file--media-2ca09031-bd91-456d-934d-d825ce620c90\" href=\"https:\/\/gemeinden.huegelland-taeler.de\/wp-content\/uploads\/2025\/06\/Friedhofssatzung-der-Gemeinde-Grobockedra.pdf\">Friedhofssatzung-der-Gemeinde-Grobockedra<\/a><a href=\"https:\/\/gemeinden.huegelland-taeler.de\/wp-content\/uploads\/2025\/06\/Friedhofssatzung-der-Gemeinde-Grobockedra.pdf\" class=\"wp-block-file__button wp-element-button\" download aria-describedby=\"wp-block-file--media-2ca09031-bd91-456d-934d-d825ce620c90\">Herunterladen<\/a><\/div>\n\n\n\n<p>Friedhofsgeb\u00fchrensatzung der Gemeinde Gro\u00dfbockedra<\/p>\n\n\n\n<div class=\"wp-block-file\"><a id=\"wp-block-file--media-1cdcf9ce-f651-4562-94cf-bcf3b271f3e5\" href=\"https:\/\/gemeinden.huegelland-taeler.de\/wp-content\/uploads\/2025\/06\/Friedhofsgebuehrensatzung-der-Gemeinde-Grossbockedra.pdf\">Friedhofsgebuehrensatzung-der-Gemeinde-Grossbockedra<\/a><a href=\"https:\/\/gemeinden.huegelland-taeler.de\/wp-content\/uploads\/2025\/06\/Friedhofsgebuehrensatzung-der-Gemeinde-Grossbockedra.pdf\" class=\"wp-block-file__button wp-element-button\" download aria-describedby=\"wp-block-file--media-1cdcf9ce-f651-4562-94cf-bcf3b271f3e5\">Herunterladen<\/a><\/div>\n\n\n\n<p>Nutzungsordnung f\u00fcr den Gemeinderaum und die Kulturscheune in Gro\u00dfbockedra<\/p>\n\n\n\n<div class=\"wp-block-file\"><a id=\"wp-block-file--media-480a7d62-65e0-4aab-925f-30fa2efdbabf\" href=\"https:\/\/gemeinden.huegelland-taeler.de\/wp-content\/uploads\/2025\/06\/Nutzungsordnung-fuer-den-Gemeinderaum-und-die-Kulturscheune-in-Grossbockedra.pdf\">Nutzungsordnung-fuer-den-Gemeinderaum-und-die-Kulturscheune-in-Grossbockedra<\/a><a href=\"https:\/\/gemeinden.huegelland-taeler.de\/wp-content\/uploads\/2025\/06\/Nutzungsordnung-fuer-den-Gemeinderaum-und-die-Kulturscheune-in-Grossbockedra.pdf\" class=\"wp-block-file__button wp-element-button\" download aria-describedby=\"wp-block-file--media-480a7d62-65e0-4aab-925f-30fa2efdbabf\">Herunterladen<\/a><\/div>\n\n\n\n<p>Verwaltungskostensatzung der Gemeinde Gro\u00dfbockedra<\/p>\n\n\n\n<div class=\"wp-block-file\"><a id=\"wp-block-file--media-233389fe-dd62-4524-b9ce-823dc393c1fc\" href=\"https:\/\/gemeinden.huegelland-taeler.de\/wp-content\/uploads\/2025\/06\/Verwaltungskostensatzung-der-Gemeinde-Grossbockedra.pdf\">Verwaltungskostensatzung-der-Gemeinde-Grossbockedra<\/a><a href=\"https:\/\/gemeinden.huegelland-taeler.de\/wp-content\/uploads\/2025\/06\/Verwaltungskostensatzung-der-Gemeinde-Grossbockedra.pdf\" class=\"wp-block-file__button wp-element-button\" download aria-describedby=\"wp-block-file--media-233389fe-dd62-4524-b9ce-823dc393c1fc\">Herunterladen<\/a><\/div>\n","protected":false},"excerpt":{"rendered":"<p>Hauptsatzung der Gemeinde Gro\u00dfbockedra Hebesatzsatzung der Gemeinde Gro\u00dfbockedra Hundesteuersatzung der Gemeinde Gro\u00dfbockedra Friedhofssatzung der Gemeinde Gro\u00dfbockedra Friedhofsgeb\u00fchrensatzung der Gemeinde Gro\u00dfbockedra Nutzungsordnung f\u00fcr den Gemeinderaum und die Kulturscheune in Gro\u00dfbockedra Verwaltungskostensatzung der Gemeinde Gro\u00dfbockedra<\/p>\n","protected":false},"author":1,"featured_media":0,"parent":71,"menu_order":0,"comment_status":"closed","ping_status":"closed","template":"","meta":[],"_links":{"self":[{"href":"https:\/\/gemeinden.huegelland-taeler.de\/index.php?rest_route=\/wp\/v2\/pages\/917"}],"collection":[{"href":"https:\/\/gemeinden.huegelland-taeler.de\/index.php?rest_route=\/wp\/v2\/pages"}],"about":[{"href":"https:\/\/gemeinden.huegelland-taeler.de\/index.php?rest_route=\/wp\/v2\/types\/page"}],"author":[{"embeddable":true,"href":"https:\/\/gemeinden.huegelland-taeler.de\/index.php?rest_route=\/wp\/v2\/users\/1"}],"replies":[{"embeddable":true,"href":"https:\/\/gemeinden.huegelland-taeler.de\/index.php?rest_route=%2Fwp%2Fv2%2Fcomments&post=917"}],"version-history":[{"count":11,"href":"https:\/\/gemeinden.huegelland-taeler.de\/index.php?rest_route=\/wp\/v2\/pages\/917\/revisions"}],"predecessor-version":[{"id":1923,"href":"https:\/\/gemeinden.huegelland-taeler.de\/index.php?rest_route=\/wp\/v2\/pages\/917\/revisions\/1923"}],"up":[{"embeddable":true,"href":"https:\/\/gemeinden.huegelland-taeler.de\/index.php?rest_route=\/wp\/v2\/pages\/71"}],"wp:attachment":[{"href":"https:\/\/gemeinden.huegelland-taeler.de\/index.php?rest_route=%2Fwp%2Fv2%2Fmedia&parent=917"}],"curies":[{"name":"wp","href":"https:\/\/api.w.org\/{rel}","templated":true}]}}