{"id":908,"date":"2020-10-11T08:10:33","date_gmt":"2020-10-11T08:10:33","guid":{"rendered":"http:\/\/gemeinden.huegelland-taeler.de\/?page_id=908"},"modified":"2026-01-06T17:14:25","modified_gmt":"2026-01-06T17:14:25","slug":"satzungen-gneus","status":"publish","type":"page","link":"https:\/\/gemeinden.huegelland-taeler.de\/?page_id=908","title":{"rendered":"Satzungen Gneus"},"content":{"rendered":"\n<p>Hauptsatzung der Gemeinde Gneus<\/p>\n\n\n\n<div class=\"wp-block-file\"><a id=\"wp-block-file--media-8617b332-ad24-4842-914d-e8bf33e5c667\" href=\"https:\/\/gemeinden.huegelland-taeler.de\/wp-content\/uploads\/2026\/01\/Hauptsatzung-mit-1.-Aenderung-Gemeinde-Gneus.pdf\">Hauptsatzung-mit-1.-Aenderung-Gemeinde-Gneus<\/a><a href=\"https:\/\/gemeinden.huegelland-taeler.de\/wp-content\/uploads\/2026\/01\/Hauptsatzung-mit-1.-Aenderung-Gemeinde-Gneus.pdf\" class=\"wp-block-file__button wp-element-button\" download aria-describedby=\"wp-block-file--media-8617b332-ad24-4842-914d-e8bf33e5c667\"><\/a><\/div>\n\n\n\n<p>Hebesatzsatzung der Gemeinde Gneus<\/p>\n\n\n\n<div class=\"wp-block-file\"><a id=\"wp-block-file--media-37308ce3-b4bf-477e-887d-395ce690d3a7\" href=\"https:\/\/gemeinden.huegelland-taeler.de\/wp-content\/uploads\/2025\/06\/Hebesatzsatzung-der-Gemeinde-Gneus.pdf\">Hebesatzsatzung-der-Gemeinde-Gneus<\/a><a href=\"https:\/\/gemeinden.huegelland-taeler.de\/wp-content\/uploads\/2025\/06\/Hebesatzsatzung-der-Gemeinde-Gneus.pdf\" class=\"wp-block-file__button wp-element-button\" download aria-describedby=\"wp-block-file--media-37308ce3-b4bf-477e-887d-395ce690d3a7\">Herunterladen<\/a><\/div>\n\n\n\n<p>Hundesteuersatzung der Gemeinde Gneus<\/p>\n\n\n\n<div class=\"wp-block-file\"><a id=\"wp-block-file--media-ed8fe2e0-da11-40a1-a74a-71908e6f08e5\" href=\"https:\/\/gemeinden.huegelland-taeler.de\/wp-content\/uploads\/2025\/06\/Hundesteuersatzung-der-Gemeinde-Gneus.pdf\">Hundesteuersatzung-der-Gemeinde-Gneus<\/a><a href=\"https:\/\/gemeinden.huegelland-taeler.de\/wp-content\/uploads\/2025\/06\/Hundesteuersatzung-der-Gemeinde-Gneus.pdf\" class=\"wp-block-file__button wp-element-button\" download aria-describedby=\"wp-block-file--media-ed8fe2e0-da11-40a1-a74a-71908e6f08e5\">Herunterladen<\/a><\/div>\n\n\n\n<p>Feuerwehrsatzung der Gemeinde Gneus<\/p>\n\n\n\n<div class=\"wp-block-file\"><a id=\"wp-block-file--media-61963437-9cef-4e4c-8411-098439efd943\" href=\"https:\/\/gemeinden.huegelland-taeler.de\/wp-content\/uploads\/2025\/06\/Feuerwehrsatzung-der-Gemeinde-Gneus.pdf\">Feuerwehrsatzung-der-Gemeinde-Gneus<\/a><a href=\"https:\/\/gemeinden.huegelland-taeler.de\/wp-content\/uploads\/2025\/06\/Feuerwehrsatzung-der-Gemeinde-Gneus.pdf\" class=\"wp-block-file__button wp-element-button\" download aria-describedby=\"wp-block-file--media-61963437-9cef-4e4c-8411-098439efd943\">Herunterladen<\/a><\/div>\n\n\n\n<p>Feuerwehrgeb\u00fchrensatzung der Gemeinde Gneus<\/p>\n\n\n\n<div class=\"wp-block-file\"><a id=\"wp-block-file--media-8e9ad555-29f9-4556-a759-3a5b3d07c760\" href=\"https:\/\/gemeinden.huegelland-taeler.de\/wp-content\/uploads\/2025\/06\/Feuerwehrgebuehrensatzung-der-Gemeinde-Gneus.pdf\">Feuerwehrgebuehrensatzung-der-Gemeinde-Gneus<\/a><a href=\"https:\/\/gemeinden.huegelland-taeler.de\/wp-content\/uploads\/2025\/06\/Feuerwehrgebuehrensatzung-der-Gemeinde-Gneus.pdf\" class=\"wp-block-file__button wp-element-button\" download aria-describedby=\"wp-block-file--media-8e9ad555-29f9-4556-a759-3a5b3d07c760\">Herunterladen<\/a><\/div>\n\n\n\n<p>Feuerwehraufwandsentsch\u00e4digungssatzung der Gemeinde Gneus<\/p>\n\n\n\n<div class=\"wp-block-file\"><a id=\"wp-block-file--media-e3e13daf-06c7-42e1-90b4-1a4e8a110279\" href=\"https:\/\/gemeinden.huegelland-taeler.de\/wp-content\/uploads\/2025\/06\/Feuerwehraufwandsentschaedigungssatzung-der-Gemeinde-Gneus.pdf\">Feuerwehraufwandsentschaedigungssatzung-der-Gemeinde-Gneus<\/a><a href=\"https:\/\/gemeinden.huegelland-taeler.de\/wp-content\/uploads\/2025\/06\/Feuerwehraufwandsentschaedigungssatzung-der-Gemeinde-Gneus.pdf\" class=\"wp-block-file__button wp-element-button\" download aria-describedby=\"wp-block-file--media-e3e13daf-06c7-42e1-90b4-1a4e8a110279\">Herunterladen<\/a><\/div>\n\n\n\n<p>Nutzungsordnung f\u00fcr B\u00fcrgerhaus und Bauernstube Gneus<\/p>\n\n\n\n<div class=\"wp-block-file\"><a id=\"wp-block-file--media-9e82f178-81d2-4b42-a41b-ee3ed00d1597\" href=\"https:\/\/gemeinden.huegelland-taeler.de\/wp-content\/uploads\/2025\/06\/Nutzungsordnung-fuer-Buergerhaus-und-Bauernstube-Gneus.pdf\">Nutzungsordnung-fuer-Buergerhaus-und-Bauernstube-Gneus<\/a><a href=\"https:\/\/gemeinden.huegelland-taeler.de\/wp-content\/uploads\/2025\/06\/Nutzungsordnung-fuer-Buergerhaus-und-Bauernstube-Gneus.pdf\" class=\"wp-block-file__button wp-element-button\" download aria-describedby=\"wp-block-file--media-9e82f178-81d2-4b42-a41b-ee3ed00d1597\">Herunterladen<\/a><\/div>\n\n\n\n<p>Verwaltungskostensatzung der Gemeinde Gneus<\/p>\n\n\n\n<div class=\"wp-block-file\"><a id=\"wp-block-file--media-ce40e03d-8d03-4119-88d8-e78b28bbd528\" href=\"https:\/\/gemeinden.huegelland-taeler.de\/wp-content\/uploads\/2025\/06\/Verwaltungskostensatzung-der-Gemeinde-Gneus.pdf\">Verwaltungskostensatzung-der-Gemeinde-Gneus<\/a><a href=\"https:\/\/gemeinden.huegelland-taeler.de\/wp-content\/uploads\/2025\/06\/Verwaltungskostensatzung-der-Gemeinde-Gneus.pdf\" class=\"wp-block-file__button wp-element-button\" download aria-describedby=\"wp-block-file--media-ce40e03d-8d03-4119-88d8-e78b28bbd528\">Herunterladen<\/a><\/div>\n","protected":false},"excerpt":{"rendered":"<p>Hauptsatzung der Gemeinde Gneus Hebesatzsatzung der Gemeinde Gneus Hundesteuersatzung der Gemeinde Gneus Feuerwehrsatzung der Gemeinde Gneus Feuerwehrgeb\u00fchrensatzung der Gemeinde Gneus Feuerwehraufwandsentsch\u00e4digungssatzung der Gemeinde Gneus Nutzungsordnung f\u00fcr B\u00fcrgerhaus und Bauernstube Gneus Verwaltungskostensatzung der Gemeinde Gneus<\/p>\n","protected":false},"author":1,"featured_media":0,"parent":442,"menu_order":0,"comment_status":"closed","ping_status":"closed","template":"","meta":[],"_links":{"self":[{"href":"https:\/\/gemeinden.huegelland-taeler.de\/index.php?rest_route=\/wp\/v2\/pages\/908"}],"collection":[{"href":"https:\/\/gemeinden.huegelland-taeler.de\/index.php?rest_route=\/wp\/v2\/pages"}],"about":[{"href":"https:\/\/gemeinden.huegelland-taeler.de\/index.php?rest_route=\/wp\/v2\/types\/page"}],"author":[{"embeddable":true,"href":"https:\/\/gemeinden.huegelland-taeler.de\/index.php?rest_route=\/wp\/v2\/users\/1"}],"replies":[{"embeddable":true,"href":"https:\/\/gemeinden.huegelland-taeler.de\/index.php?rest_route=%2Fwp%2Fv2%2Fcomments&post=908"}],"version-history":[{"count":9,"href":"https:\/\/gemeinden.huegelland-taeler.de\/index.php?rest_route=\/wp\/v2\/pages\/908\/revisions"}],"predecessor-version":[{"id":2142,"href":"https:\/\/gemeinden.huegelland-taeler.de\/index.php?rest_route=\/wp\/v2\/pages\/908\/revisions\/2142"}],"up":[{"embeddable":true,"href":"https:\/\/gemeinden.huegelland-taeler.de\/index.php?rest_route=\/wp\/v2\/pages\/442"}],"wp:attachment":[{"href":"https:\/\/gemeinden.huegelland-taeler.de\/index.php?rest_route=%2Fwp%2Fv2%2Fmedia&parent=908"}],"curies":[{"name":"wp","href":"https:\/\/api.w.org\/{rel}","templated":true}]}}