{"id":880,"date":"2020-10-11T07:42:53","date_gmt":"2020-10-11T07:42:53","guid":{"rendered":"http:\/\/gemeinden.huegelland-taeler.de\/?page_id=880"},"modified":"2025-06-11T17:56:26","modified_gmt":"2025-06-11T17:56:26","slug":"satzungen-eineborn","status":"publish","type":"page","link":"https:\/\/gemeinden.huegelland-taeler.de\/?page_id=880","title":{"rendered":"Satzungen Eineborn"},"content":{"rendered":"\n<p>Hauptsatzung der Gemeinde Eineborn<\/p>\n\n\n\n<div class=\"wp-block-file\"><a id=\"wp-block-file--media-b35763eb-d8d4-48aa-a5d1-4fb93252d029\" href=\"https:\/\/gemeinden.huegelland-taeler.de\/wp-content\/uploads\/2025\/06\/Hauptsatzung-der-Gemeinde-Eineborn.pdf\">Hauptsatzung-der-Gemeinde-Eineborn<\/a><a href=\"https:\/\/gemeinden.huegelland-taeler.de\/wp-content\/uploads\/2025\/06\/Hauptsatzung-der-Gemeinde-Eineborn.pdf\" class=\"wp-block-file__button wp-element-button\" download aria-describedby=\"wp-block-file--media-b35763eb-d8d4-48aa-a5d1-4fb93252d029\">Herunterladen<\/a><\/div>\n\n\n\n<p>Hebesatzsatzung der Gemeinde Eineborn<\/p>\n\n\n\n<div class=\"wp-block-file\"><a id=\"wp-block-file--media-49399dfe-e8ac-47c9-bc8f-12ed91a11b77\" href=\"https:\/\/gemeinden.huegelland-taeler.de\/wp-content\/uploads\/2025\/06\/Hebesatzsatzung-der-Gemeinde-Eineborn.pdf\">Hebesatzsatzung-der-Gemeinde-Eineborn<\/a><a href=\"https:\/\/gemeinden.huegelland-taeler.de\/wp-content\/uploads\/2025\/06\/Hebesatzsatzung-der-Gemeinde-Eineborn.pdf\" class=\"wp-block-file__button wp-element-button\" download aria-describedby=\"wp-block-file--media-49399dfe-e8ac-47c9-bc8f-12ed91a11b77\">Herunterladen<\/a><\/div>\n\n\n\n<p>Hundesteuersatzung der Gemeinde Eineborn<\/p>\n\n\n\n<div class=\"wp-block-file\"><a id=\"wp-block-file--media-cb02d522-fa99-407b-a032-0ece9cc7c23f\" href=\"https:\/\/gemeinden.huegelland-taeler.de\/wp-content\/uploads\/2025\/06\/Hundesteuersatzung-der-Gemeinde-Eineborn.pdf\">Hundesteuersatzung-der-Gemeinde-Eineborn<\/a><a href=\"https:\/\/gemeinden.huegelland-taeler.de\/wp-content\/uploads\/2025\/06\/Hundesteuersatzung-der-Gemeinde-Eineborn.pdf\" class=\"wp-block-file__button wp-element-button\" download aria-describedby=\"wp-block-file--media-cb02d522-fa99-407b-a032-0ece9cc7c23f\">Herunterladen<\/a><\/div>\n\n\n\n<p>Feuerwehrsatzung der Gemeinde Eineborn<\/p>\n\n\n\n<div class=\"wp-block-file\"><a id=\"wp-block-file--media-f9292a36-bbb8-4e7d-88d2-2daf0274844c\" href=\"https:\/\/gemeinden.huegelland-taeler.de\/wp-content\/uploads\/2025\/06\/Feuerwehrsatzung-der-Gemeinde-Eineborn.pdf\">Feuerwehrsatzung-der-Gemeinde-Eineborn<\/a><a href=\"https:\/\/gemeinden.huegelland-taeler.de\/wp-content\/uploads\/2025\/06\/Feuerwehrsatzung-der-Gemeinde-Eineborn.pdf\" class=\"wp-block-file__button wp-element-button\" download aria-describedby=\"wp-block-file--media-f9292a36-bbb8-4e7d-88d2-2daf0274844c\">Herunterladen<\/a><\/div>\n\n\n\n<p>Feuerwehrgeb\u00fchrensatzung der Gemeinde Eineborn<\/p>\n\n\n\n<div class=\"wp-block-file\"><a id=\"wp-block-file--media-9b01b4c0-2cf9-4ff7-9882-42dd56d8fdb7\" href=\"https:\/\/gemeinden.huegelland-taeler.de\/wp-content\/uploads\/2025\/06\/Feuerwehrgebuehrensatzung-der-Gemeinde-Eineborn.pdf\">Feuerwehrgebuehrensatzung-der-Gemeinde-Eineborn<\/a><a href=\"https:\/\/gemeinden.huegelland-taeler.de\/wp-content\/uploads\/2025\/06\/Feuerwehrgebuehrensatzung-der-Gemeinde-Eineborn.pdf\" class=\"wp-block-file__button wp-element-button\" download aria-describedby=\"wp-block-file--media-9b01b4c0-2cf9-4ff7-9882-42dd56d8fdb7\">Herunterladen<\/a><\/div>\n\n\n\n<p>Feuerwehraufwandsentsch\u00e4digungssatzung der Gemeinde Eineborn<\/p>\n\n\n\n<div class=\"wp-block-file\"><a id=\"wp-block-file--media-a41a0ba0-a5b8-4a5c-8b5c-33a9185fb3f6\" href=\"https:\/\/gemeinden.huegelland-taeler.de\/wp-content\/uploads\/2025\/06\/Feuerwehraufwandsentschaedigungssatzung-der-Gemeinde-Eineborn.pdf\">Feuerwehraufwandsentschaedigungssatzung-der-Gemeinde-Eineborn<\/a><a href=\"https:\/\/gemeinden.huegelland-taeler.de\/wp-content\/uploads\/2025\/06\/Feuerwehraufwandsentschaedigungssatzung-der-Gemeinde-Eineborn.pdf\" class=\"wp-block-file__button wp-element-button\" download aria-describedby=\"wp-block-file--media-a41a0ba0-a5b8-4a5c-8b5c-33a9185fb3f6\">Herunterladen<\/a><\/div>\n\n\n\n<p>Friedhofssatzung der Gemeinde Eineborn<\/p>\n\n\n\n<div class=\"wp-block-file\"><a id=\"wp-block-file--media-20cf6e05-bfe2-4c09-b7d3-81c21f0aa3a5\" href=\"https:\/\/gemeinden.huegelland-taeler.de\/wp-content\/uploads\/2025\/06\/Friedhofssatzung-der-Gemeinde-Eineborn.pdf\">Friedhofssatzung-der-Gemeinde-Eineborn<\/a><a href=\"https:\/\/gemeinden.huegelland-taeler.de\/wp-content\/uploads\/2025\/06\/Friedhofssatzung-der-Gemeinde-Eineborn.pdf\" class=\"wp-block-file__button wp-element-button\" download aria-describedby=\"wp-block-file--media-20cf6e05-bfe2-4c09-b7d3-81c21f0aa3a5\">Herunterladen<\/a><\/div>\n\n\n\n<p>Friedhofsgeb\u00fchrensatzung der Gemeinde Eineborn<\/p>\n\n\n\n<div class=\"wp-block-file\"><a id=\"wp-block-file--media-df1cbfbf-8d2e-4b45-ab3c-490714f3864b\" href=\"https:\/\/gemeinden.huegelland-taeler.de\/wp-content\/uploads\/2025\/06\/Friedhofsgebuehrensatzung-der-Gemeinde-Eineborn.pdf\">Friedhofsgebuehrensatzung-der-Gemeinde-Eineborn<\/a><a href=\"https:\/\/gemeinden.huegelland-taeler.de\/wp-content\/uploads\/2025\/06\/Friedhofsgebuehrensatzung-der-Gemeinde-Eineborn.pdf\" class=\"wp-block-file__button wp-element-button\" download aria-describedby=\"wp-block-file--media-df1cbfbf-8d2e-4b45-ab3c-490714f3864b\">Herunterladen<\/a><\/div>\n\n\n\n<p>Nutzungsordnung f\u00fcr die Vereinsr\u00e4ume im Feuerwehrhaus Eineborn &nbsp;<\/p>\n\n\n\n<div class=\"wp-block-file\"><a id=\"wp-block-file--media-522182b5-14ef-42d4-ae39-9e1496850eb8\" href=\"https:\/\/gemeinden.huegelland-taeler.de\/wp-content\/uploads\/2025\/06\/Nutzungsordnung-fuer-die-Vereinsraeume-im-Feuerwehrhaus-Eineborn.pdf\">Nutzungsordnung-fuer-die-Vereinsraeume-im-Feuerwehrhaus-Eineborn<\/a><a href=\"https:\/\/gemeinden.huegelland-taeler.de\/wp-content\/uploads\/2025\/06\/Nutzungsordnung-fuer-die-Vereinsraeume-im-Feuerwehrhaus-Eineborn.pdf\" class=\"wp-block-file__button wp-element-button\" download aria-describedby=\"wp-block-file--media-522182b5-14ef-42d4-ae39-9e1496850eb8\">Herunterladen<\/a><\/div>\n\n\n\n<p>Verwaltungskostensatzung der Gemeinde Eineborn<\/p>\n\n\n\n<div class=\"wp-block-file\"><a id=\"wp-block-file--media-3237f0b8-8592-430e-ae6a-f66d6a46a712\" href=\"https:\/\/gemeinden.huegelland-taeler.de\/wp-content\/uploads\/2025\/06\/Verwaltungskostensatzung-der-Gemeinde-Eineborn.pdf\">Verwaltungskostensatzung-der-Gemeinde-Eineborn<\/a><a href=\"https:\/\/gemeinden.huegelland-taeler.de\/wp-content\/uploads\/2025\/06\/Verwaltungskostensatzung-der-Gemeinde-Eineborn.pdf\" class=\"wp-block-file__button wp-element-button\" download aria-describedby=\"wp-block-file--media-3237f0b8-8592-430e-ae6a-f66d6a46a712\">Herunterladen<\/a><\/div>\n\n\n\n<p>Baumsatzung der Gemeinde Eineborn<\/p>\n\n\n\n<div class=\"wp-block-file\"><a id=\"wp-block-file--media-87006b67-9e28-4f9d-b6ed-dc6f6f753c83\" href=\"https:\/\/gemeinden.huegelland-taeler.de\/wp-content\/uploads\/2025\/06\/Baumsatzung-der-Gemeinde-Eineborn.pdf\">Baumsatzung-der-Gemeinde-Eineborn<\/a><a href=\"https:\/\/gemeinden.huegelland-taeler.de\/wp-content\/uploads\/2025\/06\/Baumsatzung-der-Gemeinde-Eineborn.pdf\" class=\"wp-block-file__button wp-element-button\" download aria-describedby=\"wp-block-file--media-87006b67-9e28-4f9d-b6ed-dc6f6f753c83\">Herunterladen<\/a><\/div>\n\n\n\n<p><a href=\"https:\/\/gemeinden.huegelland-taeler.de\/?page_id=1337\" data-type=\"page\" data-id=\"1337\"><strong>Bebauungsplan Kreuzstra\u00dfe\/KIM<\/strong><\/a><\/p>\n","protected":false},"excerpt":{"rendered":"<p>Hauptsatzung der Gemeinde Eineborn Hebesatzsatzung der Gemeinde Eineborn Hundesteuersatzung der Gemeinde Eineborn Feuerwehrsatzung der Gemeinde Eineborn Feuerwehrgeb\u00fchrensatzung der Gemeinde Eineborn Feuerwehraufwandsentsch\u00e4digungssatzung der Gemeinde Eineborn Friedhofssatzung der Gemeinde Eineborn Friedhofsgeb\u00fchrensatzung der Gemeinde Eineborn Nutzungsordnung f\u00fcr die Vereinsr\u00e4ume im Feuerwehrhaus Eineborn &nbsp; Verwaltungskostensatzung der Gemeinde Eineborn Baumsatzung der Gemeinde Eineborn Bebauungsplan Kreuzstra\u00dfe\/KIM<\/p>\n","protected":false},"author":1,"featured_media":0,"parent":284,"menu_order":0,"comment_status":"closed","ping_status":"closed","template":"","meta":[],"_links":{"self":[{"href":"https:\/\/gemeinden.huegelland-taeler.de\/index.php?rest_route=\/wp\/v2\/pages\/880"}],"collection":[{"href":"https:\/\/gemeinden.huegelland-taeler.de\/index.php?rest_route=\/wp\/v2\/pages"}],"about":[{"href":"https:\/\/gemeinden.huegelland-taeler.de\/index.php?rest_route=\/wp\/v2\/types\/page"}],"author":[{"embeddable":true,"href":"https:\/\/gemeinden.huegelland-taeler.de\/index.php?rest_route=\/wp\/v2\/users\/1"}],"replies":[{"embeddable":true,"href":"https:\/\/gemeinden.huegelland-taeler.de\/index.php?rest_route=%2Fwp%2Fv2%2Fcomments&post=880"}],"version-history":[{"count":11,"href":"https:\/\/gemeinden.huegelland-taeler.de\/index.php?rest_route=\/wp\/v2\/pages\/880\/revisions"}],"predecessor-version":[{"id":1956,"href":"https:\/\/gemeinden.huegelland-taeler.de\/index.php?rest_route=\/wp\/v2\/pages\/880\/revisions\/1956"}],"up":[{"embeddable":true,"href":"https:\/\/gemeinden.huegelland-taeler.de\/index.php?rest_route=\/wp\/v2\/pages\/284"}],"wp:attachment":[{"href":"https:\/\/gemeinden.huegelland-taeler.de\/index.php?rest_route=%2Fwp%2Fv2%2Fmedia&parent=880"}],"curies":[{"name":"wp","href":"https:\/\/api.w.org\/{rel}","templated":true}]}}