{"id":805,"date":"2020-10-02T14:43:03","date_gmt":"2020-10-02T14:43:03","guid":{"rendered":"http:\/\/gemeinden.huegelland-taeler.de\/?page_id=805"},"modified":"2022-07-22T11:35:41","modified_gmt":"2022-07-22T11:35:41","slug":"rattelsdorf","status":"publish","type":"page","link":"https:\/\/gemeinden.huegelland-taeler.de\/?page_id=805","title":{"rendered":"Rattelsdorf"},"content":{"rendered":"\n<figure class=\"wp-block-image size-large\"><img decoding=\"async\" loading=\"lazy\" width=\"200\" height=\"114\" src=\"https:\/\/gemeinden.huegelland-taeler.de\/wp-content\/uploads\/2020\/10\/rattelsdorfKk.gif\" alt=\"\" class=\"wp-image-823\"\/><\/figure>\n\n\n\n<figure class=\"wp-block-table\"><table><tbody><tr><td><strong>Gemeinde Rattelsdorf<\/strong><\/td><td><\/td><\/tr><tr><td>Bundesland:<\/td><td>Th\u00fcringen<\/td><\/tr><tr><td>Landkreis:<\/td><td>Saale-Holzland-Kreis<\/td><\/tr><tr><td>Fl\u00e4che der Gemarkung<\/td><td>365 ha<\/td><\/tr><tr><td>Einwohner<\/td><td>75<\/td><\/tr><tr><td>Adresse der Gemeindeverwaltung:<\/td><td>Dorfstra\u00dfe 22<br>07646 Rattelsdorf<\/td><\/tr><tr><td>Postanschrift<\/td><td>Verwaltungsgemeinschaft \u201cH\u00fcgelland-T\u00e4ler\u201d<br>Gemeinde Rattelsdorf<br>Pfarrwinkel 10<br>07646 Tr\u00f6bnitz<\/td><\/tr><tr><td>Telefon Gemeindeb\u00fcro:<\/td><td>036426 208618<\/td><\/tr><tr><td>Fax:<\/td><td>036428 64848<\/td><\/tr><tr><td>B\u00fcrgermeister:<\/td><td>Hartmut Fuchs<\/td><\/tr><tr><td>Mobiltelefon:<\/td><td>01733709550<\/td><\/tr><tr><td>Sprechzeiten:<\/td><td>nach telefonischer Vereinbarung<\/td><\/tr><tr><td>E-Mail:<\/td><td>bgm-rattelsdorf@t-online.de<\/td><\/tr><\/tbody><\/table><\/figure>\n\n\n\n<div class=\"wp-block-cover alignleft has-background-dim\" style=\"background-image:url(https:\/\/gemeinden.huegelland-taeler.de\/wp-content\/uploads\/2020\/10\/AK-Rattelsdorf2.jpg);min-height:333px\"><div class=\"wp-block-cover__inner-container\">\n<p class=\"has-text-align-center has-white-color has-text-color has-large-font-size\"><a href=\"https:\/\/www.huegelland-taeler.de\/html\/ortsgeschichte_rattelsdorf.html\">Orts-geschichte Rattelsdorf<\/a><\/p>\n<\/div><\/div>\n\n\n\n<div class=\"wp-block-cover alignleft has-background-dim\" style=\"background-image:url(https:\/\/gemeinden.huegelland-taeler.de\/wp-content\/uploads\/2020\/10\/Rattelsdorf2008_6.jpg);min-height:332px\"><div class=\"wp-block-cover__inner-container\">\n<p class=\"has-text-align-center has-white-color has-text-color has-large-font-size\"><a href=\"https:\/\/www.huegelland-taeler.de\/html\/rattelsdorf__2017.html\">In Rattelsdorf nach-geschaut<\/a><\/p>\n<\/div><\/div>\n\n\n\n<div class=\"wp-block-cover alignleft has-background-dim\" style=\"background-image:url(https:\/\/gemeinden.huegelland-taeler.de\/wp-content\/uploads\/2020\/10\/Rattelsdorf2.jpg);min-height:333px\"><div class=\"wp-block-cover__inner-container\">\n<p class=\"has-text-align-center has-white-color has-text-color has-large-font-size\"><a href=\"https:\/\/www.huegelland-taeler.de\/html\/fotogalerie_rattelsdorf.html\">Fotogalerie Rattelsdorf<\/a><\/p>\n<\/div><\/div>\n\n\n\n<figure class=\"wp-block-image\"><img alt=\"\"\/><\/figure>\n","protected":false},"excerpt":{"rendered":"<p>Gemeinde Rattelsdorf Bundesland: Th\u00fcringen Landkreis: Saale-Holzland-Kreis Fl\u00e4che der Gemarkung 365 ha Einwohner 75 Adresse der Gemeindeverwaltung: Dorfstra\u00dfe 2207646 Rattelsdorf Postanschrift Verwaltungsgemeinschaft \u201cH\u00fcgelland-T\u00e4ler\u201dGemeinde RattelsdorfPfarrwinkel 1007646 Tr\u00f6bnitz Telefon Gemeindeb\u00fcro: 036426 208618 Fax: 036428 64848 B\u00fcrgermeister: Hartmut Fuchs Mobiltelefon: 01733709550 Sprechzeiten: nach telefonischer Vereinbarung E-Mail: bgm-rattelsdorf@t-online.de<\/p>\n","protected":false},"author":1,"featured_media":0,"parent":8,"menu_order":0,"comment_status":"closed","ping_status":"closed","template":"templates\/template-no-sidebar.php","meta":[],"_links":{"self":[{"href":"https:\/\/gemeinden.huegelland-taeler.de\/index.php?rest_route=\/wp\/v2\/pages\/805"}],"collection":[{"href":"https:\/\/gemeinden.huegelland-taeler.de\/index.php?rest_route=\/wp\/v2\/pages"}],"about":[{"href":"https:\/\/gemeinden.huegelland-taeler.de\/index.php?rest_route=\/wp\/v2\/types\/page"}],"author":[{"embeddable":true,"href":"https:\/\/gemeinden.huegelland-taeler.de\/index.php?rest_route=\/wp\/v2\/users\/1"}],"replies":[{"embeddable":true,"href":"https:\/\/gemeinden.huegelland-taeler.de\/index.php?rest_route=%2Fwp%2Fv2%2Fcomments&post=805"}],"version-history":[{"count":8,"href":"https:\/\/gemeinden.huegelland-taeler.de\/index.php?rest_route=\/wp\/v2\/pages\/805\/revisions"}],"predecessor-version":[{"id":1386,"href":"https:\/\/gemeinden.huegelland-taeler.de\/index.php?rest_route=\/wp\/v2\/pages\/805\/revisions\/1386"}],"up":[{"embeddable":true,"href":"https:\/\/gemeinden.huegelland-taeler.de\/index.php?rest_route=\/wp\/v2\/pages\/8"}],"wp:attachment":[{"href":"https:\/\/gemeinden.huegelland-taeler.de\/index.php?rest_route=%2Fwp%2Fv2%2Fmedia&parent=805"}],"curies":[{"name":"wp","href":"https:\/\/api.w.org\/{rel}","templated":true}]}}