{"id":78,"date":"2019-07-25T18:20:45","date_gmt":"2019-07-25T18:20:45","guid":{"rendered":"http:\/\/gemeinden.huegelland-taeler.de\/?page_id=78"},"modified":"2023-02-04T18:10:13","modified_gmt":"2023-02-04T18:10:13","slug":"karlsdorf","status":"publish","type":"page","link":"https:\/\/gemeinden.huegelland-taeler.de\/?page_id=78","title":{"rendered":"Karlsdorf"},"content":{"rendered":"\n<figure class=\"wp-block-image size-large\"><img decoding=\"async\" loading=\"lazy\" width=\"200\" height=\"114\" src=\"https:\/\/gemeinden.huegelland-taeler.de\/wp-content\/uploads\/2020\/09\/karlsdorfKk.gif\" alt=\"\" class=\"wp-image-691\"\/><\/figure>\n\n\n\n<figure class=\"wp-block-table\"><table><tbody><tr><td><strong>Gemeinde Karlsdorf<\/strong><\/td><td><\/td><\/tr><tr><td>Bundesland:<\/td><td>Th\u00fcringen<\/td><\/tr><tr><td>Landkreis:<\/td><td>Saale-Holzland-Kreis<\/td><\/tr><tr><td>Fl\u00e4che der Gemarkung<\/td><td>469 ha<\/td><\/tr><tr><td>Einwohner<\/td><td>111<\/td><\/tr><tr><td>Adresse der Gemeindeverwaltung:<\/td><td>Dorfstr. 9<br>07646 Karlsdorf<\/td><\/tr><tr><td>Postanschrift<\/td><td>Verwaltungsgemeinschaft \u201cH\u00fcgelland-T\u00e4ler\u201d<br>Gemeinde Karlsdorf<br>Pfarrwinkel 10<br>07646 Tr\u00f6bnitz<\/td><\/tr><tr><td>Telefon Gemeindeb\u00fcro:<\/td><td>036426 22379<\/td><\/tr><tr><td>Fax:<\/td><td>036428 64848<\/td><\/tr><tr><td>B\u00fcrgermeister:<\/td><td>J\u00fcrgen M\u00fcller (Telefon 036426 50564)<\/td><\/tr><tr><td>Sprechzeit:<\/td><td>nach telefonischer Vereinbarung <\/td><\/tr><tr><td>E-Mail:<\/td><td>mueller32karlsdorf@t-online.de<\/td><\/tr><\/tbody><\/table><\/figure>\n\n\n\n<div class=\"wp-block-cover alignleft\" style=\"min-height:280px\"><span aria-hidden=\"true\" class=\"wp-block-cover__background has-background-dim-10 has-background-dim\"><\/span><img decoding=\"async\" loading=\"lazy\" width=\"355\" height=\"236\" class=\"wp-block-cover__image-background wp-image-694\" src=\"https:\/\/gemeinden.huegelland-taeler.de\/wp-content\/uploads\/2020\/09\/karlsdorf1920opt.jpg\" data-object-fit=\"cover\" srcset=\"https:\/\/gemeinden.huegelland-taeler.de\/wp-content\/uploads\/2020\/09\/karlsdorf1920opt.jpg 355w, https:\/\/gemeinden.huegelland-taeler.de\/wp-content\/uploads\/2020\/09\/karlsdorf1920opt-300x199.jpg 300w\" sizes=\"(max-width: 355px) 100vw, 355px\" \/><div class=\"wp-block-cover__inner-container\">\n<p class=\"has-text-align-center has-white-color has-text-color has-large-font-size\"><a href=\"https:\/\/gemeinden.huegelland-taeler.de\/?page_id=1448\" data-type=\"page\" data-id=\"1448\">Orts-geschichte Karlsdorf<\/a><\/p>\n<\/div><\/div>\n\n\n\n<div class=\"wp-block-cover alignleft is-light\" style=\"min-height:280px\"><span aria-hidden=\"true\" class=\"wp-block-cover__background has-background-dim-30 has-background-dim\"><\/span><img decoding=\"async\" loading=\"lazy\" width=\"516\" height=\"535\" class=\"wp-block-cover__image-background wp-image-696\" src=\"https:\/\/gemeinden.huegelland-taeler.de\/wp-content\/uploads\/2020\/09\/Karlsdorf2012_19.jpg\" style=\"object-position:57% 53%\" data-object-fit=\"cover\" data-object-position=\"57% 53%\" srcset=\"https:\/\/gemeinden.huegelland-taeler.de\/wp-content\/uploads\/2020\/09\/Karlsdorf2012_19.jpg 516w, https:\/\/gemeinden.huegelland-taeler.de\/wp-content\/uploads\/2020\/09\/Karlsdorf2012_19-289x300.jpg 289w\" sizes=\"(max-width: 516px) 100vw, 516px\" \/><div class=\"wp-block-cover__inner-container\">\n<p class=\"has-text-align-center has-white-color has-text-color has-large-font-size\"><a href=\"https:\/\/www.huegelland-taeler.de\/html\/_karlsdorf_nachgesch.html\">In Karlsdorf nach-geschaut<\/a><\/p>\n<\/div><\/div>\n\n\n\n<div class=\"wp-block-cover alignleft is-light\" style=\"min-height:280px\"><span aria-hidden=\"true\" class=\"wp-block-cover__background has-background-dim-30 has-background-dim\"><\/span><img decoding=\"async\" loading=\"lazy\" width=\"1707\" height=\"2560\" class=\"wp-block-cover__image-background wp-image-700\" src=\"https:\/\/gemeinden.huegelland-taeler.de\/wp-content\/uploads\/2020\/09\/Karlsdorf2005-053-1-scaled.jpg\" style=\"object-position:59% 65%\" data-object-fit=\"cover\" data-object-position=\"59% 65%\" srcset=\"https:\/\/gemeinden.huegelland-taeler.de\/wp-content\/uploads\/2020\/09\/Karlsdorf2005-053-1-scaled.jpg 1707w, https:\/\/gemeinden.huegelland-taeler.de\/wp-content\/uploads\/2020\/09\/Karlsdorf2005-053-1-200x300.jpg 200w, https:\/\/gemeinden.huegelland-taeler.de\/wp-content\/uploads\/2020\/09\/Karlsdorf2005-053-1-683x1024.jpg 683w, https:\/\/gemeinden.huegelland-taeler.de\/wp-content\/uploads\/2020\/09\/Karlsdorf2005-053-1-768x1152.jpg 768w, https:\/\/gemeinden.huegelland-taeler.de\/wp-content\/uploads\/2020\/09\/Karlsdorf2005-053-1-1024x1536.jpg 1024w, https:\/\/gemeinden.huegelland-taeler.de\/wp-content\/uploads\/2020\/09\/Karlsdorf2005-053-1-1365x2048.jpg 1365w\" sizes=\"(max-width: 1707px) 100vw, 1707px\" \/><div class=\"wp-block-cover__inner-container\">\n<p class=\"has-text-align-center has-white-color has-text-color has-large-font-size\"><a href=\"https:\/\/www.huegelland-taeler.de\/html\/_karlsdorf_nachgesch.html\">Fotogalerie Karlsdorf <\/a><\/p>\n<\/div><\/div>\n\n\n\n<p><\/p>\n","protected":false},"excerpt":{"rendered":"<p>Gemeinde Karlsdorf Bundesland: Th\u00fcringen Landkreis: Saale-Holzland-Kreis Fl\u00e4che der Gemarkung 469 ha Einwohner 111 Adresse der Gemeindeverwaltung: Dorfstr. 907646 Karlsdorf Postanschrift Verwaltungsgemeinschaft \u201cH\u00fcgelland-T\u00e4ler\u201dGemeinde KarlsdorfPfarrwinkel 1007646 Tr\u00f6bnitz Telefon Gemeindeb\u00fcro: 036426 22379 Fax: 036428 64848 B\u00fcrgermeister: J\u00fcrgen M\u00fcller (Telefon 036426 50564) Sprechzeit: nach telefonischer Vereinbarung E-Mail: mueller32karlsdorf@t-online.de<\/p>\n","protected":false},"author":1,"featured_media":0,"parent":8,"menu_order":6,"comment_status":"closed","ping_status":"closed","template":"templates\/template-no-sidebar.php","meta":[],"_links":{"self":[{"href":"https:\/\/gemeinden.huegelland-taeler.de\/index.php?rest_route=\/wp\/v2\/pages\/78"}],"collection":[{"href":"https:\/\/gemeinden.huegelland-taeler.de\/index.php?rest_route=\/wp\/v2\/pages"}],"about":[{"href":"https:\/\/gemeinden.huegelland-taeler.de\/index.php?rest_route=\/wp\/v2\/types\/page"}],"author":[{"embeddable":true,"href":"https:\/\/gemeinden.huegelland-taeler.de\/index.php?rest_route=\/wp\/v2\/users\/1"}],"replies":[{"embeddable":true,"href":"https:\/\/gemeinden.huegelland-taeler.de\/index.php?rest_route=%2Fwp%2Fv2%2Fcomments&post=78"}],"version-history":[{"count":13,"href":"https:\/\/gemeinden.huegelland-taeler.de\/index.php?rest_route=\/wp\/v2\/pages\/78\/revisions"}],"predecessor-version":[{"id":1582,"href":"https:\/\/gemeinden.huegelland-taeler.de\/index.php?rest_route=\/wp\/v2\/pages\/78\/revisions\/1582"}],"up":[{"embeddable":true,"href":"https:\/\/gemeinden.huegelland-taeler.de\/index.php?rest_route=\/wp\/v2\/pages\/8"}],"wp:attachment":[{"href":"https:\/\/gemeinden.huegelland-taeler.de\/index.php?rest_route=%2Fwp%2Fv2%2Fmedia&parent=78"}],"curies":[{"name":"wp","href":"https:\/\/api.w.org\/{rel}","templated":true}]}}