{"id":777,"date":"2020-09-26T08:51:48","date_gmt":"2020-09-26T08:51:48","guid":{"rendered":"http:\/\/gemeinden.huegelland-taeler.de\/?page_id=777"},"modified":"2023-02-04T18:13:00","modified_gmt":"2023-02-04T18:13:00","slug":"ottendorf","status":"publish","type":"page","link":"https:\/\/gemeinden.huegelland-taeler.de\/?page_id=777","title":{"rendered":"Ottendorf"},"content":{"rendered":"\n<figure class=\"wp-block-image size-large\"><img decoding=\"async\" loading=\"lazy\" width=\"200\" height=\"114\" src=\"https:\/\/gemeinden.huegelland-taeler.de\/wp-content\/uploads\/2020\/09\/ottendorfKk.gif\" alt=\"\" class=\"wp-image-779\"\/><\/figure>\n\n\n\n<p class=\"has-text-align-center has-text-color has-large-font-size\" style=\"color:#036a96\"><a href=\"https:\/\/rag-sh.de\/aktuelles\/news\/189-befragung-ottendorf\"><strong>Umfrage T\u00e4lermarkt Ottendorf<\/strong><\/a><\/p>\n\n\n\n<figure class=\"wp-block-table\"><table><tbody><tr><td><strong>Gemeinde Ottendorf<\/strong><\/td><td><\/td><\/tr><tr><td>Bundesland:<\/td><td>Th\u00fcringen<\/td><\/tr><tr><td>Landkreis:<\/td><td>Saale-Holzland-Kreis<\/td><\/tr><tr><td>Fl\u00e4che der Gemarkung<\/td><td>440 ha<\/td><\/tr><tr><td>Einwohner<\/td><td>403<\/td><\/tr><tr><td>Adresse der Gemeindeverwaltung:<\/td><td>Dorfstra\u00dfe 11 (Alte Schule)<br>07646 Ottendorf<\/td><\/tr><tr><td>Postanschrift<\/td><td>Verwaltungsgemeinschaft \u201cH\u00fcgelland-T\u00e4ler\u201d<br>Gemeinde Ottendorf<br>Pfarrwinkel 10<br>07646 Tr\u00f6bnitz<\/td><\/tr><tr><td>Telefon Gemeindeb\u00fcro:<\/td><td>036426 22312<\/td><\/tr><tr><td>B\u00fcrgermeister:<\/td><td>Stefan H\u00fccker<\/td><\/tr><tr><td>Sprechzeit:<\/td><td>Donnerstag 19.00 Uhr &#8211; 20.30 Uhr<\/td><\/tr><tr><td>E-Mail:<\/td><td>gemeinde-ottendorf@web.de<\/td><\/tr><\/tbody><\/table><\/figure>\n\n\n\n<div class=\"wp-block-cover alignleft\" style=\"min-height:330px\"><span aria-hidden=\"true\" class=\"wp-block-cover__background has-background-dim\"><\/span><img decoding=\"async\" loading=\"lazy\" width=\"640\" height=\"402\" class=\"wp-block-cover__image-background wp-image-782\" src=\"https:\/\/gemeinden.huegelland-taeler.de\/wp-content\/uploads\/2020\/09\/akottendorf2.jpg\" data-object-fit=\"cover\" srcset=\"https:\/\/gemeinden.huegelland-taeler.de\/wp-content\/uploads\/2020\/09\/akottendorf2.jpg 640w, https:\/\/gemeinden.huegelland-taeler.de\/wp-content\/uploads\/2020\/09\/akottendorf2-300x188.jpg 300w\" sizes=\"(max-width: 640px) 100vw, 640px\" \/><div class=\"wp-block-cover__inner-container\">\n<p class=\"has-text-align-center has-white-color has-text-color has-large-font-size\"><a href=\"https:\/\/www.huegelland-taeler.de\/html\/ortsgeschichte_ottendorf.html\" target=\"_blank\" rel=\"noreferrer noopener\">Orts-geschichte Ottendorf<\/a><\/p>\n<\/div><\/div>\n\n\n\n<div class=\"wp-block-cover alignleft is-light\" style=\"min-height:330px\"><span aria-hidden=\"true\" class=\"wp-block-cover__background has-background-dim\"><\/span><img decoding=\"async\" loading=\"lazy\" width=\"640\" height=\"427\" class=\"wp-block-cover__image-background wp-image-783\" src=\"https:\/\/gemeinden.huegelland-taeler.de\/wp-content\/uploads\/2020\/09\/Oktober2007-088.jpg\" data-object-fit=\"cover\" srcset=\"https:\/\/gemeinden.huegelland-taeler.de\/wp-content\/uploads\/2020\/09\/Oktober2007-088.jpg 640w, https:\/\/gemeinden.huegelland-taeler.de\/wp-content\/uploads\/2020\/09\/Oktober2007-088-300x200.jpg 300w\" sizes=\"(max-width: 640px) 100vw, 640px\" \/><div class=\"wp-block-cover__inner-container\">\n<p class=\"has-text-align-center has-white-color has-text-color has-large-font-size\"><a href=\"https:\/\/www.huegelland-taeler.de\/html\/ottendf_nachgeschaut.html\" target=\"_blank\" rel=\"noreferrer noopener\">Nach-geschaut in Ottendorf<\/a><\/p>\n<\/div><\/div>\n\n\n\n<div class=\"wp-block-cover alignleft\" style=\"min-height:330px\"><span aria-hidden=\"true\" class=\"wp-block-cover__background has-background-dim-20 has-background-dim\"><\/span><img decoding=\"async\" loading=\"lazy\" width=\"550\" height=\"397\" class=\"wp-block-cover__image-background wp-image-785\" src=\"https:\/\/gemeinden.huegelland-taeler.de\/wp-content\/uploads\/2020\/09\/Postauto1928-in-Ottendorf.jpg\" data-object-fit=\"cover\" srcset=\"https:\/\/gemeinden.huegelland-taeler.de\/wp-content\/uploads\/2020\/09\/Postauto1928-in-Ottendorf.jpg 550w, https:\/\/gemeinden.huegelland-taeler.de\/wp-content\/uploads\/2020\/09\/Postauto1928-in-Ottendorf-300x217.jpg 300w\" sizes=\"(max-width: 550px) 100vw, 550px\" \/><div class=\"wp-block-cover__inner-container\">\n<p class=\"has-text-align-center has-white-color has-text-color has-large-font-size\"><a href=\"https:\/\/www.huegelland-taeler.de\/html\/poststelle_ottendorf.html#GeschichtePost\" target=\"_blank\" rel=\"noreferrer noopener\">Geschichte der Post in Ottendorf<\/a><\/p>\n<\/div><\/div>\n\n\n\n<div class=\"wp-block-cover alignleft is-light\" style=\"min-height:330px\"><span aria-hidden=\"true\" class=\"wp-block-cover__background has-background-dim\"><\/span><img decoding=\"async\" loading=\"lazy\" width=\"880\" height=\"1195\" class=\"wp-block-cover__image-background wp-image-788\" src=\"https:\/\/gemeinden.huegelland-taeler.de\/wp-content\/uploads\/2020\/09\/Kirchenchorauftritt.jpg\" data-object-fit=\"cover\" srcset=\"https:\/\/gemeinden.huegelland-taeler.de\/wp-content\/uploads\/2020\/09\/Kirchenchorauftritt.jpg 880w, https:\/\/gemeinden.huegelland-taeler.de\/wp-content\/uploads\/2020\/09\/Kirchenchorauftritt-221x300.jpg 221w, https:\/\/gemeinden.huegelland-taeler.de\/wp-content\/uploads\/2020\/09\/Kirchenchorauftritt-754x1024.jpg 754w, https:\/\/gemeinden.huegelland-taeler.de\/wp-content\/uploads\/2020\/09\/Kirchenchorauftritt-768x1043.jpg 768w\" sizes=\"(max-width: 880px) 100vw, 880px\" \/><div class=\"wp-block-cover__inner-container\">\n<p class=\"has-text-align-center has-white-color has-text-color has-large-font-size\"><a href=\"https:\/\/www.huegelland-taeler.de\/html\/kirchenchor_ottendorf.html\" target=\"_blank\" rel=\"noreferrer noopener\">Kirchenchor Ottendorf<\/a><\/p>\n<\/div><\/div>\n\n\n\n<div class=\"wp-block-cover alignleft\" style=\"min-height:330px\"><span aria-hidden=\"true\" class=\"wp-block-cover__background has-background-dim-20 has-background-dim\"><\/span><img decoding=\"async\" loading=\"lazy\" width=\"321\" height=\"482\" class=\"wp-block-cover__image-background wp-image-789\" src=\"https:\/\/gemeinden.huegelland-taeler.de\/wp-content\/uploads\/2020\/09\/Blick-vom-Wachtberg1.jpg\" data-object-fit=\"cover\" srcset=\"https:\/\/gemeinden.huegelland-taeler.de\/wp-content\/uploads\/2020\/09\/Blick-vom-Wachtberg1.jpg 321w, https:\/\/gemeinden.huegelland-taeler.de\/wp-content\/uploads\/2020\/09\/Blick-vom-Wachtberg1-200x300.jpg 200w\" sizes=\"(max-width: 321px) 100vw, 321px\" \/><div class=\"wp-block-cover__inner-container\">\n<p class=\"has-text-align-center has-white-color has-text-color has-large-font-size\"><a href=\"https:\/\/www.huegelland-taeler.de\/html\/wachtberg_ottendorf.html\" target=\"_blank\" rel=\"noreferrer noopener\">Wachtberg Ottendorf<\/a><\/p>\n<\/div><\/div>\n\n\n\n<div class=\"wp-block-cover alignleft is-light\" style=\"min-height:330px\"><span aria-hidden=\"true\" class=\"wp-block-cover__background has-background-dim\"><\/span><img decoding=\"async\" loading=\"lazy\" width=\"1280\" height=\"960\" class=\"wp-block-cover__image-background wp-image-792\" src=\"https:\/\/gemeinden.huegelland-taeler.de\/wp-content\/uploads\/2020\/09\/09_0517003.jpg\" data-object-fit=\"cover\" srcset=\"https:\/\/gemeinden.huegelland-taeler.de\/wp-content\/uploads\/2020\/09\/09_0517003.jpg 1280w, https:\/\/gemeinden.huegelland-taeler.de\/wp-content\/uploads\/2020\/09\/09_0517003-300x225.jpg 300w, https:\/\/gemeinden.huegelland-taeler.de\/wp-content\/uploads\/2020\/09\/09_0517003-1024x768.jpg 1024w, https:\/\/gemeinden.huegelland-taeler.de\/wp-content\/uploads\/2020\/09\/09_0517003-768x576.jpg 768w, https:\/\/gemeinden.huegelland-taeler.de\/wp-content\/uploads\/2020\/09\/09_0517003-600x450.jpg 600w\" sizes=\"(max-width: 1280px) 100vw, 1280px\" \/><div class=\"wp-block-cover__inner-container\">\n<p class=\"has-text-align-center has-white-color has-text-color has-large-font-size\"><a href=\"https:\/\/www.huegelland-taeler.de\/html\/schrager_winkel.html\" target=\"_blank\" rel=\"noreferrer noopener\">Schr\u00e4ger Winkel<\/a><\/p>\n<\/div><\/div>\n\n\n\n<p><\/p>\n\n\n\n<div class=\"wp-block-cover alignleft is-light\" style=\"min-height:365px\"><span aria-hidden=\"true\" class=\"wp-block-cover__background has-background-dim\"><\/span><img decoding=\"async\" loading=\"lazy\" width=\"270\" height=\"170\" class=\"wp-block-cover__image-background wp-image-796\" src=\"https:\/\/gemeinden.huegelland-taeler.de\/wp-content\/uploads\/2020\/09\/825-Jahre-Ottendorf3.jpg\" data-object-fit=\"cover\"\/><div class=\"wp-block-cover__inner-container\">\n<p class=\"has-text-align-center\" style=\"font-size:24px\"><strong>Bildergalerien der 825-Jahr- Feier Ottendorf 2010:<\/strong><\/p>\n\n\n\n<p class=\"has-text-align-center has-white-color has-text-color\" style=\"font-size:18px\"><strong><a href=\"https:\/\/www.huegelland-taeler.de\/jalbenVG\/Nachtwaechterrundgang\/\">Nachtw\u00e4chterrundgang<\/a><\/strong><\/p>\n\n\n\n<p class=\"has-text-align-center has-white-color has-text-color\" style=\"font-size:18px\"><strong><a href=\"https:\/\/www.huegelland-taeler.de\/jalbenVG\/Fruehschoppenumzug\/\">Fr\u00fchschoppenumzug<\/a><\/strong><\/p>\n\n\n\n<p class=\"has-text-align-center has-white-color has-text-color\" style=\"font-size:18px\"><strong><a href=\"https:\/\/www.huegelland-taeler.de\/jalbenVG\/Schafentenrennen\/\">Schafentenrennen<\/a><\/strong><\/p>\n<\/div><\/div>\n\n\n\n<p><\/p>\n","protected":false},"excerpt":{"rendered":"<p>Umfrage T\u00e4lermarkt Ottendorf Gemeinde Ottendorf Bundesland: Th\u00fcringen Landkreis: Saale-Holzland-Kreis Fl\u00e4che der Gemarkung 440 ha Einwohner 403 Adresse der Gemeindeverwaltung: Dorfstra\u00dfe 11 (Alte Schule)07646 Ottendorf Postanschrift Verwaltungsgemeinschaft \u201cH\u00fcgelland-T\u00e4ler\u201dGemeinde OttendorfPfarrwinkel 1007646 Tr\u00f6bnitz Telefon Gemeindeb\u00fcro: 036426 22312 B\u00fcrgermeister: Stefan H\u00fccker Sprechzeit: Donnerstag 19.00 Uhr &#8211; 20.30 Uhr E-Mail: gemeinde-ottendorf@web.de<\/p>\n","protected":false},"author":1,"featured_media":0,"parent":8,"menu_order":0,"comment_status":"closed","ping_status":"closed","template":"templates\/template-no-sidebar.php","meta":[],"_links":{"self":[{"href":"https:\/\/gemeinden.huegelland-taeler.de\/index.php?rest_route=\/wp\/v2\/pages\/777"}],"collection":[{"href":"https:\/\/gemeinden.huegelland-taeler.de\/index.php?rest_route=\/wp\/v2\/pages"}],"about":[{"href":"https:\/\/gemeinden.huegelland-taeler.de\/index.php?rest_route=\/wp\/v2\/types\/page"}],"author":[{"embeddable":true,"href":"https:\/\/gemeinden.huegelland-taeler.de\/index.php?rest_route=\/wp\/v2\/users\/1"}],"replies":[{"embeddable":true,"href":"https:\/\/gemeinden.huegelland-taeler.de\/index.php?rest_route=%2Fwp%2Fv2%2Fcomments&post=777"}],"version-history":[{"count":16,"href":"https:\/\/gemeinden.huegelland-taeler.de\/index.php?rest_route=\/wp\/v2\/pages\/777\/revisions"}],"predecessor-version":[{"id":1587,"href":"https:\/\/gemeinden.huegelland-taeler.de\/index.php?rest_route=\/wp\/v2\/pages\/777\/revisions\/1587"}],"up":[{"embeddable":true,"href":"https:\/\/gemeinden.huegelland-taeler.de\/index.php?rest_route=\/wp\/v2\/pages\/8"}],"wp:attachment":[{"href":"https:\/\/gemeinden.huegelland-taeler.de\/index.php?rest_route=%2Fwp%2Fv2%2Fmedia&parent=777"}],"curies":[{"name":"wp","href":"https:\/\/api.w.org\/{rel}","templated":true}]}}