{"id":741,"date":"2020-09-26T07:50:21","date_gmt":"2020-09-26T07:50:21","guid":{"rendered":"http:\/\/gemeinden.huegelland-taeler.de\/?page_id=741"},"modified":"2023-10-30T16:44:32","modified_gmt":"2023-10-30T16:44:32","slug":"meusebach","status":"publish","type":"page","link":"https:\/\/gemeinden.huegelland-taeler.de\/?page_id=741","title":{"rendered":"Meusebach"},"content":{"rendered":"\n<figure class=\"wp-block-image size-large\"><img decoding=\"async\" loading=\"lazy\" width=\"200\" height=\"114\" src=\"https:\/\/gemeinden.huegelland-taeler.de\/wp-content\/uploads\/2020\/09\/meusebachKk.gif\" alt=\"\" class=\"wp-image-742\"\/><\/figure>\n\n\n\n<figure class=\"wp-block-table\"><table><tbody><tr><td><strong>Gemeinde Meusebach<\/strong><\/td><td><\/td><\/tr><tr><td>Bundesland:<\/td><td>Th\u00fcringen<\/td><\/tr><tr><td>Landkreis:<\/td><td>Saale-Holzland-Kreis<\/td><\/tr><tr><td>Fl\u00e4che der Gemarkung<\/td><td>401 ha<\/td><\/tr><tr><td>Einwohner<\/td><td>91<\/td><\/tr><tr><td>Adresse der Gemeindeverwaltung:<\/td><td>Dorfstr. 27<br>07646 Meusebach<\/td><\/tr><tr><td>Postanschrift<\/td><td>Verwaltungsgemeinschaft \u201cH\u00fcgelland-T\u00e4ler\u201d<br>Gemeinde Meusebach<br>Pfarrwinkel 10<br>07646 Tr\u00f6bnitz<\/td><\/tr><tr><td>Telefon:<\/td><td>036428 60183<\/td><\/tr><tr><td>Fax:<\/td><td>036428 64848<\/td><\/tr><tr><td>B\u00fcrgermeister:<\/td><td>Silke H\u00f6ntsch (Handy: 0176 19933777) <\/td><\/tr><tr><td>Sprechzeit:<\/td><td>Dienstag 19:30 Uhr bis 20:30 Uhr nur nach Voranmeldung<\/td><\/tr><tr><td>E-Mail:<\/td><td>bm.silke.hoentsch@web.de<\/td><\/tr><\/tbody><\/table><\/figure>\n\n\n\n<div class=\"wp-block-cover alignleft is-light\" style=\"min-height:330px\"><span aria-hidden=\"true\" class=\"wp-block-cover__background has-background-dim\"><\/span><img decoding=\"async\" loading=\"lazy\" width=\"416\" height=\"269\" class=\"wp-block-cover__image-background wp-image-743\" src=\"https:\/\/gemeinden.huegelland-taeler.de\/wp-content\/uploads\/2020\/09\/Meusebach-2.jpg\" data-object-fit=\"cover\" srcset=\"https:\/\/gemeinden.huegelland-taeler.de\/wp-content\/uploads\/2020\/09\/Meusebach-2.jpg 416w, https:\/\/gemeinden.huegelland-taeler.de\/wp-content\/uploads\/2020\/09\/Meusebach-2-300x194.jpg 300w\" sizes=\"(max-width: 416px) 100vw, 416px\" \/><div class=\"wp-block-cover__inner-container\">\n<p class=\"has-text-align-center has-large-font-size\">Orts-geschichte Meusebach<\/p>\n<\/div><\/div>\n\n\n\n<div class=\"wp-block-cover alignleft is-light\" style=\"min-height:330px\"><span aria-hidden=\"true\" class=\"wp-block-cover__background has-background-dim\"><\/span><img decoding=\"async\" loading=\"lazy\" width=\"304\" height=\"406\" class=\"wp-block-cover__image-background wp-image-753\" src=\"https:\/\/gemeinden.huegelland-taeler.de\/wp-content\/uploads\/2020\/09\/Meusebach8opti.jpg\" data-object-fit=\"cover\" srcset=\"https:\/\/gemeinden.huegelland-taeler.de\/wp-content\/uploads\/2020\/09\/Meusebach8opti.jpg 304w, https:\/\/gemeinden.huegelland-taeler.de\/wp-content\/uploads\/2020\/09\/Meusebach8opti-225x300.jpg 225w\" sizes=\"(max-width: 304px) 100vw, 304px\" \/><div class=\"wp-block-cover__inner-container\">\n<p class=\"has-text-align-center has-white-color has-text-color has-large-font-size\"><a href=\"http:\/\/www.meusebach.de\">Mehr Infos zu Meusebach<\/a><\/p>\n<\/div><\/div>\n","protected":false},"excerpt":{"rendered":"<p>Gemeinde Meusebach Bundesland: Th\u00fcringen Landkreis: Saale-Holzland-Kreis Fl\u00e4che der Gemarkung 401 ha Einwohner 91 Adresse der Gemeindeverwaltung: Dorfstr. 2707646 Meusebach Postanschrift Verwaltungsgemeinschaft \u201cH\u00fcgelland-T\u00e4ler\u201dGemeinde MeusebachPfarrwinkel 1007646 Tr\u00f6bnitz Telefon: 036428 60183 Fax: 036428 64848 B\u00fcrgermeister: Silke H\u00f6ntsch (Handy: 0176 19933777) Sprechzeit: Dienstag 19:30 Uhr bis 20:30 Uhr nur nach Voranmeldung E-Mail: bm.silke.hoentsch@web.de<\/p>\n","protected":false},"author":1,"featured_media":0,"parent":8,"menu_order":0,"comment_status":"closed","ping_status":"closed","template":"templates\/template-no-sidebar.php","meta":[],"_links":{"self":[{"href":"https:\/\/gemeinden.huegelland-taeler.de\/index.php?rest_route=\/wp\/v2\/pages\/741"}],"collection":[{"href":"https:\/\/gemeinden.huegelland-taeler.de\/index.php?rest_route=\/wp\/v2\/pages"}],"about":[{"href":"https:\/\/gemeinden.huegelland-taeler.de\/index.php?rest_route=\/wp\/v2\/types\/page"}],"author":[{"embeddable":true,"href":"https:\/\/gemeinden.huegelland-taeler.de\/index.php?rest_route=\/wp\/v2\/users\/1"}],"replies":[{"embeddable":true,"href":"https:\/\/gemeinden.huegelland-taeler.de\/index.php?rest_route=%2Fwp%2Fv2%2Fcomments&post=741"}],"version-history":[{"count":9,"href":"https:\/\/gemeinden.huegelland-taeler.de\/index.php?rest_route=\/wp\/v2\/pages\/741\/revisions"}],"predecessor-version":[{"id":1706,"href":"https:\/\/gemeinden.huegelland-taeler.de\/index.php?rest_route=\/wp\/v2\/pages\/741\/revisions\/1706"}],"up":[{"embeddable":true,"href":"https:\/\/gemeinden.huegelland-taeler.de\/index.php?rest_route=\/wp\/v2\/pages\/8"}],"wp:attachment":[{"href":"https:\/\/gemeinden.huegelland-taeler.de\/index.php?rest_route=%2Fwp%2Fv2%2Fmedia&parent=741"}],"curies":[{"name":"wp","href":"https:\/\/api.w.org\/{rel}","templated":true}]}}