{"id":725,"date":"2020-09-25T16:29:39","date_gmt":"2020-09-25T16:29:39","guid":{"rendered":"http:\/\/gemeinden.huegelland-taeler.de\/?page_id=725"},"modified":"2026-02-03T15:18:27","modified_gmt":"2026-02-03T15:18:27","slug":"lippersdorf-erdmannsdorf","status":"publish","type":"page","link":"https:\/\/gemeinden.huegelland-taeler.de\/?page_id=725","title":{"rendered":"Lippersdorf-Erdmannsdorf"},"content":{"rendered":"\n<figure class=\"wp-block-image size-large\"><img decoding=\"async\" loading=\"lazy\" width=\"200\" height=\"114\" src=\"https:\/\/gemeinden.huegelland-taeler.de\/wp-content\/uploads\/2020\/09\/lippersdorfKk.gif\" alt=\"\" class=\"wp-image-726\"\/><\/figure>\n\n\n\n<figure class=\"wp-block-table\"><table><tbody><tr><td><strong>Gemeinde Lippersdorf-Erdmannsdorf<\/strong><\/td><td><\/td><\/tr><tr><td>Bundesland:<\/td><td>Th\u00fcringen<\/td><\/tr><tr><td>Landkreis:<\/td><td>Saale-Holzland-Kreis<\/td><\/tr><tr><td>Fl\u00e4che der Gemarkung<\/td><td>990 ha<\/td><\/tr><tr><td>Einwohner<\/td><td>457<\/td><\/tr><tr><td>Adresse der Gemeindeverwaltung:<\/td><td>Rodaer Stra\u00dfe 29 Erdmannsdorf<br>07646 Lippersdorf-Erdmannsdorf<\/td><\/tr><tr><td>Postanschrift<\/td><td>Verwaltungsgemeinschaft \u201cH\u00fcgelland-T\u00e4ler\u201d<br>Gemeinde Lippersdorf &#8211; Erdmannsdorf<br>Pfarrwinkel 10<br>07646 Tr\u00f6bnitz<\/td><\/tr><tr><td>Telefon Gemeindeb\u00fcro:<\/td><td>036428 64810<\/td><\/tr><tr><td>Fax:<\/td><td>036428 64848<\/td><\/tr><tr><td>B\u00fcrgermeister:<\/td><td>amtierend: Frau Tina Herold-Scheibe<\/td><\/tr><tr><td>Sprechzeit:<\/td><td>14-t\u00e4gig in der ungeraden Kalenderwoche,<br>donnerstags von 17 bis 18 Uhr<\/td><\/tr><tr><td>E-Mail:<\/td><td><\/td><\/tr><\/tbody><\/table><\/figure>\n\n\n\n<div class=\"wp-block-cover alignleft\" style=\"min-height:420px\"><span aria-hidden=\"true\" class=\"wp-block-cover__background has-background-dim-10 has-background-dim wp-block-cover__gradient-background has-background-gradient has-luminous-vivid-amber-to-luminous-vivid-orange-gradient-background\"><\/span><img decoding=\"async\" loading=\"lazy\" width=\"526\" height=\"338\" class=\"wp-block-cover__image-background wp-image-734\" alt=\"\" src=\"https:\/\/gemeinden.huegelland-taeler.de\/wp-content\/uploads\/2020\/09\/lippersdorf2.jpg\" data-object-fit=\"cover\" srcset=\"https:\/\/gemeinden.huegelland-taeler.de\/wp-content\/uploads\/2020\/09\/lippersdorf2.jpg 526w, https:\/\/gemeinden.huegelland-taeler.de\/wp-content\/uploads\/2020\/09\/lippersdorf2-300x193.jpg 300w\" sizes=\"(max-width: 526px) 100vw, 526px\" \/><div class=\"wp-block-cover__inner-container\">\n<p class=\"has-text-align-center has-white-color has-text-color has-large-font-size\"><a href=\"https:\/\/gemeinden.huegelland-taeler.de\/?page_id=728\">Orts-geschichte Lippersdorf-Erdmanns-dorf<\/a><\/p>\n<\/div><\/div>\n\n\n\n<p><\/p>\n","protected":false},"excerpt":{"rendered":"<p>Gemeinde Lippersdorf-Erdmannsdorf Bundesland: Th\u00fcringen Landkreis: Saale-Holzland-Kreis Fl\u00e4che der Gemarkung 990 ha Einwohner 457 Adresse der Gemeindeverwaltung: Rodaer Stra\u00dfe 29 Erdmannsdorf07646 Lippersdorf-Erdmannsdorf Postanschrift Verwaltungsgemeinschaft \u201cH\u00fcgelland-T\u00e4ler\u201dGemeinde Lippersdorf &#8211; ErdmannsdorfPfarrwinkel 1007646 Tr\u00f6bnitz Telefon Gemeindeb\u00fcro: 036428 64810 Fax: 036428 64848 B\u00fcrgermeister: amtierend: Frau Tina Herold-Scheibe Sprechzeit: 14-t\u00e4gig in der ungeraden Kalenderwoche,donnerstags von 17 bis 18 Uhr E-Mail:<\/p>\n","protected":false},"author":1,"featured_media":0,"parent":8,"menu_order":9,"comment_status":"closed","ping_status":"closed","template":"templates\/template-no-sidebar.php","meta":[],"_links":{"self":[{"href":"https:\/\/gemeinden.huegelland-taeler.de\/index.php?rest_route=\/wp\/v2\/pages\/725"}],"collection":[{"href":"https:\/\/gemeinden.huegelland-taeler.de\/index.php?rest_route=\/wp\/v2\/pages"}],"about":[{"href":"https:\/\/gemeinden.huegelland-taeler.de\/index.php?rest_route=\/wp\/v2\/types\/page"}],"author":[{"embeddable":true,"href":"https:\/\/gemeinden.huegelland-taeler.de\/index.php?rest_route=\/wp\/v2\/users\/1"}],"replies":[{"embeddable":true,"href":"https:\/\/gemeinden.huegelland-taeler.de\/index.php?rest_route=%2Fwp%2Fv2%2Fcomments&post=725"}],"version-history":[{"count":16,"href":"https:\/\/gemeinden.huegelland-taeler.de\/index.php?rest_route=\/wp\/v2\/pages\/725\/revisions"}],"predecessor-version":[{"id":2156,"href":"https:\/\/gemeinden.huegelland-taeler.de\/index.php?rest_route=\/wp\/v2\/pages\/725\/revisions\/2156"}],"up":[{"embeddable":true,"href":"https:\/\/gemeinden.huegelland-taeler.de\/index.php?rest_route=\/wp\/v2\/pages\/8"}],"wp:attachment":[{"href":"https:\/\/gemeinden.huegelland-taeler.de\/index.php?rest_route=%2Fwp%2Fv2%2Fmedia&parent=725"}],"curies":[{"name":"wp","href":"https:\/\/api.w.org\/{rel}","templated":true}]}}