{"id":71,"date":"2019-07-25T17:52:14","date_gmt":"2019-07-25T17:52:14","guid":{"rendered":"http:\/\/gemeinden.huegelland-taeler.de\/?page_id=71"},"modified":"2023-02-04T18:08:18","modified_gmt":"2023-02-04T18:08:18","slug":"grossbockedra","status":"publish","type":"page","link":"https:\/\/gemeinden.huegelland-taeler.de\/?page_id=71","title":{"rendered":"Gro\u00dfbockedra"},"content":{"rendered":"\n<figure class=\"wp-block-image size-large is-resized\"><img decoding=\"async\" loading=\"lazy\" src=\"http:\/\/gemeinden.huegelland-taeler.de\/wp-content\/uploads\/2020\/09\/grossbockedraKk.gif\" alt=\"\" class=\"wp-image-678\" width=\"209\" height=\"119\"\/><\/figure>\n\n\n\n<figure class=\"wp-block-table\"><table><tbody><tr><td><strong>Gemeinde<\/strong><\/td><td><strong>Gro\u00dfbockedra<\/strong><\/td><\/tr><tr><td>Bundesland:<\/td><td>Th\u00fcringen<\/td><\/tr><tr><td>Landkreis:<\/td><td>Saale-Holzland-Kreis<\/td><\/tr><tr><td>Fl\u00e4che der Gemarkung<\/td><td>460 ha<\/td><\/tr><tr><td>Einwohner<\/td><td>166<\/td><\/tr><tr><td>Adresse der Gemeindeverwaltung:<\/td><td>Dorfstr. 45<br>07646 Gro\u00dfbockedra<\/td><\/tr><tr><td>Postanschrift<\/td><td>Verwaltungsgemeinschaft \u201cH\u00fcgelland-T\u00e4ler\u201d<br>Gemeinde Gro\u00dfbockedra<br>Pfarrwinkel 10<br>07646 Tr\u00f6bnitz<\/td><\/tr><tr><td>Telefon Gemeindeb\u00fcro:<\/td><td>036428 61765<\/td><\/tr><tr><td>Fax:<\/td><td>036426 13607<\/td><\/tr><tr><td>B\u00fcrgermeister:<\/td><td>Tino Manthey (Handy: 0170\/ 3116698)<\/td><\/tr><tr><td>Sprechzeit:<\/td><td>1. Dienstag im Monat 19.00 \u2013 20.00 Uhr<\/td><\/tr><tr><td>E-Mail:<\/td><td>tino.mantey@forstwirt.de<\/td><\/tr><\/tbody><\/table><\/figure>\n\n\n\n<div class=\"wp-block-cover alignleft is-light\" style=\"min-height:280px\"><span aria-hidden=\"true\" class=\"wp-block-cover__background has-background-dim wp-block-cover__gradient-background has-background-gradient has-very-light-gray-to-cyan-bluish-gray-gradient-background\"><\/span><img decoding=\"async\" loading=\"lazy\" width=\"573\" height=\"381\" class=\"wp-block-cover__image-background wp-image-683\" src=\"https:\/\/gemeinden.huegelland-taeler.de\/wp-content\/uploads\/2020\/09\/grbockedraak.jpg\" data-object-fit=\"cover\" srcset=\"https:\/\/gemeinden.huegelland-taeler.de\/wp-content\/uploads\/2020\/09\/grbockedraak.jpg 573w, https:\/\/gemeinden.huegelland-taeler.de\/wp-content\/uploads\/2020\/09\/grbockedraak-300x199.jpg 300w\" sizes=\"(max-width: 573px) 100vw, 573px\" \/><div class=\"wp-block-cover__inner-container\">\n<p class=\"has-text-align-center has-white-color has-text-color has-medium-font-size\"><strong><span style=\"color:#1b28a0\" class=\"has-inline-color\"><a href=\"https:\/\/www.huegelland-taeler.de\/html\/dorfgeschichte1.html\" target=\"_blank\" rel=\"noreferrer noopener\">Ortsgeschichte Gro\u00dfbockedra<\/a><\/span><\/strong><\/p>\n<\/div><\/div>\n\n\n\n<div class=\"wp-block-cover alignleft\" style=\"min-height:280px\"><span aria-hidden=\"true\" class=\"wp-block-cover__background has-background-dim wp-block-cover__gradient-background has-background-gradient has-very-light-gray-to-cyan-bluish-gray-gradient-background\"><\/span><img decoding=\"async\" loading=\"lazy\" width=\"566\" height=\"679\" class=\"wp-block-cover__image-background wp-image-682\" src=\"https:\/\/gemeinden.huegelland-taeler.de\/wp-content\/uploads\/2020\/09\/glockenhaus.jpg\" data-object-fit=\"cover\" srcset=\"https:\/\/gemeinden.huegelland-taeler.de\/wp-content\/uploads\/2020\/09\/glockenhaus.jpg 566w, https:\/\/gemeinden.huegelland-taeler.de\/wp-content\/uploads\/2020\/09\/glockenhaus-250x300.jpg 250w\" sizes=\"(max-width: 566px) 100vw, 566px\" \/><div class=\"wp-block-cover__inner-container\">\n<p class=\"has-text-align-center has-white-color has-text-color has-medium-font-size\"><strong><span style=\"color:#1c3472\" class=\"has-inline-color\"><a href=\"https:\/\/www.huegelland-taeler.de\/html\/grossbockedra_nachgeschaut.html\">Nachgeschaut in Gro\u00dfbockedra<\/a><\/span><\/strong><\/p>\n<\/div><\/div>\n\n\n\n<div class=\"wp-block-cover alignleft\" style=\"min-height:280px\"><span aria-hidden=\"true\" class=\"wp-block-cover__background has-background-dim wp-block-cover__gradient-background has-background-gradient has-very-light-gray-to-cyan-bluish-gray-gradient-background\"><\/span><img decoding=\"async\" loading=\"lazy\" width=\"800\" height=\"581\" class=\"wp-block-cover__image-background wp-image-686\" src=\"https:\/\/gemeinden.huegelland-taeler.de\/wp-content\/uploads\/2020\/09\/Timmlersches-Geh\u00f6ft-um-1900a.jpg\" data-object-fit=\"cover\" srcset=\"https:\/\/gemeinden.huegelland-taeler.de\/wp-content\/uploads\/2020\/09\/Timmlersches-Geh\u00f6ft-um-1900a.jpg 800w, https:\/\/gemeinden.huegelland-taeler.de\/wp-content\/uploads\/2020\/09\/Timmlersches-Geh\u00f6ft-um-1900a-300x218.jpg 300w, https:\/\/gemeinden.huegelland-taeler.de\/wp-content\/uploads\/2020\/09\/Timmlersches-Geh\u00f6ft-um-1900a-768x558.jpg 768w\" sizes=\"(max-width: 800px) 100vw, 800px\" \/><div class=\"wp-block-cover__inner-container\">\n<p class=\"has-text-align-center has-white-color has-text-color has-medium-font-size\"><strong><span style=\"color:#1c3472\" class=\"has-inline-color\"><a href=\"https:\/\/www.huegelland-taeler.de\/html\/timmlersche_stiftung.html\">Heimatgeschichte Gro\u00dfbockedra<\/a><\/span><\/strong><\/p>\n<\/div><\/div>\n\n\n\n<div class=\"wp-block-cover alignleft is-light\" style=\"min-height:280px\"><span aria-hidden=\"true\" class=\"wp-block-cover__background has-background-dim wp-block-cover__gradient-background has-background-gradient has-very-light-gray-to-cyan-bluish-gray-gradient-background\"><\/span><img decoding=\"async\" loading=\"lazy\" width=\"538\" height=\"381\" class=\"wp-block-cover__image-background wp-image-688\" src=\"https:\/\/gemeinden.huegelland-taeler.de\/wp-content\/uploads\/2020\/09\/Logo-TIB.jpg\" data-object-fit=\"cover\" srcset=\"https:\/\/gemeinden.huegelland-taeler.de\/wp-content\/uploads\/2020\/09\/Logo-TIB.jpg 538w, https:\/\/gemeinden.huegelland-taeler.de\/wp-content\/uploads\/2020\/09\/Logo-TIB-300x212.jpg 300w\" sizes=\"(max-width: 538px) 100vw, 538px\" \/><div class=\"wp-block-cover__inner-container\">\n<p class=\"has-text-align-center has-white-color has-text-color has-medium-font-size\"><strong><span style=\"color:#1c3472\" class=\"has-inline-color\"><a href=\"https:\/\/www.huegelland-taeler.de\/html\/timmlersche_stiftung.html\">Theater<\/a><\/span><\/strong><br><strong><span style=\"color:#1c3472\" class=\"has-inline-color\"><a href=\"https:\/\/www.huegelland-taeler.de\/html\/tib.html\">in Bockedra<\/a><\/span><\/strong><\/p>\n<\/div><\/div>\n\n\n\n<p><\/p>\n","protected":false},"excerpt":{"rendered":"<p>Gemeinde Gro\u00dfbockedra Bundesland: Th\u00fcringen Landkreis: Saale-Holzland-Kreis Fl\u00e4che der Gemarkung 460 ha Einwohner 166 Adresse der Gemeindeverwaltung: Dorfstr. 4507646 Gro\u00dfbockedra Postanschrift Verwaltungsgemeinschaft \u201cH\u00fcgelland-T\u00e4ler\u201dGemeinde Gro\u00dfbockedraPfarrwinkel 1007646 Tr\u00f6bnitz Telefon Gemeindeb\u00fcro: 036428 61765 Fax: 036426 13607 B\u00fcrgermeister: Tino Manthey (Handy: 0170\/ 3116698) Sprechzeit: 1. Dienstag im Monat 19.00 \u2013 20.00 Uhr E-Mail: tino.mantey@forstwirt.de<\/p>\n","protected":false},"author":1,"featured_media":0,"parent":8,"menu_order":5,"comment_status":"closed","ping_status":"closed","template":"templates\/template-no-sidebar.php","meta":[],"_links":{"self":[{"href":"https:\/\/gemeinden.huegelland-taeler.de\/index.php?rest_route=\/wp\/v2\/pages\/71"}],"collection":[{"href":"https:\/\/gemeinden.huegelland-taeler.de\/index.php?rest_route=\/wp\/v2\/pages"}],"about":[{"href":"https:\/\/gemeinden.huegelland-taeler.de\/index.php?rest_route=\/wp\/v2\/types\/page"}],"author":[{"embeddable":true,"href":"https:\/\/gemeinden.huegelland-taeler.de\/index.php?rest_route=\/wp\/v2\/users\/1"}],"replies":[{"embeddable":true,"href":"https:\/\/gemeinden.huegelland-taeler.de\/index.php?rest_route=%2Fwp%2Fv2%2Fcomments&post=71"}],"version-history":[{"count":11,"href":"https:\/\/gemeinden.huegelland-taeler.de\/index.php?rest_route=\/wp\/v2\/pages\/71\/revisions"}],"predecessor-version":[{"id":1579,"href":"https:\/\/gemeinden.huegelland-taeler.de\/index.php?rest_route=\/wp\/v2\/pages\/71\/revisions\/1579"}],"up":[{"embeddable":true,"href":"https:\/\/gemeinden.huegelland-taeler.de\/index.php?rest_route=\/wp\/v2\/pages\/8"}],"wp:attachment":[{"href":"https:\/\/gemeinden.huegelland-taeler.de\/index.php?rest_route=%2Fwp%2Fv2%2Fmedia&parent=71"}],"curies":[{"name":"wp","href":"https:\/\/api.w.org\/{rel}","templated":true}]}}