{"id":596,"date":"2020-10-02T15:16:31","date_gmt":"2020-10-02T15:16:31","guid":{"rendered":"http:\/\/gemeinden.huegelland-taeler.de\/?page_id=596"},"modified":"2026-01-29T15:33:50","modified_gmt":"2026-01-29T15:33:50","slug":"troebnitz","status":"publish","type":"page","link":"https:\/\/gemeinden.huegelland-taeler.de\/?page_id=596","title":{"rendered":"Tr\u00f6bnitz"},"content":{"rendered":"\n<figure class=\"wp-block-image size-large\"><img decoding=\"async\" loading=\"lazy\" width=\"1024\" height=\"348\" src=\"https:\/\/gemeinden.huegelland-taeler.de\/wp-content\/uploads\/2020\/10\/Tr\u00f6bnitz_2.jpg\" alt=\"\" class=\"wp-image-836\" srcset=\"https:\/\/gemeinden.huegelland-taeler.de\/wp-content\/uploads\/2020\/10\/Tr\u00f6bnitz_2.jpg 1024w, https:\/\/gemeinden.huegelland-taeler.de\/wp-content\/uploads\/2020\/10\/Tr\u00f6bnitz_2-300x102.jpg 300w, https:\/\/gemeinden.huegelland-taeler.de\/wp-content\/uploads\/2020\/10\/Tr\u00f6bnitz_2-768x261.jpg 768w\" sizes=\"(max-width: 1024px) 100vw, 1024px\" \/><\/figure>\n\n\n<div class=\"wp-block-image\">\n<figure class=\"alignright size-large is-resized\"><img decoding=\"async\" loading=\"lazy\" src=\"https:\/\/gemeinden.huegelland-taeler.de\/wp-content\/uploads\/2020\/05\/troebnitzKk.gif\" alt=\"\" class=\"wp-image-598\" width=\"201\" height=\"115\"\/><\/figure><\/div>\n\n\n<p><strong>Kunst- und Musikdorf Tr\u00f6bnitz<\/strong><\/p>\n\n\n\n<figure class=\"wp-block-table alignleft\"><table><tbody><tr><td><strong>Gemeinde Tr\u00f6bnitz<\/strong> <\/td><td><\/td><\/tr><tr><td> Bundesland: <\/td><td>Th\u00fcringen <\/td><\/tr><tr><td>Landkreis:<\/td><td>Saale-Holzland-Kreis<\/td><\/tr><tr><td>Fl\u00e4che der Gemarkung:<\/td><td>217 ha<\/td><\/tr><tr><td> Einwohner <\/td><td>477<\/td><\/tr><tr><td> Adresse der Gemeindeverwaltung: <\/td><td>Pfarrwinkel 10<br>07646 Tr\u00f6bnitz <\/td><\/tr><tr><td>Postanschrift:<\/td><td>Verwaltungsgemeinschaft \u201cH\u00fcgelland-T\u00e4ler\u201d<br>Gemeinde Tr\u00f6bnitz<br>Pfarrwinkel 10<br>07646 Tr\u00f6bnitz<\/td><\/tr><tr><td><\/td><td><\/td><\/tr><tr><td>Fax:<\/td><td>036428 64848<\/td><\/tr><tr><td>B\u00fcrgermeister: <\/td><td>Lilly Krahner (0152 362 432 87)<\/td><\/tr><tr><td>Sprechzeit:<\/td><td>Montag 17.00 \u2013 18.00 Uhr<\/td><\/tr><tr><td>E-Mail:<\/td><td><a rel=\"noreferrer noopener\" href=\"mailto:buergermeister.troebnitz@gmail.com\" target=\"_blank\">buergermeister.troebnitz@gmail.com<\/a><\/td><\/tr><\/tbody><\/table><\/figure>\n\n\n\n<p><\/p>\n","protected":false},"excerpt":{"rendered":"<p>Kunst- und Musikdorf Tr\u00f6bnitz Gemeinde Tr\u00f6bnitz Bundesland: Th\u00fcringen Landkreis: Saale-Holzland-Kreis Fl\u00e4che der Gemarkung: 217 ha Einwohner 477 Adresse der Gemeindeverwaltung: Pfarrwinkel 1007646 Tr\u00f6bnitz Postanschrift: Verwaltungsgemeinschaft \u201cH\u00fcgelland-T\u00e4ler\u201dGemeinde Tr\u00f6bnitzPfarrwinkel 1007646 Tr\u00f6bnitz Fax: 036428 64848 B\u00fcrgermeister: Lilly Krahner (0152 362 432 87) Sprechzeit: Montag 17.00 \u2013 18.00 Uhr E-Mail: buergermeister.troebnitz@gmail.com<\/p>\n","protected":false},"author":1,"featured_media":0,"parent":8,"menu_order":0,"comment_status":"closed","ping_status":"closed","template":"templates\/template-no-sidebar.php","meta":[],"_links":{"self":[{"href":"https:\/\/gemeinden.huegelland-taeler.de\/index.php?rest_route=\/wp\/v2\/pages\/596"}],"collection":[{"href":"https:\/\/gemeinden.huegelland-taeler.de\/index.php?rest_route=\/wp\/v2\/pages"}],"about":[{"href":"https:\/\/gemeinden.huegelland-taeler.de\/index.php?rest_route=\/wp\/v2\/types\/page"}],"author":[{"embeddable":true,"href":"https:\/\/gemeinden.huegelland-taeler.de\/index.php?rest_route=\/wp\/v2\/users\/1"}],"replies":[{"embeddable":true,"href":"https:\/\/gemeinden.huegelland-taeler.de\/index.php?rest_route=%2Fwp%2Fv2%2Fcomments&post=596"}],"version-history":[{"count":19,"href":"https:\/\/gemeinden.huegelland-taeler.de\/index.php?rest_route=\/wp\/v2\/pages\/596\/revisions"}],"predecessor-version":[{"id":2150,"href":"https:\/\/gemeinden.huegelland-taeler.de\/index.php?rest_route=\/wp\/v2\/pages\/596\/revisions\/2150"}],"up":[{"embeddable":true,"href":"https:\/\/gemeinden.huegelland-taeler.de\/index.php?rest_route=\/wp\/v2\/pages\/8"}],"wp:attachment":[{"href":"https:\/\/gemeinden.huegelland-taeler.de\/index.php?rest_route=%2Fwp%2Fv2%2Fmedia&parent=596"}],"curies":[{"name":"wp","href":"https:\/\/api.w.org\/{rel}","templated":true}]}}