{"id":555,"date":"2020-03-02T16:44:59","date_gmt":"2020-03-02T16:44:59","guid":{"rendered":"http:\/\/gemeinden.huegelland-taeler.de\/?page_id=555"},"modified":"2025-06-12T17:17:10","modified_gmt":"2025-06-12T17:17:10","slug":"satzungen-tissa-ulrichswalde","status":"publish","type":"page","link":"https:\/\/gemeinden.huegelland-taeler.de\/?page_id=555","title":{"rendered":"Satzungen Tissa-Ulrichswalde"},"content":{"rendered":"\n<p>Hauptsatzung der Gemeinde Tissa<\/p>\n\n\n\n<div class=\"wp-block-file\"><a id=\"wp-block-file--media-eef64565-53b9-4e1a-8eb8-b460423b9a1d\" href=\"https:\/\/gemeinden.huegelland-taeler.de\/wp-content\/uploads\/2025\/06\/Hauptsatzung-der-Gemeinde-Tissa.pdf\">Hauptsatzung-der-Gemeinde-Tissa<\/a><a href=\"https:\/\/gemeinden.huegelland-taeler.de\/wp-content\/uploads\/2025\/06\/Hauptsatzung-der-Gemeinde-Tissa.pdf\" class=\"wp-block-file__button wp-element-button\" download aria-describedby=\"wp-block-file--media-eef64565-53b9-4e1a-8eb8-b460423b9a1d\">Herunterladen<\/a><\/div>\n\n\n\n<p>Hebesatzsatzung der Gemeinde Tissa<\/p>\n\n\n\n<div class=\"wp-block-file\"><a id=\"wp-block-file--media-4d09b161-8b36-4a5c-93f7-c8e1207a9c45\" href=\"https:\/\/gemeinden.huegelland-taeler.de\/wp-content\/uploads\/2025\/06\/Hebesatzsatzung-der-Gemeinde-Tissa.pdf\">Hebesatzsatzung-der-Gemeinde-Tissa<\/a><a href=\"https:\/\/gemeinden.huegelland-taeler.de\/wp-content\/uploads\/2025\/06\/Hebesatzsatzung-der-Gemeinde-Tissa.pdf\" class=\"wp-block-file__button wp-element-button\" download aria-describedby=\"wp-block-file--media-4d09b161-8b36-4a5c-93f7-c8e1207a9c45\">Herunterladen<\/a><\/div>\n\n\n\n<p>Hundesteuersatzung der Gemeinde Tissa<\/p>\n\n\n\n<div class=\"wp-block-file\"><a id=\"wp-block-file--media-f36db28e-229c-4bd6-b331-40a303ab03a9\" href=\"https:\/\/gemeinden.huegelland-taeler.de\/wp-content\/uploads\/2025\/06\/Hundesteuersatzung-der-Gemeinde-Tissa.pdf\">Hundesteuersatzung-der-Gemeinde-Tissa<\/a><a href=\"https:\/\/gemeinden.huegelland-taeler.de\/wp-content\/uploads\/2025\/06\/Hundesteuersatzung-der-Gemeinde-Tissa.pdf\" class=\"wp-block-file__button wp-element-button\" download aria-describedby=\"wp-block-file--media-f36db28e-229c-4bd6-b331-40a303ab03a9\">Herunterladen<\/a><\/div>\n\n\n\n<p>Feuerwehrsatzung der Gemeinde Tissa<\/p>\n\n\n\n<div class=\"wp-block-file\"><a id=\"wp-block-file--media-f9228ff5-8be4-4d7a-820a-3ffed94e9496\" href=\"https:\/\/gemeinden.huegelland-taeler.de\/wp-content\/uploads\/2025\/06\/Feuerwehrsatzung-der-Gemeinde-Tissa.pdf\">Feuerwehrsatzung-der-Gemeinde-Tissa<\/a><a href=\"https:\/\/gemeinden.huegelland-taeler.de\/wp-content\/uploads\/2025\/06\/Feuerwehrsatzung-der-Gemeinde-Tissa.pdf\" class=\"wp-block-file__button wp-element-button\" download aria-describedby=\"wp-block-file--media-f9228ff5-8be4-4d7a-820a-3ffed94e9496\">Herunterladen<\/a><\/div>\n\n\n\n<p>Feuerwehraufwandsentsch\u00e4digungssatzung der Gemeinde Tissa<\/p>\n\n\n\n<div class=\"wp-block-file\"><a id=\"wp-block-file--media-a1e1d902-9c04-4cd0-b49a-6e1b04953d71\" href=\"https:\/\/gemeinden.huegelland-taeler.de\/wp-content\/uploads\/2025\/06\/Feuerwehraufwandsentschaedigungssatzung-der-Gemeinde-Tissa.pdf\">Feuerwehraufwandsentschaedigungssatzung-der-Gemeinde-Tissa<\/a><a href=\"https:\/\/gemeinden.huegelland-taeler.de\/wp-content\/uploads\/2025\/06\/Feuerwehraufwandsentschaedigungssatzung-der-Gemeinde-Tissa.pdf\" class=\"wp-block-file__button wp-element-button\" download aria-describedby=\"wp-block-file--media-a1e1d902-9c04-4cd0-b49a-6e1b04953d71\">Herunterladen<\/a><\/div>\n\n\n\n<p>Friedhofssatzung der Gemeinde Tissa<\/p>\n\n\n\n<div class=\"wp-block-file\"><a id=\"wp-block-file--media-d6a86720-ae92-4df4-af79-74d54a60906f\" href=\"https:\/\/gemeinden.huegelland-taeler.de\/wp-content\/uploads\/2025\/06\/Friedhofssatzung-der-Gemeinde-Tissa.pdf\">Friedhofssatzung-der-Gemeinde-Tissa<\/a><a href=\"https:\/\/gemeinden.huegelland-taeler.de\/wp-content\/uploads\/2025\/06\/Friedhofssatzung-der-Gemeinde-Tissa.pdf\" class=\"wp-block-file__button wp-element-button\" download aria-describedby=\"wp-block-file--media-d6a86720-ae92-4df4-af79-74d54a60906f\">Herunterladen<\/a><\/div>\n\n\n\n<p>Friedhofsgeb\u00fchrensatzung der Gemeinde Tissa<\/p>\n\n\n\n<div class=\"wp-block-file\"><a id=\"wp-block-file--media-eb4b71a7-359b-4426-84bf-263513ef48ff\" href=\"https:\/\/gemeinden.huegelland-taeler.de\/wp-content\/uploads\/2025\/06\/Friedhofsgebuehrensatzung-der-Gemeinde-Tissa.pdf\">Friedhofsgebuehrensatzung-der-Gemeinde-Tissa<\/a><a href=\"https:\/\/gemeinden.huegelland-taeler.de\/wp-content\/uploads\/2025\/06\/Friedhofsgebuehrensatzung-der-Gemeinde-Tissa.pdf\" class=\"wp-block-file__button wp-element-button\" download aria-describedby=\"wp-block-file--media-eb4b71a7-359b-4426-84bf-263513ef48ff\">Herunterladen<\/a><\/div>\n\n\n\n<p>Nutzungsordnung f\u00fcr das Dorfgemeinschaftshaus in Tissa<\/p>\n\n\n\n<div class=\"wp-block-file\"><a id=\"wp-block-file--media-654440ff-3eb4-4f6d-a2f1-ffd9ff5bddec\" href=\"https:\/\/gemeinden.huegelland-taeler.de\/wp-content\/uploads\/2025\/06\/Nutzungsordnung-fuer-das-Dorfgemeinschaftshaus-in-Tissa.pdf\">Nutzungsordnung-fuer-das-Dorfgemeinschaftshaus-in-Tissa<\/a><a href=\"https:\/\/gemeinden.huegelland-taeler.de\/wp-content\/uploads\/2025\/06\/Nutzungsordnung-fuer-das-Dorfgemeinschaftshaus-in-Tissa.pdf\" class=\"wp-block-file__button wp-element-button\" download aria-describedby=\"wp-block-file--media-654440ff-3eb4-4f6d-a2f1-ffd9ff5bddec\">Herunterladen<\/a><\/div>\n\n\n\n<p>Nutzungsordnung f\u00fcr den Gemeinderaum in Ulrichswalde<\/p>\n\n\n\n<div class=\"wp-block-file\"><a id=\"wp-block-file--media-3bfe04e4-7b25-4454-9ab2-9a680b030d6a\" href=\"https:\/\/gemeinden.huegelland-taeler.de\/wp-content\/uploads\/2025\/06\/Nutzungsordnung-fuer-den-Gemeinderaum-in-Ulrichswalde.pdf\">Nutzungsordnung-fuer-den-Gemeinderaum-in-Ulrichswalde<\/a><a href=\"https:\/\/gemeinden.huegelland-taeler.de\/wp-content\/uploads\/2025\/06\/Nutzungsordnung-fuer-den-Gemeinderaum-in-Ulrichswalde.pdf\" class=\"wp-block-file__button wp-element-button\" download aria-describedby=\"wp-block-file--media-3bfe04e4-7b25-4454-9ab2-9a680b030d6a\">Herunterladen<\/a><\/div>\n\n\n\n<p>Verwaltungskostensatzung der Gemeinde Tissa<\/p>\n\n\n\n<div class=\"wp-block-file\"><a id=\"wp-block-file--media-77e1cc2e-bfab-4d9d-a5d4-739fcc11504d\" href=\"https:\/\/gemeinden.huegelland-taeler.de\/wp-content\/uploads\/2025\/06\/Verwaltungskostensatzung-der-Gemeinde-Tissa.pdf\">Verwaltungskostensatzung-der-Gemeinde-Tissa<\/a><a href=\"https:\/\/gemeinden.huegelland-taeler.de\/wp-content\/uploads\/2025\/06\/Verwaltungskostensatzung-der-Gemeinde-Tissa.pdf\" class=\"wp-block-file__button wp-element-button\" download aria-describedby=\"wp-block-file--media-77e1cc2e-bfab-4d9d-a5d4-739fcc11504d\">Herunterladen<\/a><\/div>\n","protected":false},"excerpt":{"rendered":"<p>Hauptsatzung der Gemeinde Tissa Hebesatzsatzung der Gemeinde Tissa Hundesteuersatzung der Gemeinde Tissa Feuerwehrsatzung der Gemeinde Tissa Feuerwehraufwandsentsch\u00e4digungssatzung der Gemeinde Tissa Friedhofssatzung der Gemeinde Tissa Friedhofsgeb\u00fchrensatzung der Gemeinde Tissa Nutzungsordnung f\u00fcr das Dorfgemeinschaftshaus in Tissa Nutzungsordnung f\u00fcr den Gemeinderaum in Ulrichswalde Verwaltungskostensatzung der Gemeinde Tissa<\/p>\n","protected":false},"author":1,"featured_media":0,"parent":363,"menu_order":0,"comment_status":"closed","ping_status":"closed","template":"","meta":[],"_links":{"self":[{"href":"https:\/\/gemeinden.huegelland-taeler.de\/index.php?rest_route=\/wp\/v2\/pages\/555"}],"collection":[{"href":"https:\/\/gemeinden.huegelland-taeler.de\/index.php?rest_route=\/wp\/v2\/pages"}],"about":[{"href":"https:\/\/gemeinden.huegelland-taeler.de\/index.php?rest_route=\/wp\/v2\/types\/page"}],"author":[{"embeddable":true,"href":"https:\/\/gemeinden.huegelland-taeler.de\/index.php?rest_route=\/wp\/v2\/users\/1"}],"replies":[{"embeddable":true,"href":"https:\/\/gemeinden.huegelland-taeler.de\/index.php?rest_route=%2Fwp%2Fv2%2Fcomments&post=555"}],"version-history":[{"count":20,"href":"https:\/\/gemeinden.huegelland-taeler.de\/index.php?rest_route=\/wp\/v2\/pages\/555\/revisions"}],"predecessor-version":[{"id":2023,"href":"https:\/\/gemeinden.huegelland-taeler.de\/index.php?rest_route=\/wp\/v2\/pages\/555\/revisions\/2023"}],"up":[{"embeddable":true,"href":"https:\/\/gemeinden.huegelland-taeler.de\/index.php?rest_route=\/wp\/v2\/pages\/363"}],"wp:attachment":[{"href":"https:\/\/gemeinden.huegelland-taeler.de\/index.php?rest_route=%2Fwp%2Fv2%2Fmedia&parent=555"}],"curies":[{"name":"wp","href":"https:\/\/api.w.org\/{rel}","templated":true}]}}