{"id":508,"date":"2020-02-14T09:41:13","date_gmt":"2020-02-14T09:41:13","guid":{"rendered":"http:\/\/gemeinden.huegelland-taeler.de\/?page_id=508"},"modified":"2023-02-04T18:14:43","modified_gmt":"2023-02-04T18:14:43","slug":"tautendorf","status":"publish","type":"page","link":"https:\/\/gemeinden.huegelland-taeler.de\/?page_id=508","title":{"rendered":"Tautendorf"},"content":{"rendered":"\n<figure class=\"wp-block-table\"><table><tbody><tr><td><strong>Gemeinde<\/strong> <strong>Tautendorf<\/strong>                            <\/td><td><\/td><\/tr><tr><td> Bundesland: <\/td><td>Th\u00fcringen <\/td><\/tr><tr><td>Landkreis:<\/td><td>Saale-Holzland-Kreis<\/td><\/tr><tr><td>Fl\u00e4che der Gemarkung:<\/td><td> 529  ha<\/td><\/tr><tr><td>Einwohner <\/td><td>147<\/td><\/tr><tr><td>Adresse der Gemeindeverwaltung: <\/td><td> Dorfstra\u00dfe 36<br>07646 Tautendorf <\/td><\/tr><tr><td>Postanschrift:<\/td><td>Verwaltungsgemeinschaft \u201cH\u00fcgelland-T\u00e4ler\u201d<br>Gemeinde Tautendorf<br>Pfarrwinkel 10<br>07646 Tr\u00f6bnitz <\/td><\/tr><tr><td>Telefon Gemeindeb\u00fcro: <\/td><td> 036426 48981 <\/td><\/tr><tr><td>Fax:<\/td><td> 036426  50803 <\/td><\/tr><tr><td>B\u00fcrgermeister: <\/td><td> Volker Bauer<\/td><\/tr><tr><td>Sprechzeit:<\/td><td>nachtelefonischer Vereinbarung<\/td><\/tr><tr><td>E-Mail:<\/td><td>bgmtdf@gmail.com<\/td><\/tr><\/tbody><\/table><\/figure>\n\n\n<div class=\"wp-block-image\">\n<figure class=\"alignright size-large is-resized\"><img decoding=\"async\" loading=\"lazy\" src=\"https:\/\/gemeinden.huegelland-taeler.de\/wp-content\/uploads\/2020\/02\/Tautendorf-\u00d6lgeme\u00e4lde-1024x672.jpg\" alt=\"\" class=\"wp-image-521\" width=\"406\" height=\"266\" srcset=\"https:\/\/gemeinden.huegelland-taeler.de\/wp-content\/uploads\/2020\/02\/Tautendorf-\u00d6lgeme\u00e4lde-1024x672.jpg 1024w, https:\/\/gemeinden.huegelland-taeler.de\/wp-content\/uploads\/2020\/02\/Tautendorf-\u00d6lgeme\u00e4lde-300x197.jpg 300w, https:\/\/gemeinden.huegelland-taeler.de\/wp-content\/uploads\/2020\/02\/Tautendorf-\u00d6lgeme\u00e4lde-768x504.jpg 768w, https:\/\/gemeinden.huegelland-taeler.de\/wp-content\/uploads\/2020\/02\/Tautendorf-\u00d6lgeme\u00e4lde-1536x1008.jpg 1536w, https:\/\/gemeinden.huegelland-taeler.de\/wp-content\/uploads\/2020\/02\/Tautendorf-\u00d6lgeme\u00e4lde-2048x1344.jpg 2048w\" sizes=\"(max-width: 406px) 100vw, 406px\" \/><figcaption class=\"wp-element-caption\"><a href=\"https:\/\/gemeinden.huegelland-taeler.de\/?page_id=512\">Nachgeschaut in Tautendorf<\/a><\/figcaption><\/figure><\/div>\n\n<div class=\"wp-block-image\">\n<figure class=\"alignleft size-large is-resized\"><img decoding=\"async\" loading=\"lazy\" src=\"https:\/\/gemeinden.huegelland-taeler.de\/wp-content\/uploads\/2020\/02\/ak_tautendorf2a.jpg\" alt=\"\" class=\"wp-image-520\" width=\"377\" height=\"260\" srcset=\"https:\/\/gemeinden.huegelland-taeler.de\/wp-content\/uploads\/2020\/02\/ak_tautendorf2a.jpg 640w, https:\/\/gemeinden.huegelland-taeler.de\/wp-content\/uploads\/2020\/02\/ak_tautendorf2a-300x207.jpg 300w\" sizes=\"(max-width: 377px) 100vw, 377px\" \/><figcaption class=\"wp-element-caption\"><a href=\"https:\/\/gemeinden.huegelland-taeler.de\/?page_id=510\">Ortsgeschichte Tautendorf<\/a><\/figcaption><\/figure><\/div>\n\n<div class=\"wp-block-image\">\n<figure class=\"alignleft size-large is-resized\"><img decoding=\"async\" loading=\"lazy\" src=\"https:\/\/gemeinden.huegelland-taeler.de\/wp-content\/uploads\/2020\/02\/Posaunenchor-Tautendorf-Logo-1.png\" alt=\"\" class=\"wp-image-522\" width=\"435\" height=\"296\" srcset=\"https:\/\/gemeinden.huegelland-taeler.de\/wp-content\/uploads\/2020\/02\/Posaunenchor-Tautendorf-Logo-1.png 640w, https:\/\/gemeinden.huegelland-taeler.de\/wp-content\/uploads\/2020\/02\/Posaunenchor-Tautendorf-Logo-1-300x204.png 300w\" sizes=\"(max-width: 435px) 100vw, 435px\" \/><figcaption class=\"wp-element-caption\"><a href=\"https:\/\/gemeinden.huegelland-taeler.de\/?page_id=514\">Posaunenchor Tautendorf<\/a><\/figcaption><\/figure><\/div>\n\n<div class=\"wp-block-image is-style-circle-mask\">\n<figure class=\"alignright size-large is-resized\"><img decoding=\"async\" loading=\"lazy\" src=\"https:\/\/gemeinden.huegelland-taeler.de\/wp-content\/uploads\/2020\/02\/Alter_Feuerwehrhelm_Tautendorf.jpg\" alt=\"\" class=\"wp-image-526\" width=\"299\" height=\"416\" srcset=\"https:\/\/gemeinden.huegelland-taeler.de\/wp-content\/uploads\/2020\/02\/Alter_Feuerwehrhelm_Tautendorf.jpg 340w, https:\/\/gemeinden.huegelland-taeler.de\/wp-content\/uploads\/2020\/02\/Alter_Feuerwehrhelm_Tautendorf-215x300.jpg 215w\" sizes=\"(max-width: 299px) 100vw, 299px\" \/><figcaption class=\"wp-element-caption\"><a href=\"https:\/\/gemeinden.huegelland-taeler.de\/?page_id=524\">Heimatbuch zum 725. Ortsjubil\u00e4um<\/a><\/figcaption><\/figure><\/div>\n\n\n<p><\/p>\n","protected":false},"excerpt":{"rendered":"<p>Gemeinde Tautendorf Bundesland: Th\u00fcringen Landkreis: Saale-Holzland-Kreis Fl\u00e4che der Gemarkung: 529 ha Einwohner 147 Adresse der Gemeindeverwaltung: Dorfstra\u00dfe 3607646 Tautendorf Postanschrift: Verwaltungsgemeinschaft \u201cH\u00fcgelland-T\u00e4ler\u201dGemeinde TautendorfPfarrwinkel 1007646 Tr\u00f6bnitz Telefon Gemeindeb\u00fcro: 036426 48981 Fax: 036426 50803 B\u00fcrgermeister: Volker Bauer Sprechzeit: nachtelefonischer Vereinbarung E-Mail: bgmtdf@gmail.com<\/p>\n","protected":false},"author":1,"featured_media":0,"parent":8,"menu_order":0,"comment_status":"closed","ping_status":"closed","template":"templates\/template-no-sidebar.php","meta":[],"_links":{"self":[{"href":"https:\/\/gemeinden.huegelland-taeler.de\/index.php?rest_route=\/wp\/v2\/pages\/508"}],"collection":[{"href":"https:\/\/gemeinden.huegelland-taeler.de\/index.php?rest_route=\/wp\/v2\/pages"}],"about":[{"href":"https:\/\/gemeinden.huegelland-taeler.de\/index.php?rest_route=\/wp\/v2\/types\/page"}],"author":[{"embeddable":true,"href":"https:\/\/gemeinden.huegelland-taeler.de\/index.php?rest_route=\/wp\/v2\/users\/1"}],"replies":[{"embeddable":true,"href":"https:\/\/gemeinden.huegelland-taeler.de\/index.php?rest_route=%2Fwp%2Fv2%2Fcomments&post=508"}],"version-history":[{"count":11,"href":"https:\/\/gemeinden.huegelland-taeler.de\/index.php?rest_route=\/wp\/v2\/pages\/508\/revisions"}],"predecessor-version":[{"id":1590,"href":"https:\/\/gemeinden.huegelland-taeler.de\/index.php?rest_route=\/wp\/v2\/pages\/508\/revisions\/1590"}],"up":[{"embeddable":true,"href":"https:\/\/gemeinden.huegelland-taeler.de\/index.php?rest_route=\/wp\/v2\/pages\/8"}],"wp:attachment":[{"href":"https:\/\/gemeinden.huegelland-taeler.de\/index.php?rest_route=%2Fwp%2Fv2%2Fmedia&parent=508"}],"curies":[{"name":"wp","href":"https:\/\/api.w.org\/{rel}","templated":true}]}}