{"id":451,"date":"2020-02-14T08:08:14","date_gmt":"2020-02-14T08:08:14","guid":{"rendered":"http:\/\/gemeinden.huegelland-taeler.de\/?page_id=451"},"modified":"2020-02-14T08:09:03","modified_gmt":"2020-02-14T08:09:03","slug":"nachgeschaut-in-gneus-2015","status":"publish","type":"page","link":"https:\/\/gemeinden.huegelland-taeler.de\/?page_id=451","title":{"rendered":"Nachgeschaut in Gneus 2015"},"content":{"rendered":"\n<p>Die Gemeinde Gneus ist mit ihren zwei Ortsteilen Ober\u00ad und Untergneus eine charakteristische H\u00fcgellandgemeinde. <br> Gro\u00dfe Geh\u00f6fte, welche auf eine berichtenswerte Ver-angenheit schlie\u00dfen lassen, in jedem Ortsteil ein gepflegter Spielplatz und mindestens eine Dorflinde pr\u00e4gen das Ortsbildgrundlegend. <br> <br> Die Doppelgemeinde, welche rund 171 Einwohnern ihr Zuhause bietet, kann ihre Wurzeln bis in das Jahr 1411 zur\u00fcck datieren. Aus besagtem Jahr existiert ein Lehnbrief des Land-grafen Wilhelm. Im Jahre 1457 gehen \u201eZinsen Nydergnus und Obergnus in die Pflege Leuchtenburg\u201c. <br> Bereits 1570 gab es eine Schule, die sich neben der Kirche befindet und im Jahre 1677 vom Blitz getroffen niederbrannte. Bis 1961 besuchten die Kinder aus Gneus die ortsans\u00e4ssige Schule, danach mussten die Sch\u00fcler in der Zentralschule in Tr\u00f6bnitz lernen. Im selben Jahr wurde der letzte in Gneus wirkende Lehrer, Herr Krapp, in den Ruhestand versetzt. <br>Er ist der Erfinder des Gneuser Heimatabends, den er im Januar 1957 ins Leben rief. Seit mehr als 50 Jahren f\u00fchrt Ortschronist Wolfgang Seim diese Tradition fort. <br> <br> Die gemeinsame Kirche beider Ortsteile beherbergt ein kostbares Kleinod der Orgelbaugeschichte. Im Jahre 1737 wird von Justus Ehrenfried Gerhard eine neue Orgel eingebaut. Sie ist die \u00e4lteste erhaltene Orgel im Gebiet des ehemaligen Kreises Stadtroda und konnte durch den Einsatz des Vereins zur Wahrung und Rettung kirchlicher Kunst und Kultur im Umkreis Stadtroda e.V. erhalten werden. Mit der Orgelweihe 1994 endete das aufw\u00e4ndige Sanierungsvorhaben. Dies war nur m\u00f6glich, da die 1820 neu erbaute Kirche nach der Wende St\u00fcck f\u00fcr St\u00fcck saniert wurde. <br> <br>Aktiv waren die Gneuser schon immer. Ob beim Stra\u00dfen\u00ad und Dorfplatzbau in den 60er Jahren, ob im Zuge der Dorferneue\u00adrung oder beim Sport. Doch hierzu sp\u00e4ter. Die beiden Spielpl\u00e4tze in Unter\u00ad und Obergneus unterzog man einer Frischzellenkur, unterwarf sich auch den Sicherheitsbestimmungen (denen das Kletterger\u00fcst mit Rutsche in Obergneus) leider zum Opfer fiel. Doch der dortige Volleyballplatz erfreut sich in den Sommermonaten gro\u00dfer Beliebtheit. <br> <br>Einen gro\u00dfen Schwerpunkt der Arbeiten im Ort bildete das Kulturhaus in Untergneus. Fenster, Dach und Fassade sind erneuert, ebenso die Sanit\u00e4ranlagen. Folglich k\u00f6nnen die Feierlichkeiten im Ort, vom Heimatabend, \u00fcber das Maibaumsetzen \u2013 alle zwei Jahre in Untergneus \u2013 bis hin zu privaten Feiern, in gepflegter Atmosph\u00e4re stattfinden. <br> <br>Die Gemeinde nahm inzwischen nochmals viel Geld in die Hand, baute die alte Schule, sp\u00e4ter Konsum aus und um, so dass inzwischen eine Zweiraum\u00ad sowie eine Vierraumwohnung entstanden und sogleich vermietet werden konnten. <br> <br>F\u00fcr diese neu geschaffenen Wohnungen sowie das Kulturhaus musste in eine vollbiologische Kl\u00e4ranlage investiert werden \u2013 kein billiges Vergn\u00fcgen, wie B\u00fcrgermeister Roland Helmrich berichtet. Weiter erw\u00e4hnt er, dass der gr\u00f6\u00dfte Posten im Haushalt die zu entrichtenden Kindergartengeb\u00fchren sind. \u201eNat\u00fcrlich sind wir froh, dass auch die jungen Leute hier im Dorf bleiben, Kinder da sind. Keine Frage! Aber langfristig ist in dieser Beziehung das Land gefordert. Noch k\u00f6nnen wir einen soliden Haushalt aufstellen \u2013 doch wer wei\u00df, wie lange noch\u201c. Mit den Jagd-p\u00e4chtern sowie der Agrargenossenschaft Geisenhain pflegt die Gemeinde ein sehr gutes Verh\u00e4ltnis. Wie sollte es doch anders sein, ist ein \u201eBetriebsteil\u201c der Genossenschaft doch in Obergneus ans\u00e4ssig, arbeiten auch einige Gneuser in der Agrargenossenschaft. <br> <br>Dass die Gneuser Feuer wehr mit aktiven 21 Kameraden aber dringend Nachwuchs sucht, ist nicht nur f\u00fcr die Gemeinde Gneus pr\u00e4gnant. Wichtig ist, dass die Feuerwehr aktiv ist. Vier \u00dcbun-gen im Jahr oder die Absicherung des Hexenfeuers z\u00e4hlt der B\u00fcrgermeister hierf\u00fcr auf. <\/p>\n\n\n\n<p>Nun zu den Volleyballern: Sp\u00e4testens seit Dietmar Dahm zahlreiche Gneuser sportbegeisterte f\u00fcr eine Kreisligabeteiligung begeisterte, ist Gneus auch durch den Volleyballsport bekannt, wurden die Freizeitvolleyballer nicht mehr bel\u00e4chelt. <br> <br>Bereits viele Jahre vorher scharte der aus Gr\u00f6ben stammende Volleyballer interessierte um sich, sorgte f\u00fcr so manche Staubwolke am Sonntagnachmittag auf dem Obergneuser Volleyballplatz. Die Volleyballturniere mit Teams aus Gneus, Tr\u00f6bnitz, Jena, Rausdorf oder Torgelow lockten immer wie-der viele Besucher an, bildeten ein eigenst\u00e4ndiges kleines Dorffest. Heute spielt Gneus zwar nicht mehr als eigenst\u00e4ndige Mannschaft in der Volleyballkreisliga mit, doch sind immer noch Volleyballer aus Gneus in Tr\u00f6bnitz aktiv, spielen inzwischen in der Verbandsliga (Tonio Michallek) oder trainieren unter Coach Ulli R\u00f6sel aktiv. Auch heute noch ist der Volleyballplatz Treffpunkt und gern genutzte Sportanlage in Obergneus. <br> <br>Seit vielen Jahren steht in Obergneus eine echte Rentnerbank \u2013 sogar als solches gekennzeichnet. Da jedoch immer \u00f6fter auch \u201eNicht\u00adRentner\u201c sich gern hinzu gesellen, stellten die Gneuser bald eine zweite Bank auf, welche inzwischen durch eine dritte erg\u00e4nzt wurde. Stolz ist B\u00fcrgermeister Roland Helmrich, dass es, mit Ausnahme einer einzigen Immobilie \u2013 welche seit Jahren dem Verfall ausgesetzt ist \u2013 keinen Wohnungsleerstand im Ort gibt. An dieser Stelle bedauert er die Tatsache, dass der Gemeinde hierbei die H\u00e4nde gebunden sind \u2013 obwohl der zunehmende Verfall dieser Immobilie in absehbarer Zeit f\u00fcr Zugzwang sorgen d\u00fcrfte. Dass bis 2010 mit G\u00fcnther Seim einer der dienst\u00e4ltesten B\u00fcrgermeister der VG\u00adH\u00fcgelland im Amt war, stellte der damalige Redakteur des Dorfkurier, Torsten Schwarz, fest. Seit sich G\u00fcnther Seim im Juni 2010 nicht mehr zur Wahl stellte, f\u00fchrt Roland Helmrich als sein Nachfolger die Amtsgesch\u00e4fte fort. <br>V.H. (2015)<\/p>\n","protected":false},"excerpt":{"rendered":"<p>Die Gemeinde Gneus ist mit ihren zwei Ortsteilen Ober\u00ad und Untergneus eine charakteristische H\u00fcgellandgemeinde. Gro\u00dfe Geh\u00f6fte, welche auf eine berichtenswerte Ver-angenheit schlie\u00dfen lassen, in jedem Ortsteil ein gepflegter Spielplatz und mindestens eine Dorflinde pr\u00e4gen das Ortsbildgrundlegend. Die Doppelgemeinde, welche rund 171 Einwohnern ihr Zuhause bietet, kann ihre Wurzeln bis in das Jahr 1411 zur\u00fcck datieren. Aus besagtem Jahr existiert ein Lehnbrief des Land-grafen Wilhelm. Im Jahre 1457 gehen \u201eZinsen Nydergnus und Obergnus in die Pflege Leuchtenburg\u201c. Bereits 1570 gab es&#8230;<\/p>\n<p class=\"read-more\"><a class=\"btn btn-default\" href=\"https:\/\/gemeinden.huegelland-taeler.de\/?page_id=451\">Weiterlesen<span class=\"screen-reader-text\"> Weiterlesen<\/span><\/a><\/p>\n","protected":false},"author":1,"featured_media":0,"parent":442,"menu_order":0,"comment_status":"closed","ping_status":"closed","template":"templates\/template-no-sidebar.php","meta":[],"_links":{"self":[{"href":"https:\/\/gemeinden.huegelland-taeler.de\/index.php?rest_route=\/wp\/v2\/pages\/451"}],"collection":[{"href":"https:\/\/gemeinden.huegelland-taeler.de\/index.php?rest_route=\/wp\/v2\/pages"}],"about":[{"href":"https:\/\/gemeinden.huegelland-taeler.de\/index.php?rest_route=\/wp\/v2\/types\/page"}],"author":[{"embeddable":true,"href":"https:\/\/gemeinden.huegelland-taeler.de\/index.php?rest_route=\/wp\/v2\/users\/1"}],"replies":[{"embeddable":true,"href":"https:\/\/gemeinden.huegelland-taeler.de\/index.php?rest_route=%2Fwp%2Fv2%2Fcomments&post=451"}],"version-history":[{"count":3,"href":"https:\/\/gemeinden.huegelland-taeler.de\/index.php?rest_route=\/wp\/v2\/pages\/451\/revisions"}],"predecessor-version":[{"id":457,"href":"https:\/\/gemeinden.huegelland-taeler.de\/index.php?rest_route=\/wp\/v2\/pages\/451\/revisions\/457"}],"up":[{"embeddable":true,"href":"https:\/\/gemeinden.huegelland-taeler.de\/index.php?rest_route=\/wp\/v2\/pages\/442"}],"wp:attachment":[{"href":"https:\/\/gemeinden.huegelland-taeler.de\/index.php?rest_route=%2Fwp%2Fv2%2Fmedia&parent=451"}],"curies":[{"name":"wp","href":"https:\/\/api.w.org\/{rel}","templated":true}]}}