{"id":375,"date":"2020-02-13T15:52:45","date_gmt":"2020-02-13T15:52:45","guid":{"rendered":"http:\/\/gemeinden.huegelland-taeler.de\/?page_id=375"},"modified":"2020-02-13T15:58:20","modified_gmt":"2020-02-13T15:58:20","slug":"tisssaer-weihnachtsmarkt","status":"publish","type":"page","link":"https:\/\/gemeinden.huegelland-taeler.de\/?page_id=375","title":{"rendered":"Tissaer Weihnachtsmarkt"},"content":{"rendered":"\n<p>Weihnachtsmarkt 2010: \u201eTissa hat den Kleinsten\u201c<\/p>\n\n\n\n<figure class=\"wp-block-image is-resized\"><img decoding=\"async\" loading=\"lazy\" src=\"https:\/\/www.huegelland-taeler.de\/assets\/images\/WeimaTisa2010_1.jpg\" alt=\"WeimaTisa2010_1\" width=\"901\" height=\"603\"\/><\/figure>\n\n\n\n<p><br>F\u00fcnfzig  Liter Gl\u00fchwein, einen zwanzig Liter Kessel Gulaschsuppe und Bratw\u00fcrste  mit Rostbr\u00e4tel, ein Mann Verkaufspersonal und das alles in einer  Gl\u00fchweinbude, in diesem Fall das Brunnenhaus in Tissa. So sah er aus,  der &#8222;Kleinste Weihnachtsmarkt Deutschland`s&#8222; am 18.12.2010.<br>Da es  auch in diesem Jahr einer der bisher k\u00e4ltesten Tage des Jahres war,  wurde wieder in edler Sandlerweise mit Feuerk\u00f6rben in Form alter  Waschmaschinentrommeln mit angeschraubten F\u00fc\u00dfen geheizt. Geht aber nur  mit Frontladern w\u00e4hrend sich die Toplader gut zur Gem\u00fcsefrischhaltung im  Garten eingegraben eignen.<br><br>Im Verh\u00e4ltnis zum Weihnachtsmarkt ist  der Weihnachtsbaum, eine gewachsene Fichte mit einer H\u00f6he von 15 Meter  riesig. Brunnenhaus und Fichte mit Weinachtsbeleuchtung, und dazu noch  schneebedeckt, das ist ein Winterm\u00e4rchen.<br>Dora hat wieder einen Ihrer beliebten Zwiebelkuchen gebacken, und Steffi<br>lieferte gebrannte Mandeln. Also keine V\u00f6llerei, sondern zur\u00fcck zu den Wurzeln.<br><br>Auch  dieses Jahr wurde wieder nichts unversucht gelassen die hundert G\u00e4ste  zum gemeinsamen Weihnachtsliedersingen zu animieren. Textb\u00fccher und  Karaokemusik verleiteten zumindest einen Teil der G\u00e4ste zum Mitsingen.  Die M\u00e4dels sind hier stimmgewaltiger, in diesem Fall zieren sich eher  die Herren. Dabei waren die beim Gl\u00fchweinumsatz aber wieder Spitze.  Lecker Gl\u00fchwein in zwei Geschmacksrichtungen, pur und mit Amaretto,  lassen die K\u00e4lte vergessen. Bier gibts heute nur mit Attest.<\/p>\n\n\n\n<div class=\"wp-block-image\"><figure class=\"alignleft\"><img decoding=\"async\" src=\"https:\/\/www.huegelland-taeler.de\/assets\/images\/WeimaTisa2010_4.jpg\" alt=\"WeimaTisa2010_4\"\/><\/figure><\/div>\n\n\n\n<div class=\"wp-block-image\"><figure class=\"alignright\"><img decoding=\"async\" src=\"https:\/\/www.huegelland-taeler.de\/assets\/images\/WeimaTisa2010_3.jpg\" alt=\"WeimaTisa2010_3\"\/><\/figure><\/div>\n\n\n\n<p><\/p>\n\n\n\n<p><br>Weihnachtsm\u00e4nner  wurden allerdings keine gesichtet. Einmal fehlten die Parkm\u00f6glichkeiten  f\u00fcr Pferdeschlitten, da der Dorfplatz bereits mit Schneebergen zugebaut  war und zum anderen hatten sich die meisten Tissaer Schneeschieber  gew\u00fcnscht, und die gab`s nicht mal <br>beim Weihnachtsmann.<br><\/p>\n\n\n\n<div class=\"wp-block-image\"><figure class=\"alignleft is-resized\"><img decoding=\"async\" loading=\"lazy\" src=\"https:\/\/www.huegelland-taeler.de\/assets\/images\/WeimaTisa2010_2.jpg\" alt=\"WeimaTisa2010_2\" width=\"558\" height=\"373\"\/><\/figure><\/div>\n\n\n\n<p><br>Aber\n l\u00e4nger als f\u00fcnf Stunden halten dann doch nur wenige durch, denn \nirgendwann schlackern die Wadeln und das nicht nur vom langen Stehen an \nder Holzfeuertrommel. Die Erinnerung an einen sch\u00f6nen Abend ist am \nn\u00e4chsten Tag nicht nur ein dicker Gl\u00fchweinsch\u00e4del, sondern auch der \nGeruch von frischer R\u00e4ucherware im ganzen Haus der sich nur schwer aus \nden Klamotten verzieht. Aber im n\u00e4chsten Jahr gehn wir nat\u00fcrlich wieder \nhin.<br><br>Reiner Hartung<br>B\u00fcrgermeister<br><br>Fotos: Andreas Stausberg<br>&nbsp;<\/p>\n","protected":false},"excerpt":{"rendered":"<p>Weihnachtsmarkt 2010: \u201eTissa hat den Kleinsten\u201c F\u00fcnfzig Liter Gl\u00fchwein, einen zwanzig Liter Kessel Gulaschsuppe und Bratw\u00fcrste mit Rostbr\u00e4tel, ein Mann Verkaufspersonal und das alles in einer Gl\u00fchweinbude, in diesem Fall das Brunnenhaus in Tissa. So sah er aus, der &#8222;Kleinste Weihnachtsmarkt Deutschland`s&#8222; am 18.12.2010.Da es auch in diesem Jahr einer der bisher k\u00e4ltesten Tage des Jahres war, wurde wieder in edler Sandlerweise mit Feuerk\u00f6rben in Form alter Waschmaschinentrommeln mit angeschraubten F\u00fc\u00dfen geheizt. Geht aber nur mit Frontladern w\u00e4hrend sich die&#8230;<\/p>\n<p class=\"read-more\"><a class=\"btn btn-default\" href=\"https:\/\/gemeinden.huegelland-taeler.de\/?page_id=375\">Weiterlesen<span class=\"screen-reader-text\"> Weiterlesen<\/span><\/a><\/p>\n","protected":false},"author":1,"featured_media":0,"parent":363,"menu_order":0,"comment_status":"closed","ping_status":"closed","template":"templates\/template-no-sidebar.php","meta":[],"_links":{"self":[{"href":"https:\/\/gemeinden.huegelland-taeler.de\/index.php?rest_route=\/wp\/v2\/pages\/375"}],"collection":[{"href":"https:\/\/gemeinden.huegelland-taeler.de\/index.php?rest_route=\/wp\/v2\/pages"}],"about":[{"href":"https:\/\/gemeinden.huegelland-taeler.de\/index.php?rest_route=\/wp\/v2\/types\/page"}],"author":[{"embeddable":true,"href":"https:\/\/gemeinden.huegelland-taeler.de\/index.php?rest_route=\/wp\/v2\/users\/1"}],"replies":[{"embeddable":true,"href":"https:\/\/gemeinden.huegelland-taeler.de\/index.php?rest_route=%2Fwp%2Fv2%2Fcomments&post=375"}],"version-history":[{"count":2,"href":"https:\/\/gemeinden.huegelland-taeler.de\/index.php?rest_route=\/wp\/v2\/pages\/375\/revisions"}],"predecessor-version":[{"id":382,"href":"https:\/\/gemeinden.huegelland-taeler.de\/index.php?rest_route=\/wp\/v2\/pages\/375\/revisions\/382"}],"up":[{"embeddable":true,"href":"https:\/\/gemeinden.huegelland-taeler.de\/index.php?rest_route=\/wp\/v2\/pages\/363"}],"wp:attachment":[{"href":"https:\/\/gemeinden.huegelland-taeler.de\/index.php?rest_route=%2Fwp%2Fv2%2Fmedia&parent=375"}],"curies":[{"name":"wp","href":"https:\/\/api.w.org\/{rel}","templated":true}]}}