{"id":363,"date":"2020-02-13T15:23:14","date_gmt":"2020-02-13T15:23:14","guid":{"rendered":"http:\/\/gemeinden.huegelland-taeler.de\/?page_id=363"},"modified":"2023-02-04T18:16:21","modified_gmt":"2023-02-04T18:16:21","slug":"tissa-ulrichswalde","status":"publish","type":"page","link":"https:\/\/gemeinden.huegelland-taeler.de\/?page_id=363","title":{"rendered":"Tissa\/Ulrichswalde"},"content":{"rendered":"\n<figure class=\"wp-block-image size-large is-resized\"><img decoding=\"async\" loading=\"lazy\" src=\"https:\/\/gemeinden.huegelland-taeler.de\/wp-content\/uploads\/2020\/02\/tissaKk.gif\" alt=\"\" class=\"wp-image-365\" width=\"209\" height=\"119\"\/><\/figure>\n\n\n\n<p class=\"has-text-align-center\"><a href=\"https:\/\/gemeinden.huegelland-taeler.de\/?page_id=972\"><strong>Bebauungsplan &#8222;Der Kirchberg&#8220; 1. \u00c4nderung <\/strong><\/a><br>ab 22.10.2020<\/p>\n\n\n\n<p class=\"has-text-align-center\"><strong><a href=\"https:\/\/gemeinden.huegelland-taeler.de\/?page_id=949\">Bekanntmachungen Bebauungsplan \u201eDer Kirchberg\u201c 1. \u00c4nderung<\/a><\/strong> <br>ab 2.11.2020 <\/p>\n\n\n\n<p class=\"has-text-align-center\"><\/p>\n\n\n\n<figure class=\"wp-block-table\"><table><tbody><tr><td><strong>Gemeinde Tissa \/ Ulrichswalde<\/strong><\/td><td><\/td><\/tr><tr><td> Bundesland: <\/td><td>Th\u00fcringen <\/td><\/tr><tr><td>Landkreis:<\/td><td>Saale-Holzland-Kreis<\/td><\/tr><tr><td>Fl\u00e4che der Gemarkung:<\/td><td>411 ha<\/td><\/tr><tr><td> Einwohner <\/td><td>137<\/td><\/tr><tr><td> Adresse der Gemeindeverwaltung: <\/td><td>Ulrichswalde 7<br>07646 Ulrichswalde <\/td><\/tr><tr><td>Postanschrift:<\/td><td>Verwaltungsgemeinschaft \u201cH\u00fcgelland-T\u00e4ler\u201d<br>Gemeinde Tissa \/ Ulrichswalde<br>Pfarrwinkel 10<br>07646 Tr\u00f6bnitz <\/td><\/tr><tr><td> Telefon Gemeindeb\u00fcro: <\/td><td> 036428   61202  <\/td><\/tr><tr><td>Fax:<\/td><td> 036428 64848 <\/td><\/tr><tr><td> B\u00fcrgermeister: <\/td><td>  Reiner Hartung <\/td><\/tr><tr><td>Sprechzeit:<\/td><td>  Samstag 18.00 &#8211; 19.00 Uhr <\/td><\/tr><tr><td>E-Mail:<\/td><td>tissaer2000@t-online.de<\/td><\/tr><tr><td><a href=\"https:\/\/gemeinden.huegelland-taeler.de\/?page_id=555\"><strong>Satzungen Tissa-Ulrichswalde <\/strong><\/a><\/td><td><\/td><\/tr><\/tbody><\/table><\/figure>\n\n\n<div class=\"wp-block-image\">\n<figure class=\"alignleft size-large is-resized\"><img decoding=\"async\" loading=\"lazy\" src=\"https:\/\/gemeinden.huegelland-taeler.de\/wp-content\/uploads\/2020\/02\/Ulrichswalde.jpg\" alt=\"\" class=\"wp-image-377\" width=\"394\" height=\"267\" srcset=\"https:\/\/gemeinden.huegelland-taeler.de\/wp-content\/uploads\/2020\/02\/Ulrichswalde.jpg 581w, https:\/\/gemeinden.huegelland-taeler.de\/wp-content\/uploads\/2020\/02\/Ulrichswalde-300x203.jpg 300w\" sizes=\"(max-width: 394px) 100vw, 394px\" \/><figcaption class=\"wp-element-caption\"><a href=\"https:\/\/gemeinden.huegelland-taeler.de\/?page_id=368\">Ortsgeschichte Tissa\/Ulrichswalde<\/a><\/figcaption><\/figure><\/div>\n\n<div class=\"wp-block-image\">\n<figure class=\"alignright size-large is-resized\"><img decoding=\"async\" loading=\"lazy\" src=\"https:\/\/gemeinden.huegelland-taeler.de\/wp-content\/uploads\/2020\/02\/Tissa14_7.jpg\" alt=\"\" class=\"wp-image-379\" width=\"398\" height=\"264\" srcset=\"https:\/\/gemeinden.huegelland-taeler.de\/wp-content\/uploads\/2020\/02\/Tissa14_7.jpg 591w, https:\/\/gemeinden.huegelland-taeler.de\/wp-content\/uploads\/2020\/02\/Tissa14_7-300x199.jpg 300w\" sizes=\"(max-width: 398px) 100vw, 398px\" \/><figcaption class=\"wp-element-caption\"><a href=\"https:\/\/gemeinden.huegelland-taeler.de\/?page_id=370\">In Tissa\/Ulrichswalde nachgeschaut <\/a><\/figcaption><\/figure><\/div>\n\n<div class=\"wp-block-image\">\n<figure class=\"alignleft size-large is-resized\"><img decoding=\"async\" loading=\"lazy\" src=\"https:\/\/gemeinden.huegelland-taeler.de\/wp-content\/uploads\/2020\/02\/WeimaTisa2010_1.jpg\" alt=\"\" class=\"wp-image-380\" width=\"448\" height=\"300\" srcset=\"https:\/\/gemeinden.huegelland-taeler.de\/wp-content\/uploads\/2020\/02\/WeimaTisa2010_1.jpg 511w, https:\/\/gemeinden.huegelland-taeler.de\/wp-content\/uploads\/2020\/02\/WeimaTisa2010_1-300x201.jpg 300w\" sizes=\"(max-width: 448px) 100vw, 448px\" \/><figcaption class=\"wp-element-caption\"><a href=\"https:\/\/gemeinden.huegelland-taeler.de\/?page_id=375\">Tissaer Weihnachtsmarkt<\/a><\/figcaption><\/figure><\/div>\n\n<div class=\"wp-block-image\">\n<figure class=\"alignright size-large is-resized\"><img decoding=\"async\" loading=\"lazy\" src=\"http:\/\/gemeinden.huegelland-taeler.de\/wp-content\/uploads\/2020\/02\/Ti-Uwa_19_19a.jpg\" alt=\"\" class=\"wp-image-404\" width=\"333\" height=\"268\"\/><figcaption class=\"wp-element-caption\"><a href=\"https:\/\/gemeinden.huegelland-taeler.de\/?page_id=383\">Fotogalerie Tissa\/Ulrichswalde<\/a><\/figcaption><\/figure><\/div>\n\n\n<p><\/p>\n\n\n\n<figure class=\"wp-block-image size-large is-resized\"><img decoding=\"async\" loading=\"lazy\" src=\"http:\/\/gemeinden.huegelland-taeler.de\/wp-content\/uploads\/2020\/02\/Tissa-2014_Maibaum-1.jpg\" alt=\"\" class=\"wp-image-435\" width=\"331\" height=\"468\" srcset=\"https:\/\/gemeinden.huegelland-taeler.de\/wp-content\/uploads\/2020\/02\/Tissa-2014_Maibaum-1.jpg 441w, https:\/\/gemeinden.huegelland-taeler.de\/wp-content\/uploads\/2020\/02\/Tissa-2014_Maibaum-1-212x300.jpg 212w\" sizes=\"(max-width: 331px) 100vw, 331px\" \/><figcaption class=\"wp-element-caption\"><a href=\"https:\/\/gemeinden.huegelland-taeler.de\/?page_id=427\">Maibaumsetzen in Tissa<\/a><\/figcaption><\/figure>\n","protected":false},"excerpt":{"rendered":"<p>Bebauungsplan &#8222;Der Kirchberg&#8220; 1. \u00c4nderung ab 22.10.2020 Bekanntmachungen Bebauungsplan \u201eDer Kirchberg\u201c 1. \u00c4nderung ab 2.11.2020 Gemeinde Tissa \/ Ulrichswalde Bundesland: Th\u00fcringen Landkreis: Saale-Holzland-Kreis Fl\u00e4che der Gemarkung: 411 ha Einwohner 137 Adresse der Gemeindeverwaltung: Ulrichswalde 707646 Ulrichswalde Postanschrift: Verwaltungsgemeinschaft \u201cH\u00fcgelland-T\u00e4ler\u201dGemeinde Tissa \/ UlrichswaldePfarrwinkel 1007646 Tr\u00f6bnitz Telefon Gemeindeb\u00fcro: 036428 61202 Fax: 036428 64848 B\u00fcrgermeister: Reiner Hartung Sprechzeit: Samstag 18.00 &#8211; 19.00 Uhr E-Mail: tissaer2000@t-online.de Satzungen Tissa-Ulrichswalde<\/p>\n","protected":false},"author":1,"featured_media":0,"parent":8,"menu_order":0,"comment_status":"closed","ping_status":"closed","template":"templates\/template-no-sidebar.php","meta":[],"_links":{"self":[{"href":"https:\/\/gemeinden.huegelland-taeler.de\/index.php?rest_route=\/wp\/v2\/pages\/363"}],"collection":[{"href":"https:\/\/gemeinden.huegelland-taeler.de\/index.php?rest_route=\/wp\/v2\/pages"}],"about":[{"href":"https:\/\/gemeinden.huegelland-taeler.de\/index.php?rest_route=\/wp\/v2\/types\/page"}],"author":[{"embeddable":true,"href":"https:\/\/gemeinden.huegelland-taeler.de\/index.php?rest_route=\/wp\/v2\/users\/1"}],"replies":[{"embeddable":true,"href":"https:\/\/gemeinden.huegelland-taeler.de\/index.php?rest_route=%2Fwp%2Fv2%2Fcomments&post=363"}],"version-history":[{"count":20,"href":"https:\/\/gemeinden.huegelland-taeler.de\/index.php?rest_route=\/wp\/v2\/pages\/363\/revisions"}],"predecessor-version":[{"id":1592,"href":"https:\/\/gemeinden.huegelland-taeler.de\/index.php?rest_route=\/wp\/v2\/pages\/363\/revisions\/1592"}],"up":[{"embeddable":true,"href":"https:\/\/gemeinden.huegelland-taeler.de\/index.php?rest_route=\/wp\/v2\/pages\/8"}],"wp:attachment":[{"href":"https:\/\/gemeinden.huegelland-taeler.de\/index.php?rest_route=%2Fwp%2Fv2%2Fmedia&parent=363"}],"curies":[{"name":"wp","href":"https:\/\/api.w.org\/{rel}","templated":true}]}}