{"id":284,"date":"2020-02-13T09:46:05","date_gmt":"2020-02-13T09:46:05","guid":{"rendered":"http:\/\/gemeinden.huegelland-taeler.de\/?page_id=284"},"modified":"2022-07-25T13:49:52","modified_gmt":"2022-07-25T13:49:52","slug":"eineborn","status":"publish","type":"page","link":"https:\/\/gemeinden.huegelland-taeler.de\/?page_id=284","title":{"rendered":"Eineborn"},"content":{"rendered":"\n<figure class=\"wp-block-image size-large\"><img decoding=\"async\" loading=\"lazy\" width=\"200\" height=\"114\" src=\"https:\/\/gemeinden.huegelland-taeler.de\/wp-content\/uploads\/2020\/02\/einebornKk.gif\" alt=\"\" class=\"wp-image-287\"\/><\/figure>\n\n\n\n<p class=\"has-text-align-center\"><strong><span class=\"has-inline-color has-primary-color\"><a href=\"https:\/\/hp.huegelland-taeler.de\/wp-content\/uploads\/2022\/02\/Gemeindearbeiter-Stellenausschreibung-2022_Gmd.-Eineborn_04.02.22.pdf\">Stellenausschreibung Gemeindearbeiter\/in 2022<\/a><\/span><\/strong><\/p>\n\n\n\n<p class=\"has-text-align-center\"><a href=\"https:\/\/gemeinden.huegelland-taeler.de\/?page_id=1337\" data-type=\"page\" data-id=\"1337\"><strong>Bebauungsplan &#8222;Kreuzstra\u00dfe\/KIM&#8220;<\/strong><\/a><\/p>\n\n\n\n<figure class=\"wp-block-table\"><table><tbody><tr><td><strong>Gemeinde Eineborn<\/strong><\/td><td><\/td><\/tr><tr><td> Bundesland: <\/td><td>Th\u00fcringen <\/td><\/tr><tr><td>Landkreis:<\/td><td>Saale-Holzland-Kreis<\/td><\/tr><tr><td>Fl\u00e4che der Gemarkung:<\/td><td>789 ha<\/td><\/tr><tr><td> Einwohner <\/td><td>328<\/td><\/tr><tr><td> Adresse der Gemeindeverwaltung: <\/td><td>Dorfstra\u00dfe 13<br>07646 Eineborn <\/td><\/tr><tr><td>Postanschrift:<\/td><td>Verwaltungsgemeinschaft \u201cH\u00fcgelland-T\u00e4ler\u201d<br>Gemeinde Eineborn<br>Pfarrwinkel 10<br>07646 Tr\u00f6bnitz <\/td><\/tr><tr><td>Telefon Gemeindeb\u00fcro: <\/td><td> 036426 22220 <\/td><\/tr><tr><td>Fax:<\/td><td> 036426  22497 <\/td><\/tr><tr><td>B\u00fcrgermeister: <\/td><td>Bodo Pufe<\/td><\/tr><tr><td>Sprechzeit:<\/td><td>nach telefonischer Vereinbarung<\/td><\/tr><tr><td>E-Mail:<\/td><td>gveineborn@t-online.de <\/td><\/tr><\/tbody><\/table><\/figure>\n\n\n\n<div class=\"wp-block-image\"><figure class=\"aligncenter size-large\"><a href=\"https:\/\/gemeinden.huegelland-taeler.de\/?page_id=295\"><img decoding=\"async\" loading=\"lazy\" width=\"1024\" height=\"345\" src=\"https:\/\/gemeinden.huegelland-taeler.de\/wp-content\/uploads\/2020\/02\/Eineborn_19_Pano1-1024x345.jpg\" alt=\"\" class=\"wp-image-327\" srcset=\"https:\/\/gemeinden.huegelland-taeler.de\/wp-content\/uploads\/2020\/02\/Eineborn_19_Pano1-1024x345.jpg 1024w, https:\/\/gemeinden.huegelland-taeler.de\/wp-content\/uploads\/2020\/02\/Eineborn_19_Pano1-300x101.jpg 300w, https:\/\/gemeinden.huegelland-taeler.de\/wp-content\/uploads\/2020\/02\/Eineborn_19_Pano1-768x259.jpg 768w, https:\/\/gemeinden.huegelland-taeler.de\/wp-content\/uploads\/2020\/02\/Eineborn_19_Pano1-1536x518.jpg 1536w, https:\/\/gemeinden.huegelland-taeler.de\/wp-content\/uploads\/2020\/02\/Eineborn_19_Pano1.jpg 1920w\" sizes=\"(max-width: 1024px) 100vw, 1024px\" \/><\/a><figcaption><a href=\"https:\/\/gemeinden.huegelland-taeler.de\/?page_id=295\">Fotogalerie Eineborn<\/a><\/figcaption><\/figure><\/div>\n\n\n\n<div class=\"wp-block-image\"><figure class=\"alignright size-large is-resized\"><img decoding=\"async\" loading=\"lazy\" src=\"https:\/\/gemeinden.huegelland-taeler.de\/wp-content\/uploads\/2020\/02\/talerchor.jpg\" alt=\"\" class=\"wp-image-340\" width=\"429\" height=\"256\" srcset=\"https:\/\/gemeinden.huegelland-taeler.de\/wp-content\/uploads\/2020\/02\/talerchor.jpg 572w, https:\/\/gemeinden.huegelland-taeler.de\/wp-content\/uploads\/2020\/02\/talerchor-300x179.jpg 300w\" sizes=\"(max-width: 429px) 100vw, 429px\" \/><figcaption><a href=\"https:\/\/gemeinden.huegelland-taeler.de\/?page_id=344\">T\u00e4lerchor Eineborn<\/a><\/figcaption><\/figure><\/div>\n\n\n\n<div class=\"wp-block-image\"><figure class=\"alignleft size-large is-resized\"><img decoding=\"async\" loading=\"lazy\" src=\"https:\/\/gemeinden.huegelland-taeler.de\/wp-content\/uploads\/2020\/02\/Historische_Ansichten.jpg\" alt=\"\" class=\"wp-image-339\" width=\"343\" height=\"224\"\/><figcaption><a href=\"https:\/\/gemeinden.huegelland-taeler.de\/?page_id=352\">Historische Ansichten Eineborn<\/a><\/figcaption><\/figure><\/div>\n\n\n\n<div class=\"wp-block-image\"><figure class=\"alignleft size-large\"><img decoding=\"async\" loading=\"lazy\" width=\"276\" height=\"470\" src=\"https:\/\/gemeinden.huegelland-taeler.de\/wp-content\/uploads\/2020\/02\/Logo.jpg\" alt=\"\" class=\"wp-image-341\" srcset=\"https:\/\/gemeinden.huegelland-taeler.de\/wp-content\/uploads\/2020\/02\/Logo.jpg 276w, https:\/\/gemeinden.huegelland-taeler.de\/wp-content\/uploads\/2020\/02\/Logo-176x300.jpg 176w\" sizes=\"(max-width: 276px) 100vw, 276px\" \/><figcaption><a href=\"https:\/\/gemeinden.huegelland-taeler.de\/?page_id=1419\" data-type=\"page\" data-id=\"1419\">Fotogalerie 725 Jahre Eineborn<\/a><\/figcaption><\/figure><\/div>\n\n\n\n<div class=\"wp-block-image\"><figure class=\"alignright size-large is-resized\"><img decoding=\"async\" loading=\"lazy\" src=\"https:\/\/gemeinden.huegelland-taeler.de\/wp-content\/uploads\/2020\/02\/KAPPE.gif\" alt=\"\" class=\"wp-image-342\" width=\"319\" height=\"260\"\/><figcaption> <a href=\"https:\/\/www.facebook.com\/ElwornHelau\/\">Eineborner Karnevalclub e.V.<\/a> <\/figcaption><\/figure><\/div>\n","protected":false},"excerpt":{"rendered":"<p>Stellenausschreibung Gemeindearbeiter\/in 2022 Bebauungsplan &#8222;Kreuzstra\u00dfe\/KIM&#8220; Gemeinde Eineborn Bundesland: Th\u00fcringen Landkreis: Saale-Holzland-Kreis Fl\u00e4che der Gemarkung: 789 ha Einwohner 328 Adresse der Gemeindeverwaltung: Dorfstra\u00dfe 1307646 Eineborn Postanschrift: Verwaltungsgemeinschaft \u201cH\u00fcgelland-T\u00e4ler\u201dGemeinde EinebornPfarrwinkel 1007646 Tr\u00f6bnitz Telefon Gemeindeb\u00fcro: 036426 22220 Fax: 036426 22497 B\u00fcrgermeister: Bodo Pufe Sprechzeit: nach telefonischer Vereinbarung E-Mail: gveineborn@t-online.de<\/p>\n","protected":false},"author":1,"featured_media":0,"parent":8,"menu_order":2,"comment_status":"closed","ping_status":"closed","template":"templates\/template-no-sidebar.php","meta":[],"_links":{"self":[{"href":"https:\/\/gemeinden.huegelland-taeler.de\/index.php?rest_route=\/wp\/v2\/pages\/284"}],"collection":[{"href":"https:\/\/gemeinden.huegelland-taeler.de\/index.php?rest_route=\/wp\/v2\/pages"}],"about":[{"href":"https:\/\/gemeinden.huegelland-taeler.de\/index.php?rest_route=\/wp\/v2\/types\/page"}],"author":[{"embeddable":true,"href":"https:\/\/gemeinden.huegelland-taeler.de\/index.php?rest_route=\/wp\/v2\/users\/1"}],"replies":[{"embeddable":true,"href":"https:\/\/gemeinden.huegelland-taeler.de\/index.php?rest_route=%2Fwp%2Fv2%2Fcomments&post=284"}],"version-history":[{"count":15,"href":"https:\/\/gemeinden.huegelland-taeler.de\/index.php?rest_route=\/wp\/v2\/pages\/284\/revisions"}],"predecessor-version":[{"id":1446,"href":"https:\/\/gemeinden.huegelland-taeler.de\/index.php?rest_route=\/wp\/v2\/pages\/284\/revisions\/1446"}],"up":[{"embeddable":true,"href":"https:\/\/gemeinden.huegelland-taeler.de\/index.php?rest_route=\/wp\/v2\/pages\/8"}],"wp:attachment":[{"href":"https:\/\/gemeinden.huegelland-taeler.de\/index.php?rest_route=%2Fwp%2Fv2%2Fmedia&parent=284"}],"curies":[{"name":"wp","href":"https:\/\/api.w.org\/{rel}","templated":true}]}}