{"id":27,"date":"2019-07-25T15:25:28","date_gmt":"2019-07-25T15:25:28","guid":{"rendered":"http:\/\/gemeinden.huegelland-taeler.de\/?page_id=27"},"modified":"2023-02-04T18:07:44","modified_gmt":"2023-02-04T18:07:44","slug":"geisenhain","status":"publish","type":"page","link":"https:\/\/gemeinden.huegelland-taeler.de\/?page_id=27","title":{"rendered":"Geisenhain"},"content":{"rendered":"\n<figure class=\"wp-block-image is-resized\"><img decoding=\"async\" loading=\"lazy\" src=\"http:\/\/gemeinden.huegelland-taeler.de\/wp-content\/uploads\/2019\/07\/geisenhainKk.gif\" alt=\"\" class=\"wp-image-30\" width=\"198\" height=\"113\"\/><\/figure>\n\n\n\n<figure class=\"wp-block-table\"><table><tbody><tr><td><strong>Gemeinde Geisenhain<\/strong><\/td><td> <\/td><\/tr><tr><td>Bundesland:<\/td><td>Th\u00fcringen                           <\/td><\/tr><tr><td>Landkreis:<\/td><td>Saale-Holzland-Kreis<\/td><\/tr><tr><td>Fl\u00e4che der Gemarkung<\/td><td>460 ha<\/td><\/tr><tr><td>Einwohner<\/td><td>196<\/td><\/tr><tr><td>Adresse der Gemeindeverwaltung:<\/td><td>Dorfstr. 11<br>07646 Geisenhain<\/td><\/tr><tr><td>Postanschrift<\/td><td>Verwaltungsgemeinschaft \u201cH\u00fcgelland-T\u00e4ler\u201d<br>Gemeinde Geisenhain<br>Pfarrwinkel 10<br>07646 Tr\u00f6bnitz <\/td><\/tr><tr><td>Telefon Gemeindeb\u00fcro: <\/td><td>036428 61645 <\/td><\/tr><tr><td>Fax:<\/td><td>036426 64848<\/td><\/tr><tr><td>B\u00fcrgermeister: <\/td><td>Robert Gundermann<\/td><\/tr><tr><td>Sprechzeit:<\/td><td>Dienstag 18.30 &#8211; 19.30 Uhr<\/td><\/tr><tr><td>E-Mail:<\/td><td>robert.gundermann(at)gmx.net<\/td><\/tr><\/tbody><\/table><\/figure>\n\n\n<div class=\"wp-block-image\">\n<figure class=\"alignleft is-resized\"><a href=\"http:\/\/gemeinden.huegelland-taeler.de\/?page_id=61\"><img decoding=\"async\" loading=\"lazy\" src=\"http:\/\/gemeinden.huegelland-taeler.de\/wp-content\/uploads\/2019\/07\/akgeisenhain.jpg\" alt=\"\" class=\"wp-image-58\" width=\"356\" height=\"250\" srcset=\"https:\/\/gemeinden.huegelland-taeler.de\/wp-content\/uploads\/2019\/07\/akgeisenhain.jpg 589w, https:\/\/gemeinden.huegelland-taeler.de\/wp-content\/uploads\/2019\/07\/akgeisenhain-300x210.jpg 300w\" sizes=\"(max-width: 356px) 100vw, 356px\" \/><\/a><figcaption class=\"wp-element-caption\"><strong><a href=\"http:\/\/gemeinden.huegelland-taeler.de\/?page_id=61\">Ortsgeschichte Geisenhain<\/a><\/strong><\/figcaption><\/figure><\/div>\n\n<div class=\"wp-block-image\">\n<figure class=\"alignleft is-resized\"><a href=\"https:\/\/gemeinden.huegelland-taeler.de\/?page_id=124\"><img decoding=\"async\" loading=\"lazy\" src=\"http:\/\/gemeinden.huegelland-taeler.de\/wp-content\/uploads\/2019\/07\/geisenhain_10.jpg\" alt=\"\" class=\"wp-image-57\" width=\"188\" height=\"252\" srcset=\"https:\/\/gemeinden.huegelland-taeler.de\/wp-content\/uploads\/2019\/07\/geisenhain_10.jpg 318w, https:\/\/gemeinden.huegelland-taeler.de\/wp-content\/uploads\/2019\/07\/geisenhain_10-225x300.jpg 225w\" sizes=\"(max-width: 188px) 100vw, 188px\" \/><\/a><figcaption class=\"wp-element-caption\"><strong><a href=\"https:\/\/gemeinden.huegelland-taeler.de\/?page_id=124\">Pechofen Geisenhain<\/a><\/strong><\/figcaption><\/figure><\/div>\n\n\n<figure class=\"wp-block-image is-resized\"><a href=\"https:\/\/gemeinden.huegelland-taeler.de\/?page_id=92\"><img decoding=\"async\" loading=\"lazy\" src=\"http:\/\/gemeinden.huegelland-taeler.de\/wp-content\/uploads\/2019\/07\/Geisenhain19_19.jpg\" alt=\"\" class=\"wp-image-111\" width=\"367\" height=\"285\" srcset=\"https:\/\/gemeinden.huegelland-taeler.de\/wp-content\/uploads\/2019\/07\/Geisenhain19_19.jpg 800w, https:\/\/gemeinden.huegelland-taeler.de\/wp-content\/uploads\/2019\/07\/Geisenhain19_19-300x233.jpg 300w, https:\/\/gemeinden.huegelland-taeler.de\/wp-content\/uploads\/2019\/07\/Geisenhain19_19-768x596.jpg 768w\" sizes=\"(max-width: 367px) 100vw, 367px\" \/><\/a><figcaption class=\"wp-element-caption\"><a href=\"https:\/\/gemeinden.huegelland-taeler.de\/?page_id=92\">Fotogalerie Geisenhain<\/a><\/figcaption><\/figure>\n","protected":false},"excerpt":{"rendered":"<p>Gemeinde Geisenhain Bundesland: Th\u00fcringen Landkreis: Saale-Holzland-Kreis Fl\u00e4che der Gemarkung 460 ha Einwohner 196 Adresse der Gemeindeverwaltung: Dorfstr. 1107646 Geisenhain Postanschrift Verwaltungsgemeinschaft \u201cH\u00fcgelland-T\u00e4ler\u201dGemeinde GeisenhainPfarrwinkel 1007646 Tr\u00f6bnitz Telefon Gemeindeb\u00fcro: 036428 61645 Fax: 036426 64848 B\u00fcrgermeister: Robert Gundermann Sprechzeit: Dienstag 18.30 &#8211; 19.30 Uhr E-Mail: robert.gundermann(at)gmx.net<\/p>\n","protected":false},"author":1,"featured_media":0,"parent":8,"menu_order":3,"comment_status":"closed","ping_status":"closed","template":"templates\/template-no-sidebar.php","meta":[],"_links":{"self":[{"href":"https:\/\/gemeinden.huegelland-taeler.de\/index.php?rest_route=\/wp\/v2\/pages\/27"}],"collection":[{"href":"https:\/\/gemeinden.huegelland-taeler.de\/index.php?rest_route=\/wp\/v2\/pages"}],"about":[{"href":"https:\/\/gemeinden.huegelland-taeler.de\/index.php?rest_route=\/wp\/v2\/types\/page"}],"author":[{"embeddable":true,"href":"https:\/\/gemeinden.huegelland-taeler.de\/index.php?rest_route=\/wp\/v2\/users\/1"}],"replies":[{"embeddable":true,"href":"https:\/\/gemeinden.huegelland-taeler.de\/index.php?rest_route=%2Fwp%2Fv2%2Fcomments&post=27"}],"version-history":[{"count":15,"href":"https:\/\/gemeinden.huegelland-taeler.de\/index.php?rest_route=\/wp\/v2\/pages\/27\/revisions"}],"predecessor-version":[{"id":1578,"href":"https:\/\/gemeinden.huegelland-taeler.de\/index.php?rest_route=\/wp\/v2\/pages\/27\/revisions\/1578"}],"up":[{"embeddable":true,"href":"https:\/\/gemeinden.huegelland-taeler.de\/index.php?rest_route=\/wp\/v2\/pages\/8"}],"wp:attachment":[{"href":"https:\/\/gemeinden.huegelland-taeler.de\/index.php?rest_route=%2Fwp%2Fv2%2Fmedia&parent=27"}],"curies":[{"name":"wp","href":"https:\/\/api.w.org\/{rel}","templated":true}]}}