{"id":215,"date":"2020-01-02T09:03:33","date_gmt":"2020-01-02T09:03:33","guid":{"rendered":"http:\/\/gemeinden.huegelland-taeler.de\/?page_id=215"},"modified":"2020-01-02T09:15:12","modified_gmt":"2020-01-02T09:15:12","slug":"torbuche-waltersdorf","status":"publish","type":"page","link":"https:\/\/gemeinden.huegelland-taeler.de\/?page_id=215","title":{"rendered":"Torbuche Waltersdorf"},"content":{"rendered":"\n<div class=\"wp-block-image\"><figure class=\"alignleft size-large is-resized\"><img decoding=\"async\" loading=\"lazy\" src=\"https:\/\/gemeinden.huegelland-taeler.de\/wp-content\/uploads\/2020\/01\/Torbuche_1935kl.jpg\" alt=\"\" class=\"wp-image-219\" width=\"329\" height=\"467\" srcset=\"https:\/\/gemeinden.huegelland-taeler.de\/wp-content\/uploads\/2020\/01\/Torbuche_1935kl.jpg 297w, https:\/\/gemeinden.huegelland-taeler.de\/wp-content\/uploads\/2020\/01\/Torbuche_1935kl-211x300.jpg 211w\" sizes=\"(max-width: 329px) 100vw, 329px\" \/><\/figure><\/div>\n\n\n\n<p><strong>Die Torbuche <br><\/strong>Unweit\n von Stadtroda, zwischen Waltersdorf und Meusebach, am Nordhang des 200 m\n hohen Steinberges steht ein Baum, der im Volksmund \u201eTorbuche&#8220; hei\u00dft. \nDie Torbuche ist ein Naturdenkmal besonderer Art: Es sind zwei Buchen, \ndie etwa 7 m voneinander entfernt aufgewachsen sind, sich oben in einer \nH\u00f6he von 6 m vereinigt haben und ein nat\u00fcrliches Tor bilden. Wann und \nwie die Vereinigung \u2014 das Zusammenwachsen \u2014 stattgefunden hat, ist nicht\n einwandfrei festzustellen. <\/p>\n\n\n\n<p>Es\n wird in der Bev\u00f6lkerung erz\u00e4hlt, dass vor langer Zeit ein Forstgehilfe \ndie beiden B\u00e4ume zusammengebunden h\u00e4tte, um zu erkunden, was daraus \nw\u00fcrde. Bei dem gro\u00dfen Abstand der B\u00e4ume d\u00fcrfte das jedoch nicht m\u00f6glich \ngewesen sein. Es ist aber anzunehmen, dass sich die kleinere Buche durch\n Sturm, Erdauflockerungen oder sonstige Einfl\u00fcsse geneigt und sich mit \nder gr\u00f6\u00dferen Buche verh\u00e4ngt hat. Nach Abscheuern der Rinde sind die \nB\u00e4ume dann zusammengewachsen und es entstand dieses Baumgebilde. Der \nHauptstamm, der jetzt einen Umfang von 3 m misst, ist senkrecht in die \nH\u00f6he gewachsen, w\u00e4hrend der Nebenstamm, der den Torbogen bildet, sich \nkreuzf\u00f6rmig am Hauptstamm fortsetzt. <\/p>\n\n\n\n<p>Die\n Torbuche ist weit \u00fcber die Grenzen unserer Heimat bekannt und hat schon\n viele Wissenschaftler und Naturfreunde herangelockt. Auch in Fach- und \nUnterhaltungszeitschriften ist sie abgebildet und beschrieben worden; so\n z. B. in Nr. 15\/1955 in der Zeitschrift \u201eZeit im Bild&#8220; in einem Aufsatz\n \u201eGespensterwald&#8220;.<\/p>\n\n\n\n<div class=\"wp-block-image\"><figure class=\"alignright\"><img decoding=\"async\" src=\"https:\/\/www.huegelland-taeler.de\/assets\/images\/Torbuche_1982kl.jpg\" alt=\"Torbuche 1982kl\"\/><\/figure><\/div>\n\n\n\n<p>In\n Stadtroda befindet sich ein Bild, das aus einer Zeitschrift \nherausgeschnitten wurde, die vor etwa 2 Jahren in Detroit am Eriesee in \nNordamerika erschien. <\/p>\n\n\n\n<p>Das\n Bild ist unterschrieben: \u201eThe Bower Beeches.&#8220; On tree growing through \nanother in a natural formation. Stadtroda &#8211; Germany.&#8220; (Das hei\u00dft: Die \nLaubenbuche. Ein Baum, der in nat\u00fcrlicher Bindung durch einen anderen \nhindurchw\u00e4chst. Stadtroda Deutschland.)<\/p>\n\n\n\n<p>Man\n sieht, dass man sich sogar in Amerika f\u00fcr dieses Naturwunder \ninteressiert, w\u00e4hrend es bestimmt viele Einheimische gibt, die die \nTorbuche noch nicht gesehen haben.<\/p>\n\n\n\n<p>Die\n Torbuche steht unter forstwirtschaftlichem Naturschutz und ist eine \nRotbuche (fagus silvatica), sie ist etwa 200 Jahre alt und erinnert an \nehemalige gr\u00f6\u00dfere Buchenbest\u00e4nde in dieser Gegend. Wenn es auch Buchen \ngibt, die \u00fcber 300 Jahre alt sind, so ist die Lebensdauer der Buche doch\n meist mit 150 bis 180 Jahren begrenzt. Auch unsere Torbuche ist am \nAbsterben. Der senkrechte Stamm, ein sogenannter Windfl\u00fcchter, hat schon\n fast kein Leben mehr.<\/p>\n\n\n\n<p>Mit  Ehrfurcht betrachten wir unsere Torbuche, die aufgegangen sein mag, als  die Schrecken des 7j\u00e4hrigen Krieges unsere Heimat erzittern lie\u00dfen. Nun  sind ihre Jahre gez\u00e4hlt. M\u00fctterlich breitet sie noch ihre \u00c4ste aus und  ist Besch\u00fctzerin all dessen, was unter ihr w\u00e4chst und bl\u00fcht. Alte Buchen geh\u00f6rten bei den Germanen zu den heiligen B\u00e4umen. <\/p>\n\n\n\n<p>Die  Buche ist von Bedeutung f\u00fcr die kulturgeschichtliche Entwicklung. Auf  kleinen Brettern und St\u00e4ben von Buchenholz wurden die Runen eingeritzt,  die die \u00e4ltesten deutschen Schriftzeichen waren. Das hat in sp\u00e4terer  Zeit dem Buch und den Buchstaben ihre Namen gegeben. Auf  der glatten Rinde des Stammes gaben sich fr\u00fcher die Hirten durch  Einkerbungen ihre Zeichen, wie es heute noch oft Wandersleute und  Verliebte tun.<\/p>\n\n\n\n<div class=\"wp-block-image\"><figure class=\"alignleft size-large is-resized\"><img decoding=\"async\" loading=\"lazy\" src=\"https:\/\/gemeinden.huegelland-taeler.de\/wp-content\/uploads\/2020\/01\/Torbuche_Siegelkl.jpg\" alt=\"\" class=\"wp-image-220\" width=\"551\" height=\"213\" srcset=\"https:\/\/gemeinden.huegelland-taeler.de\/wp-content\/uploads\/2020\/01\/Torbuche_Siegelkl.jpg 439w, https:\/\/gemeinden.huegelland-taeler.de\/wp-content\/uploads\/2020\/01\/Torbuche_Siegelkl-300x116.jpg 300w\" sizes=\"(max-width: 551px) 100vw, 551px\" \/><\/figure><\/div>\n\n\n\n<p>Die  Erinnerung an die Torbuche schl\u00e4gt sich in der heutigen Zeit durch den  Dienststempel der Gemeinde Waltersdorf in den 1950er Jahren und in der  Zeit von 1960 bis 1975 durch die LPG Typ I \u201eTorbuche\u201c nieder.<\/p>\n\n\n\n<p><\/p>\n\n\n\n<p>Nach Horst Sippach, Waltersdorf und Fritz Riedel, Stadtroda in \u201eStadtrodaer Heimatbl\u00e4tter\u201c von 1956<\/p>\n\n\n\n<div class=\"wp-block-image\"><figure class=\"alignleft\"><img decoding=\"async\" src=\"https:\/\/www.huegelland-taeler.de\/assets\/images\/Torbuche_HistAK.jpg\" alt=\"Torbuche HistAK\"\/><\/figure><\/div>\n","protected":false},"excerpt":{"rendered":"<p>Die Torbuche Unweit von Stadtroda, zwischen Waltersdorf und Meusebach, am Nordhang des 200 m hohen Steinberges steht ein Baum, der im Volksmund \u201eTorbuche&#8220; hei\u00dft. Die Torbuche ist ein Naturdenkmal besonderer Art: Es sind zwei Buchen, die etwa 7 m voneinander entfernt aufgewachsen sind, sich oben in einer H\u00f6he von 6 m vereinigt haben und ein nat\u00fcrliches Tor bilden. Wann und wie die Vereinigung \u2014 das Zusammenwachsen \u2014 stattgefunden hat, ist nicht einwandfrei festzustellen. Es wird in der Bev\u00f6lkerung erz\u00e4hlt, dass&#8230;<\/p>\n<p class=\"read-more\"><a class=\"btn btn-default\" href=\"https:\/\/gemeinden.huegelland-taeler.de\/?page_id=215\">Weiterlesen<span class=\"screen-reader-text\"> Weiterlesen<\/span><\/a><\/p>\n","protected":false},"author":1,"featured_media":0,"parent":212,"menu_order":2,"comment_status":"closed","ping_status":"closed","template":"templates\/template-fullwidth.php","meta":[],"_links":{"self":[{"href":"https:\/\/gemeinden.huegelland-taeler.de\/index.php?rest_route=\/wp\/v2\/pages\/215"}],"collection":[{"href":"https:\/\/gemeinden.huegelland-taeler.de\/index.php?rest_route=\/wp\/v2\/pages"}],"about":[{"href":"https:\/\/gemeinden.huegelland-taeler.de\/index.php?rest_route=\/wp\/v2\/types\/page"}],"author":[{"embeddable":true,"href":"https:\/\/gemeinden.huegelland-taeler.de\/index.php?rest_route=\/wp\/v2\/users\/1"}],"replies":[{"embeddable":true,"href":"https:\/\/gemeinden.huegelland-taeler.de\/index.php?rest_route=%2Fwp%2Fv2%2Fcomments&post=215"}],"version-history":[{"count":5,"href":"https:\/\/gemeinden.huegelland-taeler.de\/index.php?rest_route=\/wp\/v2\/pages\/215\/revisions"}],"predecessor-version":[{"id":227,"href":"https:\/\/gemeinden.huegelland-taeler.de\/index.php?rest_route=\/wp\/v2\/pages\/215\/revisions\/227"}],"up":[{"embeddable":true,"href":"https:\/\/gemeinden.huegelland-taeler.de\/index.php?rest_route=\/wp\/v2\/pages\/212"}],"wp:attachment":[{"href":"https:\/\/gemeinden.huegelland-taeler.de\/index.php?rest_route=%2Fwp%2Fv2%2Fmedia&parent=215"}],"curies":[{"name":"wp","href":"https:\/\/api.w.org\/{rel}","templated":true}]}}