{"id":212,"date":"2019-12-31T16:53:45","date_gmt":"2019-12-31T16:53:45","guid":{"rendered":"http:\/\/gemeinden.huegelland-taeler.de\/?page_id=212"},"modified":"2023-02-04T18:17:39","modified_gmt":"2023-02-04T18:17:39","slug":"waltersdorf","status":"publish","type":"page","link":"https:\/\/gemeinden.huegelland-taeler.de\/?page_id=212","title":{"rendered":"Waltersdorf"},"content":{"rendered":"\n<figure class=\"wp-block-image size-large is-resized\"><img decoding=\"async\" loading=\"lazy\" src=\"https:\/\/gemeinden.huegelland-taeler.de\/wp-content\/uploads\/2020\/01\/PanoramaWaltdf_1900-1024x322.jpg\" alt=\"\" class=\"wp-image-231\" width=\"924\" height=\"290\" srcset=\"https:\/\/gemeinden.huegelland-taeler.de\/wp-content\/uploads\/2020\/01\/PanoramaWaltdf_1900-1024x322.jpg 1024w, https:\/\/gemeinden.huegelland-taeler.de\/wp-content\/uploads\/2020\/01\/PanoramaWaltdf_1900-300x94.jpg 300w, https:\/\/gemeinden.huegelland-taeler.de\/wp-content\/uploads\/2020\/01\/PanoramaWaltdf_1900-768x242.jpg 768w, https:\/\/gemeinden.huegelland-taeler.de\/wp-content\/uploads\/2020\/01\/PanoramaWaltdf_1900-1536x483.jpg 1536w, https:\/\/gemeinden.huegelland-taeler.de\/wp-content\/uploads\/2020\/01\/PanoramaWaltdf_1900.jpg 1900w\" sizes=\"(max-width: 924px) 100vw, 924px\" \/><\/figure>\n\n\n<div class=\"wp-block-image\">\n<figure class=\"alignleft size-large\"><img decoding=\"async\" loading=\"lazy\" width=\"200\" height=\"114\" src=\"https:\/\/gemeinden.huegelland-taeler.de\/wp-content\/uploads\/2019\/12\/waltersdorfKk.gif\" alt=\"\" class=\"wp-image-213\"\/><\/figure><\/div>\n\n\n<figure class=\"wp-block-table\"><table class=\"has-fixed-layout\"><tbody><tr><td><strong>Gemeinde Waltersdorf<\/strong>\n                                                                            <\/td><\/tr><tr><td>Bundesland:                                                                             <\/td><td>Th\u00fcringen                                                                             <\/td><\/tr><tr><td>Landkreis:                                                                             <\/td><td>Saale-Holzland-Kreis                                                                             <\/td><\/tr><tr><td>Fl\u00e4che der Gemarkung:                                                                             <\/td><td>  461 ha                                                                             <\/td><\/tr><tr><td>Einwohner :                                                                             <\/td><td>146                                                                            <\/td><\/tr><tr><td>Adresse der Gemeindeverwaltung:                                                                             <\/td><td>Dorfstra\u00dfe 16<br>07646 Waltersdorf                                                                             <\/td><\/tr><tr><td>Postanschrift                                                                             <\/td><td>Verwaltungsgemeinschaft \u201cH\u00fcgelland-T\u00e4ler\u201d<br>Gemeinde Waltersdorf<br>Pfarrwinkel 10<br>07646 Tr\u00f6bnitz                                                                             <\/td><\/tr><tr><td>Telefon \u00fcber VG:                                                                             <\/td><td>     036428 6480                                                                             <\/td><\/tr><tr><td>\n                                                                                Fax:\n                                                                            <\/td><td>036428 64848                                                                             <\/td><\/tr><tr><td>B\u00fcrgermeister:                                                                             <\/td><td>Ralf M\u00fcller                                                                             <\/td><\/tr><tr><td>Sprechzeit:                                                                             <\/td><td>1. Mittwoch im Monat 19.00 &#8211; 20.00 Uhr                                                                             <\/td><\/tr><tr><td> E-Mail:                                                                             <\/td><td><a href=\"mailto:verwaltung@huegelland-taeler.de\">verwaltung@huegelland-taeler.de<\/a><\/td><\/tr><\/tbody><\/table><\/figure>\n\n\n\n<p class=\"has-text-align-center has-text-color has-medium-font-size\" style=\"color:#115d7e\"><strong><a href=\"https:\/\/gemeinden.huegelland-taeler.de\/?page_id=273\">Ortsgeschichte Waltersdorf<\/a><\/strong><\/p>\n\n\n<div class=\"wp-block-image\">\n<figure class=\"alignleft size-large is-resized\"><a href=\"https:\/\/gemeinden.huegelland-taeler.de\/?page_id=252\"><img decoding=\"async\" loading=\"lazy\" src=\"https:\/\/gemeinden.huegelland-taeler.de\/wp-content\/uploads\/2020\/01\/Quelle_Waltersdorf2.jpg\" alt=\"\" class=\"wp-image-254\" width=\"249\" height=\"187\" srcset=\"https:\/\/gemeinden.huegelland-taeler.de\/wp-content\/uploads\/2020\/01\/Quelle_Waltersdorf2.jpg 512w, https:\/\/gemeinden.huegelland-taeler.de\/wp-content\/uploads\/2020\/01\/Quelle_Waltersdorf2-300x225.jpg 300w\" sizes=\"(max-width: 249px) 100vw, 249px\" \/><\/a><figcaption class=\"wp-element-caption\"><a href=\"https:\/\/gemeinden.huegelland-taeler.de\/?page_id=252\">Quelle Waltersdorf<\/a><\/figcaption><\/figure><\/div>\n\n<div class=\"wp-block-image\">\n<figure class=\"alignleft size-large is-resized\"><a href=\"https:\/\/gemeinden.huegelland-taeler.de\/?page_id=236\"><img decoding=\"async\" loading=\"lazy\" src=\"https:\/\/gemeinden.huegelland-taeler.de\/wp-content\/uploads\/2020\/01\/Waltersdf_0.jpg\" alt=\"\" class=\"wp-image-233\" width=\"217\" height=\"311\"\/><\/a><figcaption class=\"wp-element-caption\"><a href=\"https:\/\/gemeinden.huegelland-taeler.de\/?page_id=236\">Fotogalerie Waltersdorf<\/a><\/figcaption><\/figure><\/div>\n\n<div class=\"wp-block-image\">\n<figure class=\"alignleft size-large is-resized\"><a href=\"https:\/\/gemeinden.huegelland-taeler.de\/?page_id=215\"><img decoding=\"async\" loading=\"lazy\" src=\"http:\/\/gemeinden.huegelland-taeler.de\/wp-content\/uploads\/2020\/01\/Torbuche_1935kl-1.jpg\" alt=\"\" class=\"wp-image-223\" width=\"201\" height=\"286\" srcset=\"https:\/\/gemeinden.huegelland-taeler.de\/wp-content\/uploads\/2020\/01\/Torbuche_1935kl-1.jpg 297w, https:\/\/gemeinden.huegelland-taeler.de\/wp-content\/uploads\/2020\/01\/Torbuche_1935kl-1-211x300.jpg 211w\" sizes=\"(max-width: 201px) 100vw, 201px\" \/><\/a><figcaption class=\"wp-element-caption\"><a href=\"https:\/\/gemeinden.huegelland-taeler.de\/?page_id=215\">Ehemalige Torbuche Waltersdorf<\/a><\/figcaption><\/figure><\/div>\n\n<div class=\"wp-block-image is-style-default\">\n<figure class=\"aligncenter size-large is-resized\"><a href=\"https:\/\/gemeinden.huegelland-taeler.de\/?page_id=258\"><img decoding=\"async\" loading=\"lazy\" src=\"https:\/\/gemeinden.huegelland-taeler.de\/wp-content\/uploads\/2020\/01\/talermuhle_1.jpg\" alt=\"Die wechselvolle Gaschichte der T\u00e4lerm\u00fchle\" class=\"wp-image-261\" width=\"542\" height=\"351\" srcset=\"https:\/\/gemeinden.huegelland-taeler.de\/wp-content\/uploads\/2020\/01\/talermuhle_1.jpg 548w, https:\/\/gemeinden.huegelland-taeler.de\/wp-content\/uploads\/2020\/01\/talermuhle_1-300x195.jpg 300w\" sizes=\"(max-width: 542px) 100vw, 542px\" \/><\/a><figcaption class=\"wp-element-caption\"><a href=\"https:\/\/gemeinden.huegelland-taeler.de\/?page_id=258\"><strong>Die wechselvolle Geschichte der T\u00e4lerm\u00fchle  Waltersdorf<\/strong><\/a><\/figcaption><\/figure><\/div>\n\n<div class=\"wp-block-image\">\n<figure class=\"aligncenter size-large is-resized\"><a href=\"https:\/\/gemeinden.huegelland-taeler.de\/?p=264\"><img decoding=\"async\" loading=\"lazy\" src=\"http:\/\/gemeinden.huegelland-taeler.de\/wp-content\/uploads\/2020\/01\/Waltersdorf-Chaussegeld_3.jpg\" alt=\"\" class=\"wp-image-268\" width=\"562\" height=\"338\" srcset=\"https:\/\/gemeinden.huegelland-taeler.de\/wp-content\/uploads\/2020\/01\/Waltersdorf-Chaussegeld_3.jpg 739w, https:\/\/gemeinden.huegelland-taeler.de\/wp-content\/uploads\/2020\/01\/Waltersdorf-Chaussegeld_3-300x181.jpg 300w\" sizes=\"(max-width: 562px) 100vw, 562px\" \/><\/a><figcaption class=\"wp-element-caption\"><a href=\"https:\/\/gemeinden.huegelland-taeler.de\/?p=264\"><strong>Chauseegeld Waltersdorf<\/strong><\/a><\/figcaption><\/figure><\/div>\n\n\n<p><\/p>\n","protected":false},"excerpt":{"rendered":"<p>Gemeinde Waltersdorf Bundesland: Th\u00fcringen Landkreis: Saale-Holzland-Kreis Fl\u00e4che der Gemarkung: 461 ha Einwohner : 146 Adresse der Gemeindeverwaltung: Dorfstra\u00dfe 1607646 Waltersdorf Postanschrift Verwaltungsgemeinschaft \u201cH\u00fcgelland-T\u00e4ler\u201dGemeinde WaltersdorfPfarrwinkel 1007646 Tr\u00f6bnitz Telefon \u00fcber VG: 036428 6480 Fax: 036428 64848 B\u00fcrgermeister: Ralf M\u00fcller Sprechzeit: 1. Mittwoch im Monat 19.00 &#8211; 20.00 Uhr E-Mail: verwaltung@huegelland-taeler.de Ortsgeschichte Waltersdorf<\/p>\n","protected":false},"author":1,"featured_media":0,"parent":8,"menu_order":0,"comment_status":"closed","ping_status":"closed","template":"templates\/template-no-sidebar.php","meta":[],"_links":{"self":[{"href":"https:\/\/gemeinden.huegelland-taeler.de\/index.php?rest_route=\/wp\/v2\/pages\/212"}],"collection":[{"href":"https:\/\/gemeinden.huegelland-taeler.de\/index.php?rest_route=\/wp\/v2\/pages"}],"about":[{"href":"https:\/\/gemeinden.huegelland-taeler.de\/index.php?rest_route=\/wp\/v2\/types\/page"}],"author":[{"embeddable":true,"href":"https:\/\/gemeinden.huegelland-taeler.de\/index.php?rest_route=\/wp\/v2\/users\/1"}],"replies":[{"embeddable":true,"href":"https:\/\/gemeinden.huegelland-taeler.de\/index.php?rest_route=%2Fwp%2Fv2%2Fcomments&post=212"}],"version-history":[{"count":23,"href":"https:\/\/gemeinden.huegelland-taeler.de\/index.php?rest_route=\/wp\/v2\/pages\/212\/revisions"}],"predecessor-version":[{"id":1595,"href":"https:\/\/gemeinden.huegelland-taeler.de\/index.php?rest_route=\/wp\/v2\/pages\/212\/revisions\/1595"}],"up":[{"embeddable":true,"href":"https:\/\/gemeinden.huegelland-taeler.de\/index.php?rest_route=\/wp\/v2\/pages\/8"}],"wp:attachment":[{"href":"https:\/\/gemeinden.huegelland-taeler.de\/index.php?rest_route=%2Fwp%2Fv2%2Fmedia&parent=212"}],"curies":[{"name":"wp","href":"https:\/\/api.w.org\/{rel}","templated":true}]}}