{"id":1337,"date":"2021-06-02T15:48:44","date_gmt":"2021-06-02T15:48:44","guid":{"rendered":"http:\/\/gemeinden.huegelland-taeler.de\/?page_id=1337"},"modified":"2021-06-07T13:04:10","modified_gmt":"2021-06-07T13:04:10","slug":"bebauungsplan-kreuzstrasse-kim","status":"publish","type":"page","link":"https:\/\/gemeinden.huegelland-taeler.de\/?page_id=1337","title":{"rendered":"Bebauungsplan Kreuzstra\u00dfe KIM"},"content":{"rendered":"\n<p><strong>Begr\u00fcndung zum Entwurf zu den fr\u00fchzeitigen<br>Beteiligungen gem\u00e4\u00df \u00a7\u00a7 3 (1) und 4 (1) BauGB<\/strong>:<\/p>\n\n\n\n<div class=\"wp-block-file\"><a href=\"https:\/\/gemeinden.huegelland-taeler.de\/wp-content\/uploads\/2021\/06\/Begruendung-st.gangloff-ge-kreuzstr.-frueh-entw-12-02-21.pdf\">Begr\u00fcndung-St.gangloff\/Eineborn-ge-kreuzstr.-frueh-entw-12-02-21<\/a><a href=\"https:\/\/gemeinden.huegelland-taeler.de\/wp-content\/uploads\/2021\/06\/Begruendung-st.gangloff-ge-kreuzstr.-frueh-entw-12-02-21.pdf\" class=\"wp-block-file__button\" download>Herunterladen<\/a><\/div>\n\n\n\n<p><strong>Plan mit gr\u00fcnordnerischen Festsetzungen<\/strong>:<\/p>\n\n\n\n<div class=\"wp-block-file\"><a href=\"https:\/\/gemeinden.huegelland-taeler.de\/wp-content\/uploads\/2021\/06\/Plan-st.gangloff-ge-kreuzstr.-frueh-entw-12-02-21.pdf\">Plan-St.ganglof\/Einebornf-ge-kreuzstr.-frueh-entw-12-02-21<\/a><a href=\"https:\/\/gemeinden.huegelland-taeler.de\/wp-content\/uploads\/2021\/06\/Plan-st.gangloff-ge-kreuzstr.-frueh-entw-12-02-21.pdf\" class=\"wp-block-file__button\" download>Herunterladen<\/a><\/div>\n\n\n\n<p><strong>\u00d6ffentliche Bekanntmachung<\/strong><\/p>\n\n\n\n<div class=\"wp-block-file\"><a href=\"http:\/\/gemeinden.huegelland-taeler.de\/wp-content\/uploads\/2021\/06\/Oeffentliche-Bekanntmachung-B-Plan-Kreuzstrasse-KIM.pdf\">\u00d6ffentliche Bekanntmachung B-Plan Kreuzstra\u00dfe-KIM<\/a><a href=\"http:\/\/gemeinden.huegelland-taeler.de\/wp-content\/uploads\/2021\/06\/Oeffentliche-Bekanntmachung-B-Plan-Kreuzstrasse-KIM.pdf\" class=\"wp-block-file__button\" download>Herunterladen<\/a><\/div>\n\n\n\n<p><\/p>\n","protected":false},"excerpt":{"rendered":"<p>Begr\u00fcndung zum Entwurf zu den fr\u00fchzeitigenBeteiligungen gem\u00e4\u00df \u00a7\u00a7 3 (1) und 4 (1) BauGB: Plan mit gr\u00fcnordnerischen Festsetzungen: \u00d6ffentliche Bekanntmachung<\/p>\n","protected":false},"author":1,"featured_media":0,"parent":284,"menu_order":0,"comment_status":"closed","ping_status":"closed","template":"","meta":[],"_links":{"self":[{"href":"https:\/\/gemeinden.huegelland-taeler.de\/index.php?rest_route=\/wp\/v2\/pages\/1337"}],"collection":[{"href":"https:\/\/gemeinden.huegelland-taeler.de\/index.php?rest_route=\/wp\/v2\/pages"}],"about":[{"href":"https:\/\/gemeinden.huegelland-taeler.de\/index.php?rest_route=\/wp\/v2\/types\/page"}],"author":[{"embeddable":true,"href":"https:\/\/gemeinden.huegelland-taeler.de\/index.php?rest_route=\/wp\/v2\/users\/1"}],"replies":[{"embeddable":true,"href":"https:\/\/gemeinden.huegelland-taeler.de\/index.php?rest_route=%2Fwp%2Fv2%2Fcomments&post=1337"}],"version-history":[{"count":2,"href":"https:\/\/gemeinden.huegelland-taeler.de\/index.php?rest_route=\/wp\/v2\/pages\/1337\/revisions"}],"predecessor-version":[{"id":1345,"href":"https:\/\/gemeinden.huegelland-taeler.de\/index.php?rest_route=\/wp\/v2\/pages\/1337\/revisions\/1345"}],"up":[{"embeddable":true,"href":"https:\/\/gemeinden.huegelland-taeler.de\/index.php?rest_route=\/wp\/v2\/pages\/284"}],"wp:attachment":[{"href":"https:\/\/gemeinden.huegelland-taeler.de\/index.php?rest_route=%2Fwp%2Fv2%2Fmedia&parent=1337"}],"curies":[{"name":"wp","href":"https:\/\/api.w.org\/{rel}","templated":true}]}}