{"id":1315,"date":"2021-02-15T17:03:35","date_gmt":"2021-02-15T17:03:35","guid":{"rendered":"http:\/\/gemeinden.huegelland-taeler.de\/?page_id=1315"},"modified":"2024-03-25T11:08:24","modified_gmt":"2024-03-25T11:08:24","slug":"trockenborn-wolfersdorf","status":"publish","type":"page","link":"https:\/\/gemeinden.huegelland-taeler.de\/?page_id=1315","title":{"rendered":"Trockenborn-Wolfersdorf"},"content":{"rendered":"<div class=\"wp-block-image\">\n<figure class=\"aligncenter size-large\"><img decoding=\"async\" loading=\"lazy\" width=\"200\" height=\"114\" src=\"https:\/\/gemeinden.huegelland-taeler.de\/wp-content\/uploads\/2021\/02\/trockenbornKk.gif\" alt=\"\" class=\"wp-image-1317\"\/><\/figure><\/div>\n\n\n<p><a href=\"http:\/\/www.trockenborn-wolfersdorf.de\">Offizielle Homepage der Gemeinde Trockenborn-Wolfersdorf<\/a><\/p>\n\n\n\n<figure class=\"wp-block-table\"><table><tbody><tr><td><strong>Gemeinde <\/strong><br><strong>Trockenborn-Wolfersdorf<\/strong><\/td><td><\/td><\/tr><tr><td>Bundesland:<\/td><td>Th\u00fcringen<\/td><\/tr><tr><td>Landkreis:<\/td><td>Saale-Holzland-Kreis<\/td><\/tr><tr><td>Fl\u00e4che der Gemarkung<\/td><td>18.93 km\u00b2<\/td><\/tr><tr><td>Einwohner<\/td><td>615<\/td><\/tr><tr><td>Adresse der Gemeindeverwaltung:<\/td><td>Gemeinde Trockenborn-Wolfersdorf<br>Wolfersdorf Nr. 24<br>07646 Trockenborn-Wolfersdorf<\/td><\/tr><tr><td>Postanschrift<\/td><td>Verwaltungsgemeinschaft \u201cH\u00fcgelland-T\u00e4ler\u201d<br>Gemeinde Trockenborn-Wolfersdorf<br>Pfarrwinkel 10<br>07646 Tr\u00f6bnitz<\/td><\/tr><tr><td>Telefon Gemeindeb\u00fcro:<\/td><td>036428 40930<\/td><\/tr><tr><td>Fax:<\/td><td>036428 51465<\/td><\/tr><tr><td>B\u00fcrgermeister:<\/td><td>Siegfried H\u00e4fner  Tel: <strong>01523\/8835289<\/strong><\/td><\/tr><tr><td>Sprechzeit:<\/td><td><\/td><\/tr><tr><td>E-Mail:<\/td><td>bgm-tro-wo@huegelland-taeler.de<\/td><\/tr><\/tbody><\/table><\/figure>\n\n\n\n<p><a href=\"https:\/\/www.waldbad-wolfersdorf.de\/\">Waldbad &#8222;Herzog Ernst&#8220; Wolfersdorf<\/a><\/p>\n\n\n\n<p><a href=\"https:\/\/www.schlosswolfersdorf.de\/\">www.schlosswolfersdorf.de<\/a><\/p>\n\n\n\n<p><\/p>\n","protected":false},"excerpt":{"rendered":"<p>Offizielle Homepage der Gemeinde Trockenborn-Wolfersdorf Gemeinde Trockenborn-Wolfersdorf Bundesland: Th\u00fcringen Landkreis: Saale-Holzland-Kreis Fl\u00e4che der Gemarkung 18.93 km\u00b2 Einwohner 615 Adresse der Gemeindeverwaltung: Gemeinde Trockenborn-WolfersdorfWolfersdorf Nr. 2407646 Trockenborn-Wolfersdorf Postanschrift Verwaltungsgemeinschaft \u201cH\u00fcgelland-T\u00e4ler\u201dGemeinde Trockenborn-WolfersdorfPfarrwinkel 1007646 Tr\u00f6bnitz Telefon Gemeindeb\u00fcro: 036428 40930 Fax: 036428 51465 B\u00fcrgermeister: Siegfried H\u00e4fner Tel: 01523\/8835289 Sprechzeit: E-Mail: bgm-tro-wo@huegelland-taeler.de Waldbad &#8222;Herzog Ernst&#8220; Wolfersdorf www.schlosswolfersdorf.de<\/p>\n","protected":false},"author":1,"featured_media":0,"parent":8,"menu_order":0,"comment_status":"closed","ping_status":"closed","template":"templates\/template-no-sidebar.php","meta":[],"_links":{"self":[{"href":"https:\/\/gemeinden.huegelland-taeler.de\/index.php?rest_route=\/wp\/v2\/pages\/1315"}],"collection":[{"href":"https:\/\/gemeinden.huegelland-taeler.de\/index.php?rest_route=\/wp\/v2\/pages"}],"about":[{"href":"https:\/\/gemeinden.huegelland-taeler.de\/index.php?rest_route=\/wp\/v2\/types\/page"}],"author":[{"embeddable":true,"href":"https:\/\/gemeinden.huegelland-taeler.de\/index.php?rest_route=\/wp\/v2\/users\/1"}],"replies":[{"embeddable":true,"href":"https:\/\/gemeinden.huegelland-taeler.de\/index.php?rest_route=%2Fwp%2Fv2%2Fcomments&post=1315"}],"version-history":[{"count":13,"href":"https:\/\/gemeinden.huegelland-taeler.de\/index.php?rest_route=\/wp\/v2\/pages\/1315\/revisions"}],"predecessor-version":[{"id":1739,"href":"https:\/\/gemeinden.huegelland-taeler.de\/index.php?rest_route=\/wp\/v2\/pages\/1315\/revisions\/1739"}],"up":[{"embeddable":true,"href":"https:\/\/gemeinden.huegelland-taeler.de\/index.php?rest_route=\/wp\/v2\/pages\/8"}],"wp:attachment":[{"href":"https:\/\/gemeinden.huegelland-taeler.de\/index.php?rest_route=%2Fwp%2Fv2%2Fmedia&parent=1315"}],"curies":[{"name":"wp","href":"https:\/\/api.w.org\/{rel}","templated":true}]}}