{"id":1240,"date":"2021-01-27T18:16:50","date_gmt":"2021-01-27T18:16:50","guid":{"rendered":"http:\/\/gemeinden.huegelland-taeler.de\/?page_id=1240"},"modified":"2021-01-27T18:21:39","modified_gmt":"2021-01-27T18:21:39","slug":"brunnenfest-seitenbrueck","status":"publish","type":"page","link":"https:\/\/gemeinden.huegelland-taeler.de\/?page_id=1240","title":{"rendered":"Brunnenfest Seitenbr\u00fcck"},"content":{"rendered":"\n<p>Im April 2008 feierte die Einwohner der Gemeinde Seitenbr\u00fcck mit ihren G\u00e4sten die Wiederherstellung des historischen Brunnenhauses auf dem Dorfplatz Seitenbr\u00fcck.<br>Bis zum Jahre 1963 stand noch eine alte Schwengelpumpe an der Stelle des Brunnens, der dann erst von einer zentralen Wasserleitung abgel\u00f6st wurde. Eine kleine Tafel berichtet von der Geschichte des Brunnens.<\/p>\n\n\n\n<p>Die 1822 in der heutigen Form errichtete Brunnenstube wurde restauriert und das Brunnenhaus mit Pumpe in der originalen Gr\u00f6\u00dfe und Form im Jahre 2007 wieder aufgebaut.<br>Am Ende einer kleinen Treppe befindet sich die Eingangst\u00fcr zur eigentlichen Brunnenstube, in die man durch ein kleines Guckloch blicken kann und das glasklare Wasser gut sieht.<\/p>\n\n\n\n<p>Mit der Zeit ist das Brunnenhaus zu einem d\u00f6rflichen Treffpunkt und Rastpunkt f\u00fcr Wanderer geworden und die Einwohner sind stolz darauf, sich f\u00fcr die Erhaltung ihrer Brunnenanlage eingesetzt zu haben.<\/p>\n\n\n\n<figure class=\"is-layout-flex wp-block-gallery-1 wp-block-gallery columns-3 is-cropped\"><ul class=\"blocks-gallery-grid\"><li class=\"blocks-gallery-item\"><figure><a href=\"https:\/\/gemeinden.huegelland-taeler.de\/wp-content\/uploads\/2021\/01\/Brunnenfest_1-1.jpg\"><img decoding=\"async\" loading=\"lazy\" width=\"600\" height=\"450\" src=\"https:\/\/gemeinden.huegelland-taeler.de\/wp-content\/uploads\/2021\/01\/Brunnenfest_1-1-600x450.jpg\" alt=\"\" data-id=\"1254\" data-full-url=\"https:\/\/gemeinden.huegelland-taeler.de\/wp-content\/uploads\/2021\/01\/Brunnenfest_1-1.jpg\" data-link=\"https:\/\/gemeinden.huegelland-taeler.de\/?attachment_id=1254\" class=\"wp-image-1254\"\/><\/a><\/figure><\/li><li class=\"blocks-gallery-item\"><figure><a href=\"https:\/\/gemeinden.huegelland-taeler.de\/wp-content\/uploads\/2021\/01\/Brunnenfest_2-1.jpg\"><img decoding=\"async\" loading=\"lazy\" width=\"600\" height=\"450\" src=\"https:\/\/gemeinden.huegelland-taeler.de\/wp-content\/uploads\/2021\/01\/Brunnenfest_2-1-600x450.jpg\" alt=\"\" data-id=\"1255\" data-full-url=\"https:\/\/gemeinden.huegelland-taeler.de\/wp-content\/uploads\/2021\/01\/Brunnenfest_2-1.jpg\" data-link=\"https:\/\/gemeinden.huegelland-taeler.de\/?attachment_id=1255\" class=\"wp-image-1255\"\/><\/a><\/figure><\/li><li class=\"blocks-gallery-item\"><figure><a href=\"https:\/\/gemeinden.huegelland-taeler.de\/wp-content\/uploads\/2021\/01\/Brunnenfest_3-1-scaled.jpg\"><img decoding=\"async\" loading=\"lazy\" width=\"600\" height=\"450\" src=\"https:\/\/gemeinden.huegelland-taeler.de\/wp-content\/uploads\/2021\/01\/Brunnenfest_3-1-600x450.jpg\" alt=\"\" data-id=\"1256\" data-full-url=\"https:\/\/gemeinden.huegelland-taeler.de\/wp-content\/uploads\/2021\/01\/Brunnenfest_3-1-scaled.jpg\" data-link=\"https:\/\/gemeinden.huegelland-taeler.de\/?attachment_id=1256\" class=\"wp-image-1256\"\/><\/a><\/figure><\/li><li class=\"blocks-gallery-item\"><figure><a href=\"https:\/\/gemeinden.huegelland-taeler.de\/wp-content\/uploads\/2021\/01\/Brunnenfest_4.jpg\"><img decoding=\"async\" loading=\"lazy\" width=\"600\" height=\"450\" src=\"https:\/\/gemeinden.huegelland-taeler.de\/wp-content\/uploads\/2021\/01\/Brunnenfest_4-600x450.jpg\" alt=\"\" data-id=\"1257\" data-full-url=\"https:\/\/gemeinden.huegelland-taeler.de\/wp-content\/uploads\/2021\/01\/Brunnenfest_4.jpg\" data-link=\"https:\/\/gemeinden.huegelland-taeler.de\/?attachment_id=1257\" class=\"wp-image-1257\"\/><\/a><\/figure><\/li><li class=\"blocks-gallery-item\"><figure><a href=\"https:\/\/gemeinden.huegelland-taeler.de\/wp-content\/uploads\/2021\/01\/Brunnenfest_5-1.jpg\"><img decoding=\"async\" loading=\"lazy\" width=\"600\" height=\"371\" src=\"https:\/\/gemeinden.huegelland-taeler.de\/wp-content\/uploads\/2021\/01\/Brunnenfest_5-1-600x371.jpg\" alt=\"\" data-id=\"1258\" data-full-url=\"https:\/\/gemeinden.huegelland-taeler.de\/wp-content\/uploads\/2021\/01\/Brunnenfest_5-1.jpg\" data-link=\"https:\/\/gemeinden.huegelland-taeler.de\/?attachment_id=1258\" class=\"wp-image-1258\"\/><\/a><\/figure><\/li><li class=\"blocks-gallery-item\"><figure><a href=\"https:\/\/gemeinden.huegelland-taeler.de\/wp-content\/uploads\/2021\/01\/Brunnenfest_7-1.jpg\"><img decoding=\"async\" loading=\"lazy\" width=\"600\" height=\"450\" src=\"https:\/\/gemeinden.huegelland-taeler.de\/wp-content\/uploads\/2021\/01\/Brunnenfest_7-1-600x450.jpg\" alt=\"\" data-id=\"1259\" data-full-url=\"https:\/\/gemeinden.huegelland-taeler.de\/wp-content\/uploads\/2021\/01\/Brunnenfest_7-1.jpg\" data-link=\"https:\/\/gemeinden.huegelland-taeler.de\/?attachment_id=1259\" class=\"wp-image-1259\"\/><\/a><\/figure><\/li><li class=\"blocks-gallery-item\"><figure><a href=\"https:\/\/gemeinden.huegelland-taeler.de\/wp-content\/uploads\/2021\/01\/Brunnenfest_8-1.jpg\"><img decoding=\"async\" loading=\"lazy\" width=\"600\" height=\"410\" src=\"https:\/\/gemeinden.huegelland-taeler.de\/wp-content\/uploads\/2021\/01\/Brunnenfest_8-1-600x410.jpg\" alt=\"\" data-id=\"1260\" data-full-url=\"https:\/\/gemeinden.huegelland-taeler.de\/wp-content\/uploads\/2021\/01\/Brunnenfest_8-1.jpg\" data-link=\"https:\/\/gemeinden.huegelland-taeler.de\/?attachment_id=1260\" class=\"wp-image-1260\"\/><\/a><\/figure><\/li><li class=\"blocks-gallery-item\"><figure><a href=\"https:\/\/gemeinden.huegelland-taeler.de\/wp-content\/uploads\/2021\/01\/Brunnenfest_9-1.jpg\"><img decoding=\"async\" loading=\"lazy\" width=\"600\" height=\"427\" src=\"https:\/\/gemeinden.huegelland-taeler.de\/wp-content\/uploads\/2021\/01\/Brunnenfest_9-1-600x427.jpg\" alt=\"\" data-id=\"1261\" data-full-url=\"https:\/\/gemeinden.huegelland-taeler.de\/wp-content\/uploads\/2021\/01\/Brunnenfest_9-1.jpg\" data-link=\"https:\/\/gemeinden.huegelland-taeler.de\/?attachment_id=1261\" class=\"wp-image-1261\"\/><\/a><\/figure><\/li><li class=\"blocks-gallery-item\"><figure><a href=\"https:\/\/gemeinden.huegelland-taeler.de\/wp-content\/uploads\/2021\/01\/Brunnenfest_10-1.jpg\"><img decoding=\"async\" loading=\"lazy\" width=\"600\" height=\"450\" src=\"https:\/\/gemeinden.huegelland-taeler.de\/wp-content\/uploads\/2021\/01\/Brunnenfest_10-1-600x450.jpg\" alt=\"\" data-id=\"1262\" data-full-url=\"https:\/\/gemeinden.huegelland-taeler.de\/wp-content\/uploads\/2021\/01\/Brunnenfest_10-1.jpg\" data-link=\"https:\/\/gemeinden.huegelland-taeler.de\/?attachment_id=1262\" class=\"wp-image-1262\"\/><\/a><\/figure><\/li><li class=\"blocks-gallery-item\"><figure><a href=\"https:\/\/gemeinden.huegelland-taeler.de\/wp-content\/uploads\/2021\/01\/Brunnenfest_11-1.jpg\"><img decoding=\"async\" loading=\"lazy\" width=\"600\" height=\"450\" src=\"https:\/\/gemeinden.huegelland-taeler.de\/wp-content\/uploads\/2021\/01\/Brunnenfest_11-1-600x450.jpg\" alt=\"\" data-id=\"1263\" data-full-url=\"https:\/\/gemeinden.huegelland-taeler.de\/wp-content\/uploads\/2021\/01\/Brunnenfest_11-1.jpg\" data-link=\"https:\/\/gemeinden.huegelland-taeler.de\/?attachment_id=1263\" class=\"wp-image-1263\"\/><\/a><\/figure><\/li><li class=\"blocks-gallery-item\"><figure><a href=\"https:\/\/gemeinden.huegelland-taeler.de\/wp-content\/uploads\/2021\/01\/Brunnenfest_12-1.jpg\"><img decoding=\"async\" loading=\"lazy\" width=\"600\" height=\"450\" src=\"https:\/\/gemeinden.huegelland-taeler.de\/wp-content\/uploads\/2021\/01\/Brunnenfest_12-1-600x450.jpg\" alt=\"\" data-id=\"1264\" data-full-url=\"https:\/\/gemeinden.huegelland-taeler.de\/wp-content\/uploads\/2021\/01\/Brunnenfest_12-1.jpg\" data-link=\"https:\/\/gemeinden.huegelland-taeler.de\/?attachment_id=1264\" class=\"wp-image-1264\"\/><\/a><\/figure><\/li><li class=\"blocks-gallery-item\"><figure><a href=\"https:\/\/gemeinden.huegelland-taeler.de\/wp-content\/uploads\/2021\/01\/Brunnenfest_13-1.jpg\"><img decoding=\"async\" loading=\"lazy\" width=\"600\" height=\"450\" src=\"https:\/\/gemeinden.huegelland-taeler.de\/wp-content\/uploads\/2021\/01\/Brunnenfest_13-1-600x450.jpg\" alt=\"\" data-id=\"1265\" data-full-url=\"https:\/\/gemeinden.huegelland-taeler.de\/wp-content\/uploads\/2021\/01\/Brunnenfest_13-1.jpg\" data-link=\"https:\/\/gemeinden.huegelland-taeler.de\/?attachment_id=1265\" class=\"wp-image-1265\"\/><\/a><\/figure><\/li><li class=\"blocks-gallery-item\"><figure><a href=\"https:\/\/gemeinden.huegelland-taeler.de\/wp-content\/uploads\/2021\/01\/Brunnenfest_14.jpg\"><img decoding=\"async\" loading=\"lazy\" width=\"600\" height=\"384\" src=\"https:\/\/gemeinden.huegelland-taeler.de\/wp-content\/uploads\/2021\/01\/Brunnenfest_14-600x384.jpg\" alt=\"\" data-id=\"1266\" data-full-url=\"https:\/\/gemeinden.huegelland-taeler.de\/wp-content\/uploads\/2021\/01\/Brunnenfest_14.jpg\" data-link=\"https:\/\/gemeinden.huegelland-taeler.de\/?attachment_id=1266\" class=\"wp-image-1266\"\/><\/a><\/figure><\/li><li class=\"blocks-gallery-item\"><figure><a href=\"https:\/\/gemeinden.huegelland-taeler.de\/wp-content\/uploads\/2021\/01\/Brunnenfest_15.jpg\"><img decoding=\"async\" loading=\"lazy\" width=\"600\" height=\"450\" src=\"https:\/\/gemeinden.huegelland-taeler.de\/wp-content\/uploads\/2021\/01\/Brunnenfest_15-600x450.jpg\" alt=\"\" data-id=\"1267\" data-full-url=\"https:\/\/gemeinden.huegelland-taeler.de\/wp-content\/uploads\/2021\/01\/Brunnenfest_15.jpg\" data-link=\"https:\/\/gemeinden.huegelland-taeler.de\/?attachment_id=1267\" class=\"wp-image-1267\"\/><\/a><\/figure><\/li><li class=\"blocks-gallery-item\"><figure><a href=\"https:\/\/gemeinden.huegelland-taeler.de\/wp-content\/uploads\/2021\/01\/Brunnenfest_16.jpg\"><img decoding=\"async\" loading=\"lazy\" width=\"600\" height=\"450\" src=\"https:\/\/gemeinden.huegelland-taeler.de\/wp-content\/uploads\/2021\/01\/Brunnenfest_16-600x450.jpg\" alt=\"\" data-id=\"1268\" data-full-url=\"https:\/\/gemeinden.huegelland-taeler.de\/wp-content\/uploads\/2021\/01\/Brunnenfest_16.jpg\" data-link=\"https:\/\/gemeinden.huegelland-taeler.de\/?attachment_id=1268\" class=\"wp-image-1268\"\/><\/a><\/figure><\/li><li class=\"blocks-gallery-item\"><figure><a href=\"https:\/\/gemeinden.huegelland-taeler.de\/wp-content\/uploads\/2021\/01\/Brunnenfest_666.jpg\"><img decoding=\"async\" loading=\"lazy\" width=\"600\" height=\"410\" src=\"https:\/\/gemeinden.huegelland-taeler.de\/wp-content\/uploads\/2021\/01\/Brunnenfest_666-600x410.jpg\" alt=\"\" data-id=\"1269\" data-full-url=\"https:\/\/gemeinden.huegelland-taeler.de\/wp-content\/uploads\/2021\/01\/Brunnenfest_666.jpg\" data-link=\"https:\/\/gemeinden.huegelland-taeler.de\/?attachment_id=1269\" class=\"wp-image-1269\"\/><\/a><\/figure><\/li><li class=\"blocks-gallery-item\"><figure><a href=\"https:\/\/gemeinden.huegelland-taeler.de\/wp-content\/uploads\/2021\/01\/Brunnenkl.jpg\"><img decoding=\"async\" loading=\"lazy\" width=\"150\" height=\"150\" src=\"https:\/\/gemeinden.huegelland-taeler.de\/wp-content\/uploads\/2021\/01\/Brunnenkl-150x150.jpg\" alt=\"\" data-id=\"1270\" data-full-url=\"https:\/\/gemeinden.huegelland-taeler.de\/wp-content\/uploads\/2021\/01\/Brunnenkl.jpg\" data-link=\"https:\/\/gemeinden.huegelland-taeler.de\/?attachment_id=1270\" class=\"wp-image-1270\"\/><\/a><\/figure><\/li><li class=\"blocks-gallery-item\"><figure><a href=\"https:\/\/gemeinden.huegelland-taeler.de\/wp-content\/uploads\/2021\/01\/Tafel-am-Dorfbrunnen.jpg\"><img decoding=\"async\" loading=\"lazy\" width=\"368\" height=\"450\" src=\"https:\/\/gemeinden.huegelland-taeler.de\/wp-content\/uploads\/2021\/01\/Tafel-am-Dorfbrunnen-368x450.jpg\" alt=\"\" data-id=\"1271\" data-full-url=\"https:\/\/gemeinden.huegelland-taeler.de\/wp-content\/uploads\/2021\/01\/Tafel-am-Dorfbrunnen.jpg\" data-link=\"https:\/\/gemeinden.huegelland-taeler.de\/?attachment_id=1271\" class=\"wp-image-1271\"\/><\/a><\/figure><\/li><\/ul><\/figure>\n\n\n\n<p><\/p>\n","protected":false},"excerpt":{"rendered":"<p>Im April 2008 feierte die Einwohner der Gemeinde Seitenbr\u00fcck mit ihren G\u00e4sten die Wiederherstellung des historischen Brunnenhauses auf dem Dorfplatz Seitenbr\u00fcck.Bis zum Jahre 1963 stand noch eine alte Schwengelpumpe an der Stelle des Brunnens, der dann erst von einer zentralen Wasserleitung abgel\u00f6st wurde. Eine kleine Tafel berichtet von der Geschichte des Brunnens. Die 1822 in der heutigen Form errichtete Brunnenstube wurde restauriert und das Brunnenhaus mit Pumpe in der originalen Gr\u00f6\u00dfe und Form im Jahre 2007 wieder aufgebaut.Am Ende einer&#8230;<\/p>\n<p class=\"read-more\"><a class=\"btn btn-default\" href=\"https:\/\/gemeinden.huegelland-taeler.de\/?page_id=1240\">Weiterlesen<span class=\"screen-reader-text\"> Weiterlesen<\/span><\/a><\/p>\n","protected":false},"author":1,"featured_media":0,"parent":755,"menu_order":0,"comment_status":"closed","ping_status":"closed","template":"templates\/template-no-sidebar.php","meta":[],"_links":{"self":[{"href":"https:\/\/gemeinden.huegelland-taeler.de\/index.php?rest_route=\/wp\/v2\/pages\/1240"}],"collection":[{"href":"https:\/\/gemeinden.huegelland-taeler.de\/index.php?rest_route=\/wp\/v2\/pages"}],"about":[{"href":"https:\/\/gemeinden.huegelland-taeler.de\/index.php?rest_route=\/wp\/v2\/types\/page"}],"author":[{"embeddable":true,"href":"https:\/\/gemeinden.huegelland-taeler.de\/index.php?rest_route=\/wp\/v2\/users\/1"}],"replies":[{"embeddable":true,"href":"https:\/\/gemeinden.huegelland-taeler.de\/index.php?rest_route=%2Fwp%2Fv2%2Fcomments&post=1240"}],"version-history":[{"count":5,"href":"https:\/\/gemeinden.huegelland-taeler.de\/index.php?rest_route=\/wp\/v2\/pages\/1240\/revisions"}],"predecessor-version":[{"id":1275,"href":"https:\/\/gemeinden.huegelland-taeler.de\/index.php?rest_route=\/wp\/v2\/pages\/1240\/revisions\/1275"}],"up":[{"embeddable":true,"href":"https:\/\/gemeinden.huegelland-taeler.de\/index.php?rest_route=\/wp\/v2\/pages\/755"}],"wp:attachment":[{"href":"https:\/\/gemeinden.huegelland-taeler.de\/index.php?rest_route=%2Fwp%2Fv2%2Fmedia&parent=1240"}],"curies":[{"name":"wp","href":"https:\/\/api.w.org\/{rel}","templated":true}]}}