{"id":1024,"date":"2020-10-26T08:07:25","date_gmt":"2020-10-26T08:07:25","guid":{"rendered":"http:\/\/gemeinden.huegelland-taeler.de\/?page_id=1024"},"modified":"2025-11-25T18:27:07","modified_gmt":"2025-11-25T18:27:07","slug":"satzungen-oberbodnitz-mit-seitenbrueck","status":"publish","type":"page","link":"https:\/\/gemeinden.huegelland-taeler.de\/?page_id=1024","title":{"rendered":"Satzungen Oberbodnitz mit Seitenbr\u00fcck"},"content":{"rendered":"\n<p>Hauptsatzung der Gemeinde Oberbodnitz<\/p>\n\n\n\n<div class=\"wp-block-file\"><a id=\"wp-block-file--media-41cdae4d-374a-4f92-acc5-16f0753b1c23\" href=\"https:\/\/gemeinden.huegelland-taeler.de\/wp-content\/uploads\/2025\/11\/Hauptsatzung_Oberbodnitz.pdf\">Hauptsatzung_Oberbodnitz<\/a><a href=\"https:\/\/gemeinden.huegelland-taeler.de\/wp-content\/uploads\/2025\/11\/Hauptsatzung_Oberbodnitz.pdf\" class=\"wp-block-file__button wp-element-button\" download aria-describedby=\"wp-block-file--media-41cdae4d-374a-4f92-acc5-16f0753b1c23\">Herunterladen<\/a><\/div>\n\n\n\n<p>Hebesatzsatzung der Gemeinde Oberbodnitz<\/p>\n\n\n\n<div class=\"wp-block-file\"><a id=\"wp-block-file--media-699bb12e-3bda-4104-811e-e2dafaf4c911\" href=\"https:\/\/gemeinden.huegelland-taeler.de\/wp-content\/uploads\/2025\/06\/Hebesatzsatzung-der-Gemeinde-Oberbodnitz.pdf\">Hebesatzsatzung-der-Gemeinde-Oberbodnitz<\/a><a href=\"https:\/\/gemeinden.huegelland-taeler.de\/wp-content\/uploads\/2025\/06\/Hebesatzsatzung-der-Gemeinde-Oberbodnitz.pdf\" class=\"wp-block-file__button wp-element-button\" download aria-describedby=\"wp-block-file--media-699bb12e-3bda-4104-811e-e2dafaf4c911\">Herunterladen<\/a><\/div>\n\n\n\n<p>Hundesteuersatzung der Gemeinde Oberbodnitz<\/p>\n\n\n\n<div class=\"wp-block-file\"><a id=\"wp-block-file--media-2fe76524-9c9b-46ce-8f2d-fdbceb2f27a5\" href=\"https:\/\/gemeinden.huegelland-taeler.de\/wp-content\/uploads\/2025\/06\/Hundesteuersatzung-der-Gemeinde-Oberbodnitz.pdf\">Hundesteuersatzung-der-Gemeinde-Oberbodnitz<\/a><a href=\"https:\/\/gemeinden.huegelland-taeler.de\/wp-content\/uploads\/2025\/06\/Hundesteuersatzung-der-Gemeinde-Oberbodnitz.pdf\" class=\"wp-block-file__button wp-element-button\" download aria-describedby=\"wp-block-file--media-2fe76524-9c9b-46ce-8f2d-fdbceb2f27a5\">Herunterladen<\/a><\/div>\n\n\n\n<p>Feuerwehrsatzung der Gemeinde Oberbodnitz<\/p>\n\n\n\n<div class=\"wp-block-file\"><a id=\"wp-block-file--media-d7d21ac5-6fb5-4ac5-86cf-77ef579230a2\" href=\"https:\/\/gemeinden.huegelland-taeler.de\/wp-content\/uploads\/2025\/06\/Feuerwehrsatzung-der-Gemeinde-Oberbodnitz.pdf\">Feuerwehrsatzung-der-Gemeinde-Oberbodnitz<\/a><a href=\"https:\/\/gemeinden.huegelland-taeler.de\/wp-content\/uploads\/2025\/06\/Feuerwehrsatzung-der-Gemeinde-Oberbodnitz.pdf\" class=\"wp-block-file__button wp-element-button\" download aria-describedby=\"wp-block-file--media-d7d21ac5-6fb5-4ac5-86cf-77ef579230a2\">Herunterladen<\/a><\/div>\n\n\n\n<p>Feuerwehrgeb\u00fchrensatzung der Gemeinde Oberbodnitz<\/p>\n\n\n\n<div class=\"wp-block-file\"><a id=\"wp-block-file--media-0fb3c389-cb94-4d73-9e83-5ae894c99561\" href=\"https:\/\/gemeinden.huegelland-taeler.de\/wp-content\/uploads\/2025\/06\/Feuerwehrgebuehrensatzung-der-Gemeinde-Oberbodnitz.pdf\">Feuerwehrgebuehrensatzung-der-Gemeinde-Oberbodnitz<\/a><a href=\"https:\/\/gemeinden.huegelland-taeler.de\/wp-content\/uploads\/2025\/06\/Feuerwehrgebuehrensatzung-der-Gemeinde-Oberbodnitz.pdf\" class=\"wp-block-file__button wp-element-button\" download aria-describedby=\"wp-block-file--media-0fb3c389-cb94-4d73-9e83-5ae894c99561\">Herunterladen<\/a><\/div>\n\n\n\n<p>Feuerwehraufwandsentsch\u00e4digungssatzung der Gemeinde Oberbodnitz<\/p>\n\n\n\n<div class=\"wp-block-file\"><a id=\"wp-block-file--media-2a1bc162-6716-411d-ab99-3f64764a1768\" href=\"https:\/\/gemeinden.huegelland-taeler.de\/wp-content\/uploads\/2025\/06\/Feuerwehraufwandsentschaedigungssatzung-der-Gemeinde-Oberbodnitz.pdf\">Feuerwehraufwandsentschaedigungssatzung-der-Gemeinde-Oberbodnitz<\/a><a href=\"https:\/\/gemeinden.huegelland-taeler.de\/wp-content\/uploads\/2025\/06\/Feuerwehraufwandsentschaedigungssatzung-der-Gemeinde-Oberbodnitz.pdf\" class=\"wp-block-file__button wp-element-button\" download aria-describedby=\"wp-block-file--media-2a1bc162-6716-411d-ab99-3f64764a1768\">Herunterladen<\/a><\/div>\n\n\n\n<p>Friedhofssatzung der Gemeinde Oberbodnitz<\/p>\n\n\n\n<div class=\"wp-block-file\"><a id=\"wp-block-file--media-884e1d61-1daa-492e-8817-1554d7af56bd\" href=\"https:\/\/gemeinden.huegelland-taeler.de\/wp-content\/uploads\/2025\/06\/Friedhofsgebuehrensatzung-der-Gemeinde-Oberbodnitz-Friedhof-Seitenbrueck.pdf\">Friedhofsgebuehrensatzung-der-Gemeinde-Oberbodnitz-Friedhof-Seitenbrueck<\/a><a href=\"https:\/\/gemeinden.huegelland-taeler.de\/wp-content\/uploads\/2025\/06\/Friedhofsgebuehrensatzung-der-Gemeinde-Oberbodnitz-Friedhof-Seitenbrueck.pdf\" class=\"wp-block-file__button wp-element-button\" download aria-describedby=\"wp-block-file--media-884e1d61-1daa-492e-8817-1554d7af56bd\">Herunterladen<\/a><\/div>\n\n\n\n<p>Friedhofsgeb\u00fchrensatzung der Gemeinde Oberbodnitz \u2013 Friedhof Oberbodnitz<\/p>\n\n\n\n<div class=\"wp-block-file\"><a id=\"wp-block-file--media-90e133bc-0276-4e52-b232-762fb89dcd4a\" href=\"https:\/\/gemeinden.huegelland-taeler.de\/wp-content\/uploads\/2025\/06\/Friedhofsgebuehrensatzung-der-Gemeinde-Oberbodnitz-Friedhof-Oberbodnitz.pdf\">Friedhofsgebuehrensatzung-der-Gemeinde-Oberbodnitz-Friedhof-Oberbodnitz<\/a><a href=\"https:\/\/gemeinden.huegelland-taeler.de\/wp-content\/uploads\/2025\/06\/Friedhofsgebuehrensatzung-der-Gemeinde-Oberbodnitz-Friedhof-Oberbodnitz.pdf\" class=\"wp-block-file__button wp-element-button\" download aria-describedby=\"wp-block-file--media-90e133bc-0276-4e52-b232-762fb89dcd4a\">Herunterladen<\/a><\/div>\n\n\n\n<p>Friedhofsgeb\u00fchrensatzung der Gemeinde Oberbodnitz \u2013 Friedhof Seitenbr\u00fcck<\/p>\n\n\n\n<div class=\"wp-block-file\"><a id=\"wp-block-file--media-40c63eaa-2b2c-420b-bd92-91a62c7e5032\" href=\"https:\/\/gemeinden.huegelland-taeler.de\/wp-content\/uploads\/2025\/06\/Friedhofsgebuehrensatzung-der-Gemeinde-Oberbodnitz-Friedhof-Seitenbrueck-1.pdf\">Friedhofsgebuehrensatzung-der-Gemeinde-Oberbodnitz-Friedhof-Seitenbrueck-1<\/a><a href=\"https:\/\/gemeinden.huegelland-taeler.de\/wp-content\/uploads\/2025\/06\/Friedhofsgebuehrensatzung-der-Gemeinde-Oberbodnitz-Friedhof-Seitenbrueck-1.pdf\" class=\"wp-block-file__button wp-element-button\" download aria-describedby=\"wp-block-file--media-40c63eaa-2b2c-420b-bd92-91a62c7e5032\">Herunterladen<\/a><\/div>\n\n\n\n<p>&nbsp;Nutzungsordnung f\u00fcr die gemeindlichen Objekte in der Gemeinde Oberbodnitz<\/p>\n\n\n\n<div class=\"wp-block-file\"><a id=\"wp-block-file--media-c6c340d9-4543-4c04-9930-f1adf88ea7b8\" href=\"https:\/\/gemeinden.huegelland-taeler.de\/wp-content\/uploads\/2025\/06\/Nutzungsordnung-fuer-die-gemeindliche-Objekte-in-der-Gemeinde-Oberbodnitz.pdf\">Nutzungsordnung-fuer-die-gemeindliche-Objekte-in-der-Gemeinde-Oberbodnitz<\/a><a href=\"https:\/\/gemeinden.huegelland-taeler.de\/wp-content\/uploads\/2025\/06\/Nutzungsordnung-fuer-die-gemeindliche-Objekte-in-der-Gemeinde-Oberbodnitz.pdf\" class=\"wp-block-file__button wp-element-button\" download aria-describedby=\"wp-block-file--media-c6c340d9-4543-4c04-9930-f1adf88ea7b8\">Herunterladen<\/a><\/div>\n\n\n\n<p>Verwaltungskostensatzung der Gemeinde Oberbodnitz<\/p>\n\n\n\n<div class=\"wp-block-file\"><a id=\"wp-block-file--media-d6d82d1d-436b-4c53-b8a1-06806e5bc38b\" href=\"https:\/\/gemeinden.huegelland-taeler.de\/wp-content\/uploads\/2025\/06\/Verwaltungskostensatzung-der-Gemeinde-Oberbodnitz.pdf\">Verwaltungskostensatzung-der-Gemeinde-Oberbodnitz<\/a><a href=\"https:\/\/gemeinden.huegelland-taeler.de\/wp-content\/uploads\/2025\/06\/Verwaltungskostensatzung-der-Gemeinde-Oberbodnitz.pdf\" class=\"wp-block-file__button wp-element-button\" download aria-describedby=\"wp-block-file--media-d6d82d1d-436b-4c53-b8a1-06806e5bc38b\">Herunterladen<\/a><\/div>\n\n\n\n<p>Stra\u00dfenreinigungssatzung der Gemeinde Oberbodnitz<\/p>\n\n\n\n<div class=\"wp-block-file\"><a id=\"wp-block-file--media-487e4703-c110-40a8-8a92-00b0525695f8\" href=\"https:\/\/gemeinden.huegelland-taeler.de\/wp-content\/uploads\/2025\/06\/Strassenreinigungssatzung-der-Gemeinde-Oberbodnitz.pdf\">Strassenreinigungssatzung-der-Gemeinde-Oberbodnitz<\/a><a href=\"https:\/\/gemeinden.huegelland-taeler.de\/wp-content\/uploads\/2025\/06\/Strassenreinigungssatzung-der-Gemeinde-Oberbodnitz.pdf\" class=\"wp-block-file__button wp-element-button\" download aria-describedby=\"wp-block-file--media-487e4703-c110-40a8-8a92-00b0525695f8\">Herunterladen<\/a><\/div>\n","protected":false},"excerpt":{"rendered":"<p>Hauptsatzung der Gemeinde Oberbodnitz Hebesatzsatzung der Gemeinde Oberbodnitz Hundesteuersatzung der Gemeinde Oberbodnitz Feuerwehrsatzung der Gemeinde Oberbodnitz Feuerwehrgeb\u00fchrensatzung der Gemeinde Oberbodnitz Feuerwehraufwandsentsch\u00e4digungssatzung der Gemeinde Oberbodnitz Friedhofssatzung der Gemeinde Oberbodnitz Friedhofsgeb\u00fchrensatzung der Gemeinde Oberbodnitz \u2013 Friedhof Oberbodnitz Friedhofsgeb\u00fchrensatzung der Gemeinde Oberbodnitz \u2013 Friedhof Seitenbr\u00fcck &nbsp;Nutzungsordnung f\u00fcr die gemeindlichen Objekte in der Gemeinde Oberbodnitz Verwaltungskostensatzung der Gemeinde Oberbodnitz Stra\u00dfenreinigungssatzung der Gemeinde Oberbodnitz<\/p>\n","protected":false},"author":1,"featured_media":0,"parent":755,"menu_order":0,"comment_status":"closed","ping_status":"closed","template":"templates\/template-no-sidebar.php","meta":[],"_links":{"self":[{"href":"https:\/\/gemeinden.huegelland-taeler.de\/index.php?rest_route=\/wp\/v2\/pages\/1024"}],"collection":[{"href":"https:\/\/gemeinden.huegelland-taeler.de\/index.php?rest_route=\/wp\/v2\/pages"}],"about":[{"href":"https:\/\/gemeinden.huegelland-taeler.de\/index.php?rest_route=\/wp\/v2\/types\/page"}],"author":[{"embeddable":true,"href":"https:\/\/gemeinden.huegelland-taeler.de\/index.php?rest_route=\/wp\/v2\/users\/1"}],"replies":[{"embeddable":true,"href":"https:\/\/gemeinden.huegelland-taeler.de\/index.php?rest_route=%2Fwp%2Fv2%2Fcomments&post=1024"}],"version-history":[{"count":13,"href":"https:\/\/gemeinden.huegelland-taeler.de\/index.php?rest_route=\/wp\/v2\/pages\/1024\/revisions"}],"predecessor-version":[{"id":2122,"href":"https:\/\/gemeinden.huegelland-taeler.de\/index.php?rest_route=\/wp\/v2\/pages\/1024\/revisions\/2122"}],"up":[{"embeddable":true,"href":"https:\/\/gemeinden.huegelland-taeler.de\/index.php?rest_route=\/wp\/v2\/pages\/755"}],"wp:attachment":[{"href":"https:\/\/gemeinden.huegelland-taeler.de\/index.php?rest_route=%2Fwp%2Fv2%2Fmedia&parent=1024"}],"curies":[{"name":"wp","href":"https:\/\/api.w.org\/{rel}","templated":true}]}}