{"id":10,"date":"2019-07-24T16:24:06","date_gmt":"2019-07-24T16:24:06","guid":{"rendered":"http:\/\/gemeinden.huegelland-taeler.de\/?page_id=10"},"modified":"2023-02-04T18:06:44","modified_gmt":"2023-02-04T18:06:44","slug":"bremsnitz","status":"publish","type":"page","link":"https:\/\/gemeinden.huegelland-taeler.de\/?page_id=10","title":{"rendered":"Bremsnitz"},"content":{"rendered":"\n<figure class=\"wp-block-image size-large\"><img decoding=\"async\" loading=\"lazy\" width=\"200\" height=\"114\" src=\"http:\/\/gemeinden.huegelland-taeler.de\/wp-content\/uploads\/2019\/08\/bremsnitzKk.gif\" alt=\"\" class=\"wp-image-167\"\/><\/figure>\n\n\n\n<figure class=\"wp-block-table\"><table><tbody><tr><td> <strong>Gemeinde Bremsnitz<\/strong> <\/td><td><\/td><\/tr><tr><td> Bundesland: <\/td><td>Th\u00fcringen <\/td><\/tr><tr><td>Landkreis:<\/td><td>Saale-Holzland-Kreis<\/td><\/tr><tr><td>Fl\u00e4che der Gemarkung:<\/td><td>657 ha<\/td><\/tr><tr><td> Einwohner <\/td><td>149<\/td><\/tr><tr><td> Adresse der Gemeindeverwaltung: <\/td><td>Dorfstra\u00dfe 48a<br>07646 Bremsnitz <\/td><\/tr><tr><td>Postanschrift:<\/td><td> Verwaltungsgemeinschaft \u201cH\u00fcgelland-T\u00e4ler\u201d<br>Gemeinde Bremsnitz<br>Pfarrwinkel 10<br>07646 Tr\u00f6bnitz <\/td><\/tr><tr><td>Telefon Gemeindeb\u00fcro: <\/td><td> 036426 22361 <\/td><\/tr><tr><td>Fax:<\/td><td> 036428 64848 <\/td><\/tr><tr><td>B\u00fcrgermeister: <\/td><td>Tino Fuchs<\/td><\/tr><tr><td>Sprechzeit:<\/td><td>Mittwoch 19.00 &#8211; 20.30 Uhr<\/td><\/tr><tr><td>Telefon:<\/td><td>0172\/3600696 und 036426-50111<\/td><\/tr><tr><td>E-Mail:<\/td><td>gemeindebremsnitz(at)gmail.com<\/td><\/tr><\/tbody><\/table><\/figure>\n\n\n\n<p class=\"has-text-align-left has-background\" style=\"background-color:#daf2d3\"><em><strong><a href=\"https:\/\/gemeinden.huegelland-taeler.de\/?page_id=186\">Haushaltssicherungskonzept der Gemeinde Bremsnitz: hier klicken!<\/a><\/strong><\/em><\/p>\n\n\n\n<p>Satzungen der Gemeinde Bremsnitz <a href=\"https:\/\/gemeinden.huegelland-taeler.de\/?page_id=541\">finden Sie hier!<\/a><\/p>\n\n\n<div class=\"wp-block-image\">\n<figure class=\"alignleft is-resized\"><img decoding=\"async\" loading=\"lazy\" src=\"http:\/\/gemeinden.huegelland-taeler.de\/wp-content\/uploads\/2019\/08\/Magdalenenhof_Bremsnitz-e1567016752864.jpg\" alt=\"\" class=\"wp-image-183\" width=\"322\" height=\"192\" srcset=\"https:\/\/gemeinden.huegelland-taeler.de\/wp-content\/uploads\/2019\/08\/Magdalenenhof_Bremsnitz-e1567016752864.jpg 570w, https:\/\/gemeinden.huegelland-taeler.de\/wp-content\/uploads\/2019\/08\/Magdalenenhof_Bremsnitz-e1567016752864-300x179.jpg 300w\" sizes=\"(max-width: 322px) 100vw, 322px\" \/><figcaption class=\"wp-element-caption\"><a href=\"http:\/\/www.magdalenenhof-bremsnitz.de\/\">\u00dcbernachten im Magdalenenhof Bremsnitz<\/a><\/figcaption><\/figure><\/div>\n\n<div class=\"wp-block-image\">\n<figure class=\"alignleft is-resized\"><img decoding=\"async\" loading=\"lazy\" src=\"https:\/\/gemeinden.huegelland-taeler.de\/wp-content\/uploads\/2019\/08\/Bremsnitz18a-1.jpg\" alt=\"\" class=\"wp-image-181\" width=\"276\" height=\"184\" srcset=\"https:\/\/gemeinden.huegelland-taeler.de\/wp-content\/uploads\/2019\/08\/Bremsnitz18a-1.jpg 400w, https:\/\/gemeinden.huegelland-taeler.de\/wp-content\/uploads\/2019\/08\/Bremsnitz18a-1-300x200.jpg 300w\" sizes=\"(max-width: 276px) 100vw, 276px\" \/><figcaption class=\"wp-element-caption\"><a href=\"https:\/\/gemeinden.huegelland-taeler.de\/?page_id=1400\" data-type=\"page\" data-id=\"1400\">Bildergalerie Bremsnitz<\/a><\/figcaption><\/figure><\/div>\n\n<div class=\"wp-block-image\">\n<figure class=\"alignright is-resized\"><img decoding=\"async\" loading=\"lazy\" src=\"https:\/\/gemeinden.huegelland-taeler.de\/wp-content\/uploads\/2019\/08\/Bremsnitz.jpg\" alt=\"\" class=\"wp-image-182\" width=\"213\" height=\"330\" srcset=\"https:\/\/gemeinden.huegelland-taeler.de\/wp-content\/uploads\/2019\/08\/Bremsnitz.jpg 349w, https:\/\/gemeinden.huegelland-taeler.de\/wp-content\/uploads\/2019\/08\/Bremsnitz-194x300.jpg 194w\" sizes=\"(max-width: 213px) 100vw, 213px\" \/><figcaption class=\"wp-element-caption\"><a href=\"https:\/\/gemeinden.huegelland-taeler.de\/?page_id=198\">Ortsgeschichte Bremsnitz<\/a><\/figcaption><\/figure><\/div>\n\n<div class=\"wp-block-image\">\n<figure class=\"alignleft size-large is-resized\"><a href=\"https:\/\/gemeinden.huegelland-taeler.de\/?page_id=209\"><img decoding=\"async\" loading=\"lazy\" src=\"https:\/\/gemeinden.huegelland-taeler.de\/wp-content\/uploads\/2019\/12\/Natur_und_HeimatvereinTalerdorfer.gif\" alt=\"\" class=\"wp-image-205\" width=\"315\" height=\"271\"\/><\/a><figcaption class=\"wp-element-caption\"><a href=\"https:\/\/gemeinden.huegelland-taeler.de\/?page_id=209\">Natur- und Heimatverein T\u00e4lerd\u00f6rfer e.V.<\/a><\/figcaption><\/figure><\/div>\n\n\n<p><\/p>\n","protected":false},"excerpt":{"rendered":"<p>Gemeinde Bremsnitz Bundesland: Th\u00fcringen Landkreis: Saale-Holzland-Kreis Fl\u00e4che der Gemarkung: 657 ha Einwohner 149 Adresse der Gemeindeverwaltung: Dorfstra\u00dfe 48a07646 Bremsnitz Postanschrift: Verwaltungsgemeinschaft \u201cH\u00fcgelland-T\u00e4ler\u201dGemeinde BremsnitzPfarrwinkel 1007646 Tr\u00f6bnitz Telefon Gemeindeb\u00fcro: 036426 22361 Fax: 036428 64848 B\u00fcrgermeister: Tino Fuchs Sprechzeit: Mittwoch 19.00 &#8211; 20.30 Uhr Telefon: 0172\/3600696 und 036426-50111 E-Mail: gemeindebremsnitz(at)gmail.com Haushaltssicherungskonzept der Gemeinde Bremsnitz: hier klicken! Satzungen der Gemeinde Bremsnitz finden Sie hier!<\/p>\n","protected":false},"author":1,"featured_media":0,"parent":8,"menu_order":0,"comment_status":"closed","ping_status":"closed","template":"templates\/template-fullwidth.php","meta":[],"_links":{"self":[{"href":"https:\/\/gemeinden.huegelland-taeler.de\/index.php?rest_route=\/wp\/v2\/pages\/10"}],"collection":[{"href":"https:\/\/gemeinden.huegelland-taeler.de\/index.php?rest_route=\/wp\/v2\/pages"}],"about":[{"href":"https:\/\/gemeinden.huegelland-taeler.de\/index.php?rest_route=\/wp\/v2\/types\/page"}],"author":[{"embeddable":true,"href":"https:\/\/gemeinden.huegelland-taeler.de\/index.php?rest_route=\/wp\/v2\/users\/1"}],"replies":[{"embeddable":true,"href":"https:\/\/gemeinden.huegelland-taeler.de\/index.php?rest_route=%2Fwp%2Fv2%2Fcomments&post=10"}],"version-history":[{"count":31,"href":"https:\/\/gemeinden.huegelland-taeler.de\/index.php?rest_route=\/wp\/v2\/pages\/10\/revisions"}],"predecessor-version":[{"id":1577,"href":"https:\/\/gemeinden.huegelland-taeler.de\/index.php?rest_route=\/wp\/v2\/pages\/10\/revisions\/1577"}],"up":[{"embeddable":true,"href":"https:\/\/gemeinden.huegelland-taeler.de\/index.php?rest_route=\/wp\/v2\/pages\/8"}],"wp:attachment":[{"href":"https:\/\/gemeinden.huegelland-taeler.de\/index.php?rest_route=%2Fwp%2Fv2%2Fmedia&parent=10"}],"curies":[{"name":"wp","href":"https:\/\/api.w.org\/{rel}","templated":true}]}}